{"id":46163,"date":"2022-11-30T14:09:57","date_gmt":"2022-11-30T14:09:57","guid":{"rendered":"https:\/\/contemporaneaeventi.com\/avis-juridique\/"},"modified":"2024-04-25T12:07:02","modified_gmt":"2024-04-25T12:07:02","slug":"avis-juridique","status":"publish","type":"page","link":"https:\/\/contemporaneaeventi.com\/fr\/avis-juridique\/","title":{"rendered":"AVIS JURIDIQUE"},"content":{"rendered":"<p>[vc_row][vc_column][vc_column_text]<\/p>\n<h4>1. INFORMATIONS SUR L&rsquo;ENTREPRISE<\/h4>\n<p>Conform\u00e9ment \u00e0 la loi 34\/2002, du 11 juillet, relative aux services de la soci\u00e9t\u00e9 de l&rsquo;information et au commerce \u00e9lectronique, CONTEMPORANEA EVENTI SLU vous informe qu&rsquo;elle est propri\u00e9taire des sites Web suivants : www.contemporaneaeventi.com. Conform\u00e9ment aux dispositions de l&rsquo;article 10 de ladite loi, elle communique les donn\u00e9es suivantes : NIF\/CIF : B64290521, Registre du commerce de BARCELONE, Volume : 38859, Folio : 135, S 8, Page : B 338456, et si\u00e8ge social : VIA AGUSTA, 125. 08006 BARCELONE, BARCELONE. L&rsquo;adresse \u00e9lectronique pour contacter l&rsquo;entreprise est la suivante : gabriel@contemporaneaeventi.com. In accordance with the requirements of article 10 of the aforementioned Law, it hereby notifies the following data: NIF\/CIF: B64290521, Commercial Register of BARCELONA, Volume: 38859, Folio: 135, S 8, Page: B 338456, and registered address: VIA AGUSTA, 125. 08006 BARCELONA, BARCELONA. The e-mail address for contacting the company is: gabriel@contemporaneaeventi.com.<\/p>\n<h4>2. UTILISATEUR ET SYST\u00c8ME DE RESPONSABILIT\u00c9S<\/h4>\n<p>Le fait de naviguer, d&rsquo;acc\u00e9der ou d&rsquo;utiliser le site web et tous les sous-domaines et r\u00e9pertoires inclus dans le m\u00eame domaine, ainsi que les services ou contenus qui peuvent \u00eatre obtenus \u00e0 travers celui-ci et tous les portails appartenant \u00e0 CONTEMPORANEA EVENTI SLU, conf\u00e8re la condition d&rsquo;Utilisateur, par laquelle vous acceptez, en naviguant sur le site web de CONTEMPORANEA EVENTI SLU, toutes les conditions d&rsquo;utilisation qui sont \u00e9tablies sans pr\u00e9judice de l&rsquo;application des r\u00e9glementations correspondantes de respect l\u00e9gal obligatoire, le cas \u00e9ch\u00e9ant.<\/p>\n<p>Par cons\u00e9quent, si vous n&rsquo;\u00eates pas d&rsquo;accord avec les consid\u00e9rations d\u00e9taill\u00e9es dans le pr\u00e9sent avis juridique, veuillez ne pas utiliser le portail, car toute utilisation que vous ferez de celui-ci ou des services et contenus qui y sont inclus impliquera l&rsquo;acceptation des conditions juridiques \u00e9nonc\u00e9es dans ce texte.<\/p>\n<p>Le site web CONTEMPORANEA EVENTI SLU fournit un large \u00e9ventail d&rsquo;informations, de services et de donn\u00e9es. L&rsquo;utilisateur assume la responsabilit\u00e9 de l&rsquo;utilisation correcte du site. Cette responsabilit\u00e9 s&rsquo;\u00e9tend \u00e0 La v\u00e9racit\u00e9 et la l\u00e9galit\u00e9 des informations fournies par l&rsquo;utilisateur dans les formulaires d&rsquo;enregistrement et de contact de CONTEMPORANEA EVENTI SLU, pour acc\u00e9der \u00e0 certains contenus ou services offerts par le site web.<\/p>\n<p>L&rsquo;utilisation des informations, services et donn\u00e9es offerts par CONTEMPORANEA EVENTI SLU n&rsquo;ira pas \u00e0 l&rsquo;encontre des dispositions de ces clauses, de la loi, de la morale, des bonnes coutumes ou de l&rsquo;ordre public, ce qui pourrait entra\u00eener une atteinte aux droits des tiers ou au fonctionnement des sites web. \u00c0 cet effet, l&rsquo;utilisateur s&rsquo;abstiendra d&rsquo;utiliser les contenus \u00e0 des fins illicites, interdites par le pr\u00e9sent texte, pr\u00e9judiciables aux droits et aux int\u00e9r\u00eats des tiers, ou susceptibles d&rsquo;endommager, de rendre inutilisable, de surcharger, de d\u00e9t\u00e9riorer ou d&#8217;emp\u00eacher l&rsquo;utilisation normale des contenus, des autres utilisateurs ou de n&rsquo;importe quel utilisateur d&rsquo;Internet (mat\u00e9riel et logiciel).<\/p>\n<p>Les utilisateurs sont responsables des dommages de toute nature que l&rsquo;entit\u00e9 propri\u00e9taire du site web pourrait subir, directement ou indirectement, en raison du non-respect de l&rsquo;une quelconque des obligations d\u00e9coulant de l&rsquo;utilisation du site web et de la pr\u00e9sente politique de protection de la vie priv\u00e9e.<\/p>\n<p>En particulier, et \u00e0 titre d&rsquo;exemple seulement et sans limitation, l&rsquo;utilisateur s&rsquo;engage \u00e0 ne pas transmettre, diffuser ou mettre \u00e0 la disposition de tiers des informations, donn\u00e9es, contenus, messages, graphiques, dessins, fichiers son et\/ou image, photographies provenant de ce site web.<\/p>\n<h2>POLITIQUE DE CONFIDENTIALIT\u00c9<\/h2>\n<h4>1. POLITIQUE DE LIENS ET CLAUSE DE NON-RESPONSABILIT\u00c9<\/h4>\n<p>CONTEMPORANEA EVENTI SLU n&rsquo;est pas responsable du contenu des pages web auxquelles l&rsquo;utilisateur peut acc\u00e9der \u00e0 travers les liens \u00e9tablis sur ses sites web et d\u00e9clare qu&rsquo;en aucun cas elle n&rsquo;examinera ou n&rsquo;exercera un quelconque contr\u00f4le sur le contenu d&rsquo;autres pages du r\u00e9seau.<\/p>\n<p>Elle ne garantit pas non plus la disponibilit\u00e9 technique, l&rsquo;exactitude, la v\u00e9racit\u00e9, la validit\u00e9 ou la l\u00e9galit\u00e9 des pages ext\u00e9rieures \u00e0 sa propri\u00e9t\u00e9 auxquelles il est possible d&rsquo;acc\u00e9der \u00e0 travers les liens de ce site web.<\/p>\n<p>CONTEMPORANEA EVENTI SLU d\u00e9clare avoir pris toutes les mesures n\u00e9cessaires pour \u00e9viter tout dommage pouvant d\u00e9couler de la navigation sur son site web. Par cons\u00e9quent, CONTEMPORANEA EVENTI SLU n&rsquo;est en aucun cas responsable des dommages que l&rsquo;utilisateur pourrait subir \u00e0 la suite de sa navigation sur Internet.<\/p>\n<p>CONTEMPORANEA EVENTI SLU n&rsquo;est pas responsable des dommages de toute nature caus\u00e9s \u00e0 l&rsquo;utilisateur en raison de d\u00e9faillances ou de d\u00e9connexions des r\u00e9seaux de t\u00e9l\u00e9communications qui entra\u00eenent la suspension, l&rsquo;annulation, l&rsquo;installation ou l&rsquo;interruption du service du site Web pendant ou avant la fourniture de ce dernier.<\/p>\n<p>L&rsquo;acc\u00e8s au site web www.contemporaneaeventi.com n&rsquo;implique aucune obligation de la part de l&rsquo;entit\u00e9 de contr\u00f4ler l&rsquo;absence de virus ou de tout autre \u00e9l\u00e9ment informatique nuisible. Il appartient \u00e0 l&rsquo;utilisateur, dans tous les cas, de disposer d&rsquo;outils ad\u00e9quats pour la d\u00e9tection, la d\u00e9sinfection et la protection des programmes informatiques nuisibles.<\/p>\n<p>CONTEMPORANEA EVENTI SLU n&rsquo;est pas responsable des dommages caus\u00e9s au mat\u00e9riel informatique, aux documents et\/ou aux fichiers des utilisateurs ou de tiers lors de la prestation du service sur ce portail Web.<\/p>\n<h4>2. PUBLICIT\u00c9<\/h4>\n<p>Le site web : www.contemporaneaeventi.com peut h\u00e9berger de la publicit\u00e9 ou du contenu sponsoris\u00e9. Les annonceurs ou les sponsors sont les seuls responsables de la conformit\u00e9 du mat\u00e9riel qu&rsquo;ils soumettent pour inclusion sur le site Web avec les lois applicables dans chaque cas.<\/p>\n<p>CONTEMPORANEA EVENTI SLU n&rsquo;est pas responsable des erreurs, impr\u00e9cisions ou irr\u00e9gularit\u00e9s que pourraient contenir les contenus publicitaires ou les sponsors de ce site.<\/p>\n<h4>3. MODIFICATIONS<\/h4>\n<p>CONTEMPORANEA EVENTI SLU se r\u00e9serve le droit d&rsquo;apporter, sans pr\u00e9avis, toutes les modifications qu&rsquo;elle juge opportunes au contenu de son site web, tant en ce qui concerne le contenu que les conditions d&rsquo;utilisation ou les conditions g\u00e9n\u00e9rales du contrat. Ces modifications pourront \u00eatre effectu\u00e9es, par le biais de ses sites web, de toute mani\u00e8re l\u00e9galement admissible et seront contraignantes tant qu&rsquo;elles seront publi\u00e9es sur le site web et jusqu&rsquo;\u00e0 ce qu&rsquo;elles soient modifi\u00e9es par des modifications ult\u00e9rieures.<\/p>\n<h4>4. PROPRI\u00c9T\u00c9 INTELLECTUELLE<\/h4>\n<p>Les droits de propri\u00e9t\u00e9 intellectuelle et industrielle d\u00e9riv\u00e9s de tous les textes, images, ainsi que les moyens et formes de pr\u00e9sentation et d&rsquo;assemblage de ses pages appartiennent, en propre ou en tant que cessionnaire, \u00e0 CONTEMPORANEA EVENTI SLU. Il s&rsquo;agit donc d&rsquo;\u0153uvres prot\u00e9g\u00e9es par la propri\u00e9t\u00e9 intellectuelle dans le cadre du syst\u00e8me juridique espagnol et il est possible d&rsquo;appliquer la r\u00e9glementation espagnole et communautaire en la mati\u00e8re, ainsi que les trait\u00e9s internationaux relatifs au sujet et sign\u00e9s par l&rsquo;Espagne, le d\u00e9cret-loi royal 1\/1996 et ses modifications ult\u00e9rieures.<\/p>\n<p>Directive-UE-2019\/790 du Parlement europ\u00e9en et du Conseil du 17 avril 2019 relative au droit d&rsquo;auteur et aux droits voisins dans le march\u00e9 unique num\u00e9rique.<\/p>\n<p>Tous droits r\u00e9serv\u00e9s. Conform\u00e9ment \u00e0 la loi sur la propri\u00e9t\u00e9 intellectuelle, la reproduction, la distribution, la communication publique et l&rsquo;utilisation de tout ou partie du contenu de ses pages web sans le consentement explicite de CONTEMPORANEA EVENTI SLU est express\u00e9ment interdite.<\/p>\n<p>De m\u00eame, CONTEMPORANEA EVENTI SLU se r\u00e9serve le droit d&rsquo;intenter les actions civiles ou p\u00e9nales qu&rsquo;elle jugera opportunes en cas d&rsquo;utilisation impropre de ses pages web et de ses contenus ou d&rsquo;infraction aux pr\u00e9sentes conditions.<\/p>\n<h4>5. LSSI-CE ET CERTIFICATS DE PROTECTION DES DONN\u00c9ES<\/h4>\n<p>Afin d&rsquo;adapter le site web www.contemporaneaeventi.com, CONTEMPORANEA EVENTI SLU a \u00e9t\u00e9 conseill\u00e9e en mati\u00e8re de protection des donn\u00e9es et de r\u00e9glementation LSSI-CE par GRUP QUALIA, ce qui lui a permis d&rsquo;obtenir un certificat sous forme d&rsquo;image num\u00e9rique afin de pouvoir l&rsquo;afficher sur ce site web.<\/p>\n<h4>6. ACTIONS EN JUSTICE, LOI APPLICABLE ET JURIDICTION<\/h4>\n<p>La relation entre l&rsquo;utilisateur et CONTEMPORANEA EVENTI SLU est r\u00e9gie par la l\u00e9gislation espagnole en vigueur et les tribunaux de l&rsquo;arrondissement judiciaire de BARCELONE sont comp\u00e9tents pour trancher tout litige pouvant survenir entre l&rsquo;utilisateur et CONTEMPORANEA EVENTI SLU.<\/p>\n<h4>7. R\u00c9SERVATION DE COOKIES<\/h4>\n<p>CONTEMPORANEA EVENTI SLU se r\u00e9serve le droit d&rsquo;utiliser des cookies dans la navigation de l&rsquo;utilisateur sur ses sites web afin de faciliter la personnalisation et la commodit\u00e9 de la navigation. Conform\u00e9ment \u00e0 la politique de protection des donn\u00e9es de l&rsquo;entit\u00e9, CONTEMPORANEA EVENTI SLU informe que les cookies sont associ\u00e9s \u00e0 l&rsquo;utilisateur anonyme et \u00e0 son ordinateur et ne fournissent pas en eux-m\u00eames les donn\u00e9es personnelles de l&rsquo;utilisateur.<\/p>\n<p>\u00c0 cet \u00e9gard, conform\u00e9ment \u00e0 l&rsquo;arr\u00eat de la Grande Chambre de justice de l&rsquo;Union europ\u00e9enne du 1er octobre 2019, et par le Guide AEPD de juillet 2020, notre \u00a0\u00bb politique de cookies \u00a0\u00bb informe l&rsquo;utilisateur de la dur\u00e9e pendant laquelle ces cookies resteront actifs sur le terminal de l&rsquo;utilisateur et de la possibilit\u00e9 pour des tiers d&rsquo;avoir acc\u00e8s aux informations qu&rsquo;ils stockent. Cet arr\u00eat modifie l&rsquo;article 5, paragraphe 3, de la directive 2002\/58 par la directive 2009\/136.<\/p>\n<p>Suite \u00e0 cette d\u00e9cision et au contenu du Guide AEPD de juillet 2020, l&rsquo;utilisateur a la possibilit\u00e9 d&rsquo;accepter ou de refuser explicitement l&rsquo;utilisation de cookies et de recevoir plus d&rsquo;informations \u00e0 leur sujet. En outre, l&rsquo;utilisateur a la possibilit\u00e9 de configurer son navigateur de mani\u00e8re \u00e0 \u00eatre inform\u00e9 de la r\u00e9ception de cookies, avec la possibilit\u00e9, s&rsquo;il le souhaite, d&#8217;emp\u00eacher leur installation sur son disque dur. A cet \u00e9gard, l&rsquo;installation de cookies n&rsquo;est pas obligatoire pour acc\u00e9der aux sites web de CONTEMPORANEA EVENTI SLU.<\/p>\n<p>L&rsquo;utilisateur s&rsquo;engage \u00e0 ne pas reproduire, copier, distribuer, mettre \u00e0 la disposition de tiers ou communiquer publiquement des informations ou transformer et modifier les contenus, \u00e0 moins d&rsquo;y \u00eatre autoris\u00e9 par le titulaire des droits correspondants.<\/p>\n<h4>8. PROTECTION DES DONN\u00c9ES PERSONNELLES<\/h4>\n<p>Ces donn\u00e9es seront introduites dans un fichier automatis\u00e9 sous la responsabilit\u00e9 de l&rsquo;administrateur du site web de CONTEMPORANEA EVENTI SLU afin de faciliter, d&rsquo;acc\u00e9l\u00e9rer et de respecter les engagements \u00e9tablis entre les deux parties. De m\u00eame, CONTEMPORANEA EVENTI SLU informe de la possibilit\u00e9 d&rsquo;exercer les droits d&rsquo;acc\u00e8s, ce qui permet \u00e0 l&rsquo;internaute de savoir quelles sont les donn\u00e9es personnelles dont dispose l&rsquo;administrateur de cette page et, dans ce cas, il r\u00e9pondra dans un d\u00e9lai de 30 jours, \u00e0 condition qu&rsquo;il conserve les donn\u00e9es personnelles, de rectification, ce qui permet de corriger les erreurs dans les donn\u00e9es personnelles, de modifier celles qui sont inexactes ou incompl\u00e8tes et d&rsquo;assurer l&rsquo;exactitude de l&rsquo;information, d&rsquo;opposition qui peut demander et obtenir que le traitement des donn\u00e9es ne soit pas effectu\u00e9, Ces droits peuvent \u00eatre exerc\u00e9s par tout moyen fournissant une preuve d&rsquo;envoi et de r\u00e9ception \u00e0 l&rsquo;adresse de l&rsquo;administrateur de ce site web ou \u00e0 l&rsquo;adresse \u00e9lectronique : gabriel@contemporaneaeventi.com, en fournissant une photocopie de votre carte d&rsquo;identit\u00e9 ou d&rsquo;autres documents prouvant votre identit\u00e9.<\/p>\n<p>Ces donn\u00e9es seront introduites dans un fichier automatis\u00e9 sous la responsabilit\u00e9 de l&rsquo;administrateur du site web de CONTEMPORANEA EVENTI SLU afin de faciliter, d&rsquo;acc\u00e9l\u00e9rer et de respecter les engagements \u00e9tablis entre les deux parties. De m\u00eame, CONTEMPORANEA EVENTI SLU informe de la possibilit\u00e9 d&rsquo;exercer les droits d&rsquo;acc\u00e8s, ce qui permet \u00e0 l&rsquo;internaute de savoir quelles sont les donn\u00e9es personnelles dont dispose l&rsquo;administrateur de cette page et, dans ce cas, il r\u00e9pondra dans un d\u00e9lai de 30 jours, \u00e0 condition qu&rsquo;il conserve les donn\u00e9es personnelles, de rectification, ce qui permet de corriger les erreurs dans les donn\u00e9es personnelles, de modifier celles qui sont inexactes ou incompl\u00e8tes et d&rsquo;assurer l&rsquo;exactitude de l&rsquo;information, d&rsquo;opposition qui peut demander et obtenir que le traitement des donn\u00e9es ne soit pas effectu\u00e9, Ces droits peuvent \u00eatre exerc\u00e9s par tout moyen fournissant une preuve d&rsquo;envoi et de r\u00e9ception \u00e0 l&rsquo;adresse de l&rsquo;administrateur de ce site web ou \u00e0 l&rsquo;adresse \u00e9lectronique : gabriel@contemporaneaeventi.com, en fournissant une photocopie de votre carte d&rsquo;identit\u00e9 ou d&rsquo;autres documents prouvant votre identit\u00e9.<\/p>\n<p>Tant que vous ne nous informez pas du contraire, nous consid\u00e9rons que vos donn\u00e9es n&rsquo;ont pas \u00e9t\u00e9 modifi\u00e9es, que vous vous engagez \u00e0 nous informer de toute modification et que nous avons le consentement de les utiliser dans le cadre de la relation entre les parties.<br \/>\nL&rsquo;envoi de vos donn\u00e9es via le(s) formulaire(s) de notre site web sera subordonn\u00e9 \u00e0 la lecture\/acceptation de la politique de confidentialit\u00e9, par le biais d&rsquo;une case \u00e0 cocher obligatoire au bas du formulaire d&rsquo;inscription ou de contact.<\/p>\n<p>Conform\u00e9ment aux dispositions de l&rsquo;article 21 de la loi 34\/2002 relative aux services de la soci\u00e9t\u00e9 de l&rsquo;information et au commerce \u00e9lectronique, nous vous demandons votre consentement pour pouvoir vous envoyer des communications publicitaires ou des informations sur notre entreprise que nous consid\u00e9rons comme susceptibles de vous int\u00e9resser, par courrier \u00e9lectronique ou par tout autre moyen de communication \u00e9lectronique \u00e9quivalent. Ce consentement sera accord\u00e9, ou non, en acceptant la politique de confidentialit\u00e9 dans la case \u00e0 cocher susmentionn\u00e9e au bas du formulaire d&rsquo;inscription et\/ou de contact.<br \/>\n[\/vc_column_text][\/vc_column][\/vc_row]<\/p>\n","protected":false},"excerpt":{"rendered":"<p>[vc_row][vc_column][vc_column_text] 1. INFORMATIONS SUR L&rsquo;ENTREPRISE Conform\u00e9ment \u00e0 la loi 34\/2002, du 11 juillet, relative aux services de la soci\u00e9t\u00e9 de l&rsquo;information et au commerce \u00e9lectronique, CONTEMPORANEA EVENTI SLU vous informe qu&rsquo;elle est propri\u00e9taire des sites Web suivants : www.contemporaneaeventi.com. Conform\u00e9ment [&hellip;]<\/p>\n","protected":false},"author":0,"featured_media":0,"parent":0,"menu_order":0,"comment_status":"closed","ping_status":"closed","template":"","meta":{"inline_featured_image":false,"footnotes":""},"class_list":["post-46163","page","type-page","status-publish","hentry"],"yoast_head":"<!-- This site is optimized with the Yoast SEO plugin v27.4 - https:\/\/yoast.com\/product\/yoast-seo-wordpress\/ -->\n<title>AVIS JURIDIQUE - Contemporanea Eventi<\/title>\n<meta name=\"robots\" content=\"noindex, nofollow\" \/>\n<meta property=\"og:locale\" content=\"fr_FR\" \/>\n<meta property=\"og:type\" content=\"article\" \/>\n<meta property=\"og:title\" content=\"AVIS JURIDIQUE - Contemporanea Eventi\" \/>\n<meta property=\"og:description\" content=\"[vc_row][vc_column][vc_column_text] 1. INFORMATIONS SUR L&rsquo;ENTREPRISE Conform\u00e9ment \u00e0 la loi 34\/2002, du 11 juillet, relative aux services de la soci\u00e9t\u00e9 de l&rsquo;information et au commerce \u00e9lectronique, CONTEMPORANEA EVENTI SLU vous informe qu&rsquo;elle est propri\u00e9taire des sites Web suivants : www.contemporaneaeventi.com. Conform\u00e9ment [&hellip;]\" \/>\n<meta property=\"og:url\" content=\"https:\/\/contemporaneaeventi.com\/fr\/avis-juridique\/\" \/>\n<meta property=\"og:site_name\" content=\"Contemporanea Eventi\" \/>\n<meta property=\"article:modified_time\" content=\"2024-04-25T12:07:02+00:00\" \/>\n<meta property=\"og:image\" content=\"https:\/\/contemporaneaeventi.com\/wp-content\/uploads\/2023\/08\/cropped-favicon.png\" \/>\n\t<meta property=\"og:image:width\" content=\"512\" \/>\n\t<meta property=\"og:image:height\" content=\"512\" \/>\n\t<meta property=\"og:image:type\" content=\"image\/png\" \/>\n<meta name=\"twitter:card\" content=\"summary_large_image\" \/>\n<meta name=\"twitter:label1\" content=\"Dur\u00e9e de lecture estim\u00e9e\" \/>\n\t<meta name=\"twitter:data1\" content=\"10 minutes\" \/>\n<script type=\"application\/ld+json\" class=\"yoast-schema-graph\">{\"@context\":\"https:\\\/\\\/schema.org\",\"@graph\":[{\"@type\":\"WebPage\",\"@id\":\"https:\\\/\\\/contemporaneaeventi.com\\\/fr\\\/avis-juridique\\\/\",\"url\":\"https:\\\/\\\/contemporaneaeventi.com\\\/fr\\\/avis-juridique\\\/\",\"name\":\"AVIS JURIDIQUE - Contemporanea Eventi\",\"isPartOf\":{\"@id\":\"https:\\\/\\\/www.contemporaneaeventi.com\\\/fr\\\/#website\"},\"datePublished\":\"2022-11-30T14:09:57+00:00\",\"dateModified\":\"2024-04-25T12:07:02+00:00\",\"breadcrumb\":{\"@id\":\"https:\\\/\\\/contemporaneaeventi.com\\\/fr\\\/avis-juridique\\\/#breadcrumb\"},\"inLanguage\":\"fr-FR\",\"potentialAction\":[{\"@type\":\"ReadAction\",\"target\":[\"https:\\\/\\\/contemporaneaeventi.com\\\/fr\\\/avis-juridique\\\/\"]}]},{\"@type\":\"BreadcrumbList\",\"@id\":\"https:\\\/\\\/contemporaneaeventi.com\\\/fr\\\/avis-juridique\\\/#breadcrumb\",\"itemListElement\":[{\"@type\":\"ListItem\",\"position\":1,\"name\":\"Portada\",\"item\":\"https:\\\/\\\/contemporaneaeventi.com\\\/fr\\\/\"},{\"@type\":\"ListItem\",\"position\":2,\"name\":\"AVIS JURIDIQUE\"}]},{\"@type\":\"WebSite\",\"@id\":\"https:\\\/\\\/www.contemporaneaeventi.com\\\/fr\\\/#website\",\"url\":\"https:\\\/\\\/www.contemporaneaeventi.com\\\/fr\\\/\",\"name\":\"Contemporanea Eventi\",\"description\":\"Contemporanea Eventi - WE \u2764 STANDS\",\"publisher\":{\"@id\":\"https:\\\/\\\/www.contemporaneaeventi.com\\\/fr\\\/#organization\"},\"potentialAction\":[{\"@type\":\"SearchAction\",\"target\":{\"@type\":\"EntryPoint\",\"urlTemplate\":\"https:\\\/\\\/www.contemporaneaeventi.com\\\/fr\\\/?s={search_term_string}\"},\"query-input\":{\"@type\":\"PropertyValueSpecification\",\"valueRequired\":true,\"valueName\":\"search_term_string\"}}],\"inLanguage\":\"fr-FR\"},{\"@type\":\"Organization\",\"@id\":\"https:\\\/\\\/www.contemporaneaeventi.com\\\/fr\\\/#organization\",\"name\":\"Contemporanea Eventi\",\"alternateName\":\"Contemporanea Eventi\",\"url\":\"https:\\\/\\\/www.contemporaneaeventi.com\\\/fr\\\/\",\"logo\":{\"@type\":\"ImageObject\",\"inLanguage\":\"fr-FR\",\"@id\":\"https:\\\/\\\/www.contemporaneaeventi.com\\\/fr\\\/#\\\/schema\\\/logo\\\/image\\\/\",\"url\":\"https:\\\/\\\/contemporaneaeventi.com\\\/wp-content\\\/uploads\\\/2023\\\/05\\\/07-home.jpg\",\"contentUrl\":\"https:\\\/\\\/contemporaneaeventi.com\\\/wp-content\\\/uploads\\\/2023\\\/05\\\/07-home.jpg\",\"width\":900,\"height\":900,\"caption\":\"Contemporanea Eventi\"},\"image\":{\"@id\":\"https:\\\/\\\/www.contemporaneaeventi.com\\\/fr\\\/#\\\/schema\\\/logo\\\/image\\\/\"}}]}<\/script>\n<!-- \/ Yoast SEO plugin. -->","yoast_head_json":{"title":"AVIS JURIDIQUE - Contemporanea Eventi","robots":{"index":"noindex","follow":"nofollow"},"og_locale":"fr_FR","og_type":"article","og_title":"AVIS JURIDIQUE - Contemporanea Eventi","og_description":"[vc_row][vc_column][vc_column_text] 1. INFORMATIONS SUR L&rsquo;ENTREPRISE Conform\u00e9ment \u00e0 la loi 34\/2002, du 11 juillet, relative aux services de la soci\u00e9t\u00e9 de l&rsquo;information et au commerce \u00e9lectronique, CONTEMPORANEA EVENTI SLU vous informe qu&rsquo;elle est propri\u00e9taire des sites Web suivants : www.contemporaneaeventi.com. Conform\u00e9ment [&hellip;]","og_url":"https:\/\/contemporaneaeventi.com\/fr\/avis-juridique\/","og_site_name":"Contemporanea Eventi","article_modified_time":"2024-04-25T12:07:02+00:00","og_image":[{"width":512,"height":512,"url":"https:\/\/contemporaneaeventi.com\/wp-content\/uploads\/2023\/08\/cropped-favicon.png","type":"image\/png"}],"twitter_card":"summary_large_image","twitter_misc":{"Dur\u00e9e de lecture estim\u00e9e":"10 minutes"},"schema":{"@context":"https:\/\/schema.org","@graph":[{"@type":"WebPage","@id":"https:\/\/contemporaneaeventi.com\/fr\/avis-juridique\/","url":"https:\/\/contemporaneaeventi.com\/fr\/avis-juridique\/","name":"AVIS JURIDIQUE - Contemporanea Eventi","isPartOf":{"@id":"https:\/\/www.contemporaneaeventi.com\/fr\/#website"},"datePublished":"2022-11-30T14:09:57+00:00","dateModified":"2024-04-25T12:07:02+00:00","breadcrumb":{"@id":"https:\/\/contemporaneaeventi.com\/fr\/avis-juridique\/#breadcrumb"},"inLanguage":"fr-FR","potentialAction":[{"@type":"ReadAction","target":["https:\/\/contemporaneaeventi.com\/fr\/avis-juridique\/"]}]},{"@type":"BreadcrumbList","@id":"https:\/\/contemporaneaeventi.com\/fr\/avis-juridique\/#breadcrumb","itemListElement":[{"@type":"ListItem","position":1,"name":"Portada","item":"https:\/\/contemporaneaeventi.com\/fr\/"},{"@type":"ListItem","position":2,"name":"AVIS JURIDIQUE"}]},{"@type":"WebSite","@id":"https:\/\/www.contemporaneaeventi.com\/fr\/#website","url":"https:\/\/www.contemporaneaeventi.com\/fr\/","name":"Contemporanea Eventi","description":"Contemporanea Eventi - WE \u2764 STANDS","publisher":{"@id":"https:\/\/www.contemporaneaeventi.com\/fr\/#organization"},"potentialAction":[{"@type":"SearchAction","target":{"@type":"EntryPoint","urlTemplate":"https:\/\/www.contemporaneaeventi.com\/fr\/?s={search_term_string}"},"query-input":{"@type":"PropertyValueSpecification","valueRequired":true,"valueName":"search_term_string"}}],"inLanguage":"fr-FR"},{"@type":"Organization","@id":"https:\/\/www.contemporaneaeventi.com\/fr\/#organization","name":"Contemporanea Eventi","alternateName":"Contemporanea Eventi","url":"https:\/\/www.contemporaneaeventi.com\/fr\/","logo":{"@type":"ImageObject","inLanguage":"fr-FR","@id":"https:\/\/www.contemporaneaeventi.com\/fr\/#\/schema\/logo\/image\/","url":"https:\/\/contemporaneaeventi.com\/wp-content\/uploads\/2023\/05\/07-home.jpg","contentUrl":"https:\/\/contemporaneaeventi.com\/wp-content\/uploads\/2023\/05\/07-home.jpg","width":900,"height":900,"caption":"Contemporanea Eventi"},"image":{"@id":"https:\/\/www.contemporaneaeventi.com\/fr\/#\/schema\/logo\/image\/"}}]}},"_links":{"self":[{"href":"https:\/\/contemporaneaeventi.com\/fr\/wp-json\/wp\/v2\/pages\/46163","targetHints":{"allow":["GET"]}}],"collection":[{"href":"https:\/\/contemporaneaeventi.com\/fr\/wp-json\/wp\/v2\/pages"}],"about":[{"href":"https:\/\/contemporaneaeventi.com\/fr\/wp-json\/wp\/v2\/types\/page"}],"replies":[{"embeddable":true,"href":"https:\/\/contemporaneaeventi.com\/fr\/wp-json\/wp\/v2\/comments?post=46163"}],"version-history":[{"count":7,"href":"https:\/\/contemporaneaeventi.com\/fr\/wp-json\/wp\/v2\/pages\/46163\/revisions"}],"predecessor-version":[{"id":46170,"href":"https:\/\/contemporaneaeventi.com\/fr\/wp-json\/wp\/v2\/pages\/46163\/revisions\/46170"}],"wp:attachment":[{"href":"https:\/\/contemporaneaeventi.com\/fr\/wp-json\/wp\/v2\/media?parent=46163"}],"curies":[{"name":"wp","href":"https:\/\/api.w.org\/{rel}","templated":true}]}}