{"id":46155,"date":"2022-10-24T09:21:55","date_gmt":"2022-10-24T08:21:55","guid":{"rendered":"https:\/\/contemporaneaeventi.com\/montage-stands\/"},"modified":"2025-04-29T10:09:44","modified_gmt":"2025-04-29T09:09:44","slug":"montage-stands","status":"publish","type":"page","link":"https:\/\/contemporaneaeventi.com\/fr\/montage-stands\/","title":{"rendered":"Montage Stands"},"content":{"rendered":"<p>[vc_row][vc_column][vc_single_image image=\u00a0\u00bb45653&Prime; img_size=\u00a0\u00bbfull\u00a0\u00bb][vc_empty_space][vc_column_text]<\/p>\n<h1>CONCEPTION DE STANDS SUR MESURE<\/h1>\n<p>Contemporanea Eventi, expert en cr\u00e9ation de stands personnalis\u00e9s pour foires, congr\u00e8s et \u00e9v\u00e9nements, est ancr\u00e9e \u00e0 Barcelone avec des ramifications \u00e0 travers l&rsquo;Europe. Forte de plus de 15 ans d&rsquo;exp\u00e9rience, notre \u00e9quipe aguerrie accompagne les entreprises vers l&rsquo;excellence en visibilit\u00e9 et r\u00e9putation lors de salons europ\u00e9ens majeurs.<\/p>\n<p>\u00ab\u00a0Notre ambition internationale se traduit par notre pr\u00e9sence \u00e0 Barcelone, Paris, Madrid, Bologne et Varsovie. Nous privil\u00e9gions une relation \u00e9troite et collaborative avec nos clients, les int\u00e9grant pleinement dans le processus cr\u00e9atif, partageant avec eux la joie d&rsquo;un succ\u00e8s commun.<\/p>\n<p>De nos diff\u00e9rents bureaux, nous orchestrons la conception et la r\u00e9alisation de stands qui marquent les esprits pour des entit\u00e9s de renom, tant en Europe qu&rsquo;\u00e0 l&rsquo;international.\u00a0\u00bb<br \/>\n[\/vc_column_text][vc_empty_space][vc_column_text]<\/p>\n<h2>NOTRE PROCESSUS DE FABRICATION DE STANDS<\/h2>\n<p>Que ce soit pour un congr\u00e8s, une foire ou une convention, Contemporanea Eventi reconna\u00eet l&rsquo;impact strat\u00e9gique d&rsquo;un stand bien con\u00e7u. Nous nous investissons avec passion pour que chaque stand refl\u00e8te fid\u00e8lement l&rsquo;\u00e2me, la vision et les valeurs de nos clients, tout en veillant \u00e0 innover pour captiver l&rsquo;attention et optimiser le r\u00e9seau commercial, maximisant ainsi le retour sur investissement.<\/p>\n<p>Chez Contemporanea Eventi, nous travaillons depuis plus de 15 ans dans le secteur de la fabrication et du montage de stands pour les manifestations professionnelles, et c&rsquo;est pourquoi nous offrons \u00e0 nos clients le meilleur niveau de service, adapt\u00e9 \u00e0 leurs exigences sp\u00e9cifiques ainsi qu&rsquo;au type de foire, de congr\u00e8s ou d&rsquo;\u00e9v\u00e9nement o\u00f9 ils sont pr\u00e9sents.[\/vc_column_text][vc_empty_space][vc_single_image image=\u00a0\u00bb45935&Prime; img_size=\u00a0\u00bbfull\u00a0\u00bb][vc_empty_space][vc_column_text]\u00a0\u00bbNotre expertise ne se limite pas \u00e0 la conception ; elle s&rsquo;\u00e9tend \u00e0 une gestion compl\u00e8te incluant tous les aspects de la cr\u00e9ation de stands. Nous nous engageons \u00e0 piloter chaque \u00e9tape du projet, assurant son succ\u00e8s de l&rsquo;id\u00e9ation \u00e0 la r\u00e9alisation.<\/p>\n<p>La transparence et la pr\u00e9cision guident notre d\u00e9marche client, d\u00e8s l&rsquo;amorce du projet jusqu&rsquo;\u00e0 la livraison, en passant par un processus de conception d\u00e9taill\u00e9 et des visualisations 3D innovantes\u00a0\u00bb<\/p>\n<p>Mais notre travail ne s&rsquo;arr\u00eate pas l\u00e0 : \u00e0 la fin de la manifestation, Contemporanea Eventi envoie \u00e9galement son \u00e9quipe pour d\u00e9monter le stand et le stocker.<br \/>\n[\/vc_column_text][vc_empty_space]<div class=\"edgtf-portfolio-list-holder edgtf-grid-list edgtf-pl-gallery edgtf-three-columns edgtf-no-space edgtf-disable-bottom-space edgtf-pl-gallery-overlay    edgtf-pl-pag-no-pagination        \"  data-type=gallery data-number-of-columns=three data-space-between-items=no data-number-of-items=6 data-image-proportions=square data-enable-fixed-proportions=no data-enable-image-shadow=no data-category=mwc data-orderby=date data-order=ASC data-item-style=gallery-overlay data-inverted=no data-enable-title=yes data-title-tag=h6 data-enable-category=no data-enable-count-images=yes data-enable-excerpt=no data-excerpt-length=20 data-pagination-type=no-pagination data-filter=no data-filter-order-by=name data-enable-article-animation=no data-enable-parallax-scrolling=no data-portfolio-slider-on=no data-enable-loop=yes data-enable-autoplay=yes data-enable-scroll=yes data-slider-speed=5000 data-slider-speed-animation=600 data-enable-navigation=yes data-enable-pagination=yes data-enable-more-link=no data-more-link-text=Seemore data-break-more-link=yes data-max-num-pages=9 data-next-page=2>\n\t\t<div class=\"edgtf-pl-inner edgtf-outer-space  clearfix\">\n\t\t    <article class=\"edgtf-pl-item edgtf-item-space  post-44984 portfolio-item type-portfolio-item status-publish has-post-thumbnail hentry portfolio-category-mwc-fr portfolio-category-stands-fr\" >\n\n    <div class=\"edgtf-pl-item-inner \">\n\t\t\n<div class=\"edgtf-pli-image\">\n\t<img loading=\"lazy\" decoding=\"async\" width=\"650\" height=\"650\" src=\"https:\/\/contemporaneaeventi.com\/wp-content\/uploads\/2023\/03\/dtone-MWC2023-650x650.jpg\" class=\"attachment-manon_edge_image_square size-manon_edge_image_square wp-post-image\" alt=\"\" srcset=\"https:\/\/contemporaneaeventi.com\/wp-content\/uploads\/2023\/03\/dtone-MWC2023-650x650.jpg 650w, https:\/\/contemporaneaeventi.com\/wp-content\/uploads\/2023\/03\/dtone-MWC2023-150x150.jpg 150w\" sizes=\"auto, (max-width: 650px) 100vw, 650px\" \/>    <\/div>\t<div class=\"edgtf-pli-text-holder\">\n\t\t<div class=\"edgtf-pli-text-wrapper\">\n\t\t\t<div class=\"edgtf-pli-text\">\n\t\t\t\t    <h6 itemprop=\"name\" class=\"edgtf-pli-title entry-title\" >\n        <a itemprop=\"url\" href=\"https:\/\/contemporaneaeventi.com\/fr\/portfolio-item\/dt-one\/\" target=\"_self\">\n            DT One        <\/a>\n\t<\/h6>\n\n\t\t\t\t\n\t\t\t\t\t\t\t\t\n\t\t\t\t\t\t\t\t\n\t\t\t\t\n\t\t\t\t<a itemprop=\"url\" class=\"edgtf-pli-link edgtf-block-drag-link\" href=\"https:\/\/contemporaneaeventi.com\/fr\/portfolio-item\/dt-one\/\" target=\"_self\"><\/a>\n\t\t\t<\/div>\n\t\t<\/div>\n\t<\/div>\n    <\/div>\n\n    <\/article>\n    <article class=\"edgtf-pl-item edgtf-item-space  post-44960 portfolio-item type-portfolio-item status-publish has-post-thumbnail hentry portfolio-category-mwc-fr portfolio-category-stands-fr\" >\n\n    <div class=\"edgtf-pl-item-inner \">\n\t\t\n<div class=\"edgtf-pli-image\">\n\t<img loading=\"lazy\" decoding=\"async\" width=\"650\" height=\"650\" src=\"https:\/\/contemporaneaeventi.com\/wp-content\/uploads\/2023\/03\/eset-MWC2023-650x650.jpg\" class=\"attachment-manon_edge_image_square size-manon_edge_image_square wp-post-image\" alt=\"\" srcset=\"https:\/\/contemporaneaeventi.com\/wp-content\/uploads\/2023\/03\/eset-MWC2023-650x650.jpg 650w, https:\/\/contemporaneaeventi.com\/wp-content\/uploads\/2023\/03\/eset-MWC2023-150x150.jpg 150w\" sizes=\"auto, (max-width: 650px) 100vw, 650px\" \/>    <\/div>\t<div class=\"edgtf-pli-text-holder\">\n\t\t<div class=\"edgtf-pli-text-wrapper\">\n\t\t\t<div class=\"edgtf-pli-text\">\n\t\t\t\t    <h6 itemprop=\"name\" class=\"edgtf-pli-title entry-title\" >\n        <a itemprop=\"url\" href=\"https:\/\/contemporaneaeventi.com\/fr\/portfolio-item\/eset\/\" target=\"_self\">\n            eset        <\/a>\n\t<\/h6>\n\n\t\t\t\t\n\t\t\t\t\t\t\t\t\n\t\t\t\t\t\t\t\t\n\t\t\t\t\n\t\t\t\t<a itemprop=\"url\" class=\"edgtf-pli-link edgtf-block-drag-link\" href=\"https:\/\/contemporaneaeventi.com\/fr\/portfolio-item\/eset\/\" target=\"_self\"><\/a>\n\t\t\t<\/div>\n\t\t<\/div>\n\t<\/div>\n    <\/div>\n\n    <\/article>\n    <article class=\"edgtf-pl-item edgtf-item-space  post-44937 portfolio-item type-portfolio-item status-publish has-post-thumbnail hentry portfolio-category-mwc-fr portfolio-category-stands-fr\" >\n\n    <div class=\"edgtf-pl-item-inner \">\n\t\t\n<div class=\"edgtf-pli-image\">\n\t<img loading=\"lazy\" decoding=\"async\" width=\"650\" height=\"650\" src=\"https:\/\/contemporaneaeventi.com\/wp-content\/uploads\/2023\/03\/infobip-MWC2023-650x650.jpg\" class=\"attachment-manon_edge_image_square size-manon_edge_image_square wp-post-image\" alt=\"\" srcset=\"https:\/\/contemporaneaeventi.com\/wp-content\/uploads\/2023\/03\/infobip-MWC2023-650x650.jpg 650w, https:\/\/contemporaneaeventi.com\/wp-content\/uploads\/2023\/03\/infobip-MWC2023-150x150.jpg 150w\" sizes=\"auto, (max-width: 650px) 100vw, 650px\" \/>    <\/div>\t<div class=\"edgtf-pli-text-holder\">\n\t\t<div class=\"edgtf-pli-text-wrapper\">\n\t\t\t<div class=\"edgtf-pli-text\">\n\t\t\t\t    <h6 itemprop=\"name\" class=\"edgtf-pli-title entry-title\" >\n        <a itemprop=\"url\" href=\"https:\/\/contemporaneaeventi.com\/fr\/portfolio-item\/infobip\/\" target=\"_self\">\n            infobip        <\/a>\n\t<\/h6>\n\n\t\t\t\t\n\t\t\t\t\t\t\t\t\n\t\t\t\t\t\t\t\t\n\t\t\t\t\n\t\t\t\t<a itemprop=\"url\" class=\"edgtf-pli-link edgtf-block-drag-link\" href=\"https:\/\/contemporaneaeventi.com\/fr\/portfolio-item\/infobip\/\" target=\"_self\"><\/a>\n\t\t\t<\/div>\n\t\t<\/div>\n\t<\/div>\n    <\/div>\n\n    <\/article>\n    <article class=\"edgtf-pl-item edgtf-item-space  post-44923 portfolio-item type-portfolio-item status-publish has-post-thumbnail hentry portfolio-category-mwc-fr portfolio-category-stands-fr\" >\n\n    <div class=\"edgtf-pl-item-inner \">\n\t\t\n<div class=\"edgtf-pli-image\">\n\t<img loading=\"lazy\" decoding=\"async\" width=\"650\" height=\"650\" src=\"https:\/\/contemporaneaeventi.com\/wp-content\/uploads\/2023\/03\/infovista-MWC2023-650x650.jpg\" class=\"attachment-manon_edge_image_square size-manon_edge_image_square wp-post-image\" alt=\"\" srcset=\"https:\/\/contemporaneaeventi.com\/wp-content\/uploads\/2023\/03\/infovista-MWC2023-650x650.jpg 650w, https:\/\/contemporaneaeventi.com\/wp-content\/uploads\/2023\/03\/infovista-MWC2023-150x150.jpg 150w\" sizes=\"auto, (max-width: 650px) 100vw, 650px\" \/>    <\/div>\t<div class=\"edgtf-pli-text-holder\">\n\t\t<div class=\"edgtf-pli-text-wrapper\">\n\t\t\t<div class=\"edgtf-pli-text\">\n\t\t\t\t    <h6 itemprop=\"name\" class=\"edgtf-pli-title entry-title\" >\n        <a itemprop=\"url\" href=\"https:\/\/contemporaneaeventi.com\/fr\/portfolio-item\/infovista\/\" target=\"_self\">\n            infovista        <\/a>\n\t<\/h6>\n\n\t\t\t\t\n\t\t\t\t\t\t\t\t\n\t\t\t\t\t\t\t\t\n\t\t\t\t\n\t\t\t\t<a itemprop=\"url\" class=\"edgtf-pli-link edgtf-block-drag-link\" href=\"https:\/\/contemporaneaeventi.com\/fr\/portfolio-item\/infovista\/\" target=\"_self\"><\/a>\n\t\t\t<\/div>\n\t\t<\/div>\n\t<\/div>\n    <\/div>\n\n    <\/article>\n    <article class=\"edgtf-pl-item edgtf-item-space  post-44908 portfolio-item type-portfolio-item status-publish has-post-thumbnail hentry portfolio-category-mwc-fr portfolio-category-stands-fr\" >\n\n    <div class=\"edgtf-pl-item-inner \">\n\t\t\n<div class=\"edgtf-pli-image\">\n\t<img loading=\"lazy\" decoding=\"async\" width=\"650\" height=\"650\" src=\"https:\/\/contemporaneaeventi.com\/wp-content\/uploads\/2023\/03\/Lleida-MWC2023-650x650.jpg\" class=\"attachment-manon_edge_image_square size-manon_edge_image_square wp-post-image\" alt=\"\" srcset=\"https:\/\/contemporaneaeventi.com\/wp-content\/uploads\/2023\/03\/Lleida-MWC2023-650x650.jpg 650w, https:\/\/contemporaneaeventi.com\/wp-content\/uploads\/2023\/03\/Lleida-MWC2023-150x150.jpg 150w\" sizes=\"auto, (max-width: 650px) 100vw, 650px\" \/>    <\/div>\t<div class=\"edgtf-pli-text-holder\">\n\t\t<div class=\"edgtf-pli-text-wrapper\">\n\t\t\t<div class=\"edgtf-pli-text\">\n\t\t\t\t    <h6 itemprop=\"name\" class=\"edgtf-pli-title entry-title\" >\n        <a itemprop=\"url\" href=\"https:\/\/contemporaneaeventi.com\/fr\/portfolio-item\/lleida-2\/\" target=\"_self\">\n            Lleida        <\/a>\n\t<\/h6>\n\n\t\t\t\t\n\t\t\t\t\t\t\t\t\n\t\t\t\t\t\t\t\t\n\t\t\t\t\n\t\t\t\t<a itemprop=\"url\" class=\"edgtf-pli-link edgtf-block-drag-link\" href=\"https:\/\/contemporaneaeventi.com\/fr\/portfolio-item\/lleida-2\/\" target=\"_self\"><\/a>\n\t\t\t<\/div>\n\t\t<\/div>\n\t<\/div>\n    <\/div>\n\n    <\/article>\n    <article class=\"edgtf-pl-item edgtf-item-space  post-44901 portfolio-item type-portfolio-item status-publish has-post-thumbnail hentry portfolio-category-mwc-fr portfolio-category-stands-fr\" >\n\n    <div class=\"edgtf-pl-item-inner \">\n\t\t\n<div class=\"edgtf-pli-image\">\n\t<img loading=\"lazy\" decoding=\"async\" width=\"650\" height=\"650\" src=\"https:\/\/contemporaneaeventi.com\/wp-content\/uploads\/2023\/03\/msl-MWC2023-650x650.jpg\" class=\"attachment-manon_edge_image_square size-manon_edge_image_square wp-post-image\" alt=\"\" srcset=\"https:\/\/contemporaneaeventi.com\/wp-content\/uploads\/2023\/03\/msl-MWC2023-650x650.jpg 650w, https:\/\/contemporaneaeventi.com\/wp-content\/uploads\/2023\/03\/msl-MWC2023-150x150.jpg 150w\" sizes=\"auto, (max-width: 650px) 100vw, 650px\" \/>    <\/div>\t<div class=\"edgtf-pli-text-holder\">\n\t\t<div class=\"edgtf-pli-text-wrapper\">\n\t\t\t<div class=\"edgtf-pli-text\">\n\t\t\t\t    <h6 itemprop=\"name\" class=\"edgtf-pli-title entry-title\" >\n        <a itemprop=\"url\" href=\"https:\/\/contemporaneaeventi.com\/fr\/portfolio-item\/msi\/\" target=\"_self\">\n            msi        <\/a>\n\t<\/h6>\n\n\t\t\t\t\n\t\t\t\t\t\t\t\t\n\t\t\t\t\t\t\t\t\n\t\t\t\t\n\t\t\t\t<a itemprop=\"url\" class=\"edgtf-pli-link edgtf-block-drag-link\" href=\"https:\/\/contemporaneaeventi.com\/fr\/portfolio-item\/msi\/\" target=\"_self\"><\/a>\n\t\t\t<\/div>\n\t\t<\/div>\n\t<\/div>\n    <\/div>\n\n    <\/article>\n\t<\/div>\n\t\n\t\n    <\/div>\n[vc_empty_space][vc_column_text]<\/p>\n<h2>DES STANDS ARTISANAUX SUR MESURE POUR TOUS LES BESOINS<\/h2>\n<p>Notre ambition internationale se traduit par notre pr\u00e9sence \u00e0 Barcelone, Paris, Madrid, Bologne et Varsovie. Nous privil\u00e9gions une relation \u00e9troite et collaborative avec nos clients, les int\u00e9grant pleinement dans le processus cr\u00e9atif, partageant avec eux la joie d&rsquo;un succ\u00e8s commun.<\/p>\n<p>Nous utilisons des techniques artisanales pour cr\u00e9er nos stands, avec des finitions de haute qualit\u00e9 qui surprendront les visiteurs et vos concurrents. Nous n&rsquo;avons pas de limites, ni en termes de cr\u00e9ativit\u00e9, ni en termes g\u00e9ographiques.<\/p>\n<p>De nos diff\u00e9rents bureaux, nous orchestrons la conception et la r\u00e9alisation de stands qui marquent les esprits pour des entit\u00e9s de renom, tant en Europe qu&rsquo;\u00e0 l&rsquo;international.<\/p>\n<p>\u00ab\u00a0Au-del\u00e0 de la construction, nous apportons notre expertise sur des services compl\u00e9mentaires tels que les transferts a\u00e9roportuaires, la restauration, l&rsquo;accueil et autres solutions pragmatiques pour r\u00e9pondre efficacement aux impr\u00e9vus.<br \/>\nQualit\u00e9 des mat\u00e9riaux, d\u00e9vouement professionnel et innovation sont les piliers de Contemporanea Eventi, une formule pl\u00e9biscit\u00e9e par une client\u00e8le fid\u00e8le et croissante.\u00a0\u00bb<\/p>\n<p>Contactez-nous et demandez plus d&rsquo;informations sans aucune obligation.<br \/>\n[\/vc_column_text][vc_empty_space][vc_single_image image=\u00a0\u00bb45196&Prime; img_size=\u00a0\u00bbfull\u00a0\u00bb][vc_empty_space][\/vc_column][\/vc_row][vc_row][vc_column]<div class=\"edgtf-elements-holder   edgtf-one-column  edgtf-responsive-mode-768 \" ><div class=\"edgtf-eh-item     \"  data-item-class=\"edgtf-eh-custom-9177\">\n\t<div class=\"edgtf-eh-item-inner\">\n\t\t<div class=\"edgtf-eh-item-content edgtf-eh-custom-9177\" >\n\t\t\t[vc_column_text]<\/p>\n<h4>REMPLISSEZ LE FORMULAIRE<\/h4>\n<h5>POUR RECEVOIR PLUS D&rsquo;INFORMATIONS<\/h5>\n<p>[\/vc_column_text][vc_empty_space][vc_raw_html]JTVCd3Bmb3JtcyUyMGlkJTNEJTIyNDcyMzMlMjIlMjB0aXRsZSUzRCUyMmZhbHNlJTIyJTVE[\/vc_raw_html]\t\t<\/div>\n\t<\/div>\n<\/div><\/div>[\/vc_column][\/vc_row]<\/p>\n","protected":false},"excerpt":{"rendered":"<p>[vc_row][vc_column][vc_single_image image=\u00a0\u00bb45653&Prime; img_size=\u00a0\u00bbfull\u00a0\u00bb][vc_empty_space][vc_column_text] CONCEPTION DE STANDS SUR MESURE Contemporanea Eventi, expert en cr\u00e9ation de stands personnalis\u00e9s pour foires, congr\u00e8s et \u00e9v\u00e9nements, est ancr\u00e9e \u00e0 Barcelone avec des ramifications \u00e0 travers l&rsquo;Europe. Forte de plus de 15 ans d&rsquo;exp\u00e9rience, notre \u00e9quipe [&hellip;]<\/p>\n","protected":false},"author":1,"featured_media":0,"parent":0,"menu_order":0,"comment_status":"closed","ping_status":"closed","template":"","meta":{"inline_featured_image":false,"footnotes":""},"class_list":["post-46155","page","type-page","status-publish","hentry"],"yoast_head":"<!-- This site is optimized with the Yoast SEO plugin v27.3 - https:\/\/yoast.com\/product\/yoast-seo-wordpress\/ -->\n<title>Trade fair stand builders - trade fair stand construction - Contemporanea Eventi<\/title>\n<meta name=\"description\" content=\"At Contemporanea Eventi we have been building stands for fairs since 2006. We design and build our own stands to meet any demand.\" \/>\n<meta name=\"robots\" content=\"noindex, nofollow\" \/>\n<meta property=\"og:locale\" content=\"fr_FR\" \/>\n<meta property=\"og:type\" content=\"article\" \/>\n<meta property=\"og:title\" content=\"Trade fair stand builders - trade fair stand construction - Contemporanea Eventi\" \/>\n<meta property=\"og:description\" content=\"At Contemporanea Eventi we have been building stands for fairs since 2006. We design and build our own stands to meet any demand.\" \/>\n<meta property=\"og:url\" content=\"https:\/\/contemporaneaeventi.com\/fr\/montage-stands\/\" \/>\n<meta property=\"og:site_name\" content=\"Contemporanea Eventi\" \/>\n<meta property=\"article:modified_time\" content=\"2025-04-29T09:09:44+00:00\" \/>\n<meta property=\"og:image\" content=\"https:\/\/contemporaneaeventi.com\/wp-content\/uploads\/2023\/08\/cropped-favicon.png\" \/>\n\t<meta property=\"og:image:width\" content=\"512\" \/>\n\t<meta property=\"og:image:height\" content=\"512\" \/>\n\t<meta property=\"og:image:type\" content=\"image\/png\" \/>\n<meta name=\"twitter:card\" content=\"summary_large_image\" \/>\n<meta name=\"twitter:label1\" content=\"Dur\u00e9e de lecture estim\u00e9e\" \/>\n\t<meta name=\"twitter:data1\" content=\"3 minutes\" \/>\n<script type=\"application\/ld+json\" class=\"yoast-schema-graph\">{\"@context\":\"https:\\\/\\\/schema.org\",\"@graph\":[{\"@type\":\"WebPage\",\"@id\":\"https:\\\/\\\/contemporaneaeventi.com\\\/fr\\\/montage-stands\\\/\",\"url\":\"https:\\\/\\\/contemporaneaeventi.com\\\/fr\\\/montage-stands\\\/\",\"name\":\"Trade fair stand builders - trade fair stand construction - Contemporanea Eventi\",\"isPartOf\":{\"@id\":\"https:\\\/\\\/www.contemporaneaeventi.com\\\/fr\\\/#website\"},\"datePublished\":\"2022-10-24T08:21:55+00:00\",\"dateModified\":\"2025-04-29T09:09:44+00:00\",\"description\":\"At Contemporanea Eventi we have been building stands for fairs since 2006. We design and build our own stands to meet any demand.\",\"breadcrumb\":{\"@id\":\"https:\\\/\\\/contemporaneaeventi.com\\\/fr\\\/montage-stands\\\/#breadcrumb\"},\"inLanguage\":\"fr-FR\",\"potentialAction\":[{\"@type\":\"ReadAction\",\"target\":[\"https:\\\/\\\/contemporaneaeventi.com\\\/fr\\\/montage-stands\\\/\"]}]},{\"@type\":\"BreadcrumbList\",\"@id\":\"https:\\\/\\\/contemporaneaeventi.com\\\/fr\\\/montage-stands\\\/#breadcrumb\",\"itemListElement\":[{\"@type\":\"ListItem\",\"position\":1,\"name\":\"Portada\",\"item\":\"https:\\\/\\\/contemporaneaeventi.com\\\/fr\\\/\"},{\"@type\":\"ListItem\",\"position\":2,\"name\":\"Montage Stands\"}]},{\"@type\":\"WebSite\",\"@id\":\"https:\\\/\\\/www.contemporaneaeventi.com\\\/fr\\\/#website\",\"url\":\"https:\\\/\\\/www.contemporaneaeventi.com\\\/fr\\\/\",\"name\":\"Contemporanea Eventi\",\"description\":\"Contemporanea Eventi - WE \u2764 STANDS\",\"publisher\":{\"@id\":\"https:\\\/\\\/www.contemporaneaeventi.com\\\/fr\\\/#organization\"},\"potentialAction\":[{\"@type\":\"SearchAction\",\"target\":{\"@type\":\"EntryPoint\",\"urlTemplate\":\"https:\\\/\\\/www.contemporaneaeventi.com\\\/fr\\\/?s={search_term_string}\"},\"query-input\":{\"@type\":\"PropertyValueSpecification\",\"valueRequired\":true,\"valueName\":\"search_term_string\"}}],\"inLanguage\":\"fr-FR\"},{\"@type\":\"Organization\",\"@id\":\"https:\\\/\\\/www.contemporaneaeventi.com\\\/fr\\\/#organization\",\"name\":\"Contemporanea Eventi\",\"alternateName\":\"Contemporanea Eventi\",\"url\":\"https:\\\/\\\/www.contemporaneaeventi.com\\\/fr\\\/\",\"logo\":{\"@type\":\"ImageObject\",\"inLanguage\":\"fr-FR\",\"@id\":\"https:\\\/\\\/www.contemporaneaeventi.com\\\/fr\\\/#\\\/schema\\\/logo\\\/image\\\/\",\"url\":\"https:\\\/\\\/contemporaneaeventi.com\\\/wp-content\\\/uploads\\\/2023\\\/05\\\/07-home.jpg\",\"contentUrl\":\"https:\\\/\\\/contemporaneaeventi.com\\\/wp-content\\\/uploads\\\/2023\\\/05\\\/07-home.jpg\",\"width\":900,\"height\":900,\"caption\":\"Contemporanea Eventi\"},\"image\":{\"@id\":\"https:\\\/\\\/www.contemporaneaeventi.com\\\/fr\\\/#\\\/schema\\\/logo\\\/image\\\/\"}}]}<\/script>\n<!-- \/ Yoast SEO plugin. -->","yoast_head_json":{"title":"Trade fair stand builders - trade fair stand construction - Contemporanea Eventi","description":"At Contemporanea Eventi we have been building stands for fairs since 2006. We design and build our own stands to meet any demand.","robots":{"index":"noindex","follow":"nofollow"},"og_locale":"fr_FR","og_type":"article","og_title":"Trade fair stand builders - trade fair stand construction - Contemporanea Eventi","og_description":"At Contemporanea Eventi we have been building stands for fairs since 2006. We design and build our own stands to meet any demand.","og_url":"https:\/\/contemporaneaeventi.com\/fr\/montage-stands\/","og_site_name":"Contemporanea Eventi","article_modified_time":"2025-04-29T09:09:44+00:00","og_image":[{"width":512,"height":512,"url":"https:\/\/contemporaneaeventi.com\/wp-content\/uploads\/2023\/08\/cropped-favicon.png","type":"image\/png"}],"twitter_card":"summary_large_image","twitter_misc":{"Dur\u00e9e de lecture estim\u00e9e":"3 minutes"},"schema":{"@context":"https:\/\/schema.org","@graph":[{"@type":"WebPage","@id":"https:\/\/contemporaneaeventi.com\/fr\/montage-stands\/","url":"https:\/\/contemporaneaeventi.com\/fr\/montage-stands\/","name":"Trade fair stand builders - trade fair stand construction - Contemporanea Eventi","isPartOf":{"@id":"https:\/\/www.contemporaneaeventi.com\/fr\/#website"},"datePublished":"2022-10-24T08:21:55+00:00","dateModified":"2025-04-29T09:09:44+00:00","description":"At Contemporanea Eventi we have been building stands for fairs since 2006. We design and build our own stands to meet any demand.","breadcrumb":{"@id":"https:\/\/contemporaneaeventi.com\/fr\/montage-stands\/#breadcrumb"},"inLanguage":"fr-FR","potentialAction":[{"@type":"ReadAction","target":["https:\/\/contemporaneaeventi.com\/fr\/montage-stands\/"]}]},{"@type":"BreadcrumbList","@id":"https:\/\/contemporaneaeventi.com\/fr\/montage-stands\/#breadcrumb","itemListElement":[{"@type":"ListItem","position":1,"name":"Portada","item":"https:\/\/contemporaneaeventi.com\/fr\/"},{"@type":"ListItem","position":2,"name":"Montage Stands"}]},{"@type":"WebSite","@id":"https:\/\/www.contemporaneaeventi.com\/fr\/#website","url":"https:\/\/www.contemporaneaeventi.com\/fr\/","name":"Contemporanea Eventi","description":"Contemporanea Eventi - WE \u2764 STANDS","publisher":{"@id":"https:\/\/www.contemporaneaeventi.com\/fr\/#organization"},"potentialAction":[{"@type":"SearchAction","target":{"@type":"EntryPoint","urlTemplate":"https:\/\/www.contemporaneaeventi.com\/fr\/?s={search_term_string}"},"query-input":{"@type":"PropertyValueSpecification","valueRequired":true,"valueName":"search_term_string"}}],"inLanguage":"fr-FR"},{"@type":"Organization","@id":"https:\/\/www.contemporaneaeventi.com\/fr\/#organization","name":"Contemporanea Eventi","alternateName":"Contemporanea Eventi","url":"https:\/\/www.contemporaneaeventi.com\/fr\/","logo":{"@type":"ImageObject","inLanguage":"fr-FR","@id":"https:\/\/www.contemporaneaeventi.com\/fr\/#\/schema\/logo\/image\/","url":"https:\/\/contemporaneaeventi.com\/wp-content\/uploads\/2023\/05\/07-home.jpg","contentUrl":"https:\/\/contemporaneaeventi.com\/wp-content\/uploads\/2023\/05\/07-home.jpg","width":900,"height":900,"caption":"Contemporanea Eventi"},"image":{"@id":"https:\/\/www.contemporaneaeventi.com\/fr\/#\/schema\/logo\/image\/"}}]}},"_links":{"self":[{"href":"https:\/\/contemporaneaeventi.com\/fr\/wp-json\/wp\/v2\/pages\/46155","targetHints":{"allow":["GET"]}}],"collection":[{"href":"https:\/\/contemporaneaeventi.com\/fr\/wp-json\/wp\/v2\/pages"}],"about":[{"href":"https:\/\/contemporaneaeventi.com\/fr\/wp-json\/wp\/v2\/types\/page"}],"author":[{"embeddable":true,"href":"https:\/\/contemporaneaeventi.com\/fr\/wp-json\/wp\/v2\/users\/1"}],"replies":[{"embeddable":true,"href":"https:\/\/contemporaneaeventi.com\/fr\/wp-json\/wp\/v2\/comments?post=46155"}],"version-history":[{"count":7,"href":"https:\/\/contemporaneaeventi.com\/fr\/wp-json\/wp\/v2\/pages\/46155\/revisions"}],"predecessor-version":[{"id":47242,"href":"https:\/\/contemporaneaeventi.com\/fr\/wp-json\/wp\/v2\/pages\/46155\/revisions\/47242"}],"wp:attachment":[{"href":"https:\/\/contemporaneaeventi.com\/fr\/wp-json\/wp\/v2\/media?parent=46155"}],"curies":[{"name":"wp","href":"https:\/\/api.w.org\/{rel}","templated":true}]}}