{"id":46130,"date":"2022-10-24T09:38:18","date_gmt":"2022-10-24T08:38:18","guid":{"rendered":"https:\/\/contemporaneaeventi.com\/interior-design\/"},"modified":"2025-04-29T10:09:10","modified_gmt":"2025-04-29T09:09:10","slug":"interior-design","status":"publish","type":"page","link":"https:\/\/contemporaneaeventi.com\/fr\/retail\/interior-design\/","title":{"rendered":"DESIGN interieur"},"content":{"rendered":"<p>[vc_row][vc_column][vc_gallery interval=\u00a0\u00bb5&Prime; images=\u00a0\u00bb45982,45981,45980&Prime; img_size=\u00a0\u00bbfull\u00a0\u00bb][vc_empty_space][vc_column_text]<\/p>\n<h1>DESIGN D&rsquo;INT\u00c9RIEUR \u00c0 BARCELONE<\/h1>\n<p>Barcelone s\u00e9duit par sa personnalit\u00e9 unique, ancr\u00e9e dans ses habitants et son architecture embl\u00e9matique, ses avenues majestueuses et ses monuments captivants. Carrefour m\u00e9diterran\u00e9en, elle a toujours baign\u00e9 dans un m\u00e9lange de cultures, forgeant un \u00e9cosyst\u00e8me o\u00f9 se c\u00f4toient l&rsquo;architecture gothique et les installations les plus contemporaines. Le design \u00e0 Barcelone est une \u00e9vidence qui se r\u00e9percute dans la cr\u00e9ation de ses espaces et de ses infrastructures.[\/vc_column_text][vc_empty_space][vc_column_text]<\/p>\n<h2>LA D\u00c9CORATION D&rsquo;INT\u00c9RIEUR \u00c0 BARCELONE : UN D\u00c9VELOPPEMENT EXPONENTIEL<\/h2>\n<p>L&rsquo;influence de l&rsquo;Art nouveau, incarn\u00e9e par Antoni Gaud\u00ed, a fa\u00e7onn\u00e9 l&rsquo;identit\u00e9 visuelle de Barcelone. Avec le modernisme catalan, Gaud\u00ed a l\u00e9gu\u00e9 un style distinct et omnipr\u00e9sent dans la ville.<\/p>\n<p>Gaud\u00ed, architecte de g\u00e9nie, a non seulement enrichi le patrimoine culturel mais a \u00e9galement red\u00e9fini les normes de l&rsquo;architecture et de la d\u00e9coration int\u00e9rieure, en m\u00ealant gothique, orient et nature. Ses \u0153uvres couvrent tous les aspects du design, de la Sagrada Familia \u00e0 la Casa Batll\u00f3, du Park G\u00fcell \u00e0 La Pedrera. Son approche holistique transformait chaque b\u00e2timent en un chef-d&rsquo;\u0153uvre int\u00e9gral, o\u00f9 c\u00e9ramique, verrerie, ferronnerie et charpenterie se fondaient harmonieusement avec l&rsquo;ing\u00e9nierie et l&rsquo;architecture.<\/p>\n<p>Il consid\u00e9rait l&rsquo;ensemble du b\u00e2timent comme une partie de sa cr\u00e9ation, depuis les structures et la d\u00e9coration des fa\u00e7ades jusqu&rsquo;\u00e0 la conception de l&rsquo;int\u00e9rieur des maisons, des escaliers, des ascenseurs ou des portes. L&rsquo;approche du b\u00e2timent \u00e9tait holistique, une \u0153uvre d&rsquo;art compl\u00e8te o\u00f9 diff\u00e9rentes techniques telles que la c\u00e9ramique, la verrerie, la ferronnerie et la charpenterie \u00e9taient int\u00e9gr\u00e9es \u00e0 l&rsquo;ing\u00e9nierie et \u00e0 l&rsquo;architecture dans une combinaison parfaite. Ce b\u00e2timent combinait tradition et innovation dans un \u00e9quilibre parfait, et il ne fait aucun doute qu&rsquo;il s&rsquo;agit de l&rsquo;anc\u00eatre de la d\u00e9coration d&rsquo;int\u00e9rieur catalane.<\/p>\n<p>Depuis Gaud\u00ed, la d\u00e9coration d&rsquo;int\u00e9rieur \u00e0 Barcelone a connu une croissance remarquable.<\/p>\n<p>[\/vc_column_text][vc_empty_space][vc_column_text]<\/p>\n<h2>L&rsquo;AVANT-GARDE DE LA D\u00c9CORATION D&rsquo;INT\u00c9RIEUR<\/h2>\n<p>L&rsquo;essence de la d\u00e9coration d&rsquo;int\u00e9rieur r\u00e9side dans la conception de l&rsquo;espace en une harmonie fluide et unifi\u00e9e, rehaussant tout ce qu&rsquo;il contient.<\/p>\n<p>Une simple balade \u00e0 travers Barcelone suffit pour saisir l&rsquo;importance de la d\u00e9coration d&rsquo;int\u00e9rieur, visible dans les vitrines des boutiques, o\u00f9 le merchandising visuel joue un r\u00f4le cl\u00e9.<\/p>\n<p>Chez Contemporanea Eventi, nous veillons \u00e0 ce que chaque vitrine exalte les qualit\u00e9s des produits, suscitant le d\u00e9sir chez le client.<\/p>\n<p>Nos designs m\u00e9ticuleux attirent le regard, incitant \u00e0 entrer et \u00e0 demeurer dans une ambiance qui invite \u00e0 l&rsquo;achat et \u00e0 la fid\u00e9lit\u00e9.[\/vc_column_text][vc_empty_space][vc_column_text]<\/p>\n<h2>EXP\u00c9RIENCER LE DESIGN COMME NULLE PART AILLEURS<\/h2>\n<p>Le style de Barcelone se vit au quotidien, du quartier gothique vibrant au dynamique quartier technologique 22@, sans oublier la silhouette embl\u00e9matique de la Torre Gl\u00f2ries.<\/p>\n<p>Chaque coin de rue est une vitrine vivante de l&rsquo;\u00e9volution et de l&rsquo;originalit\u00e9 du design de la ville.<\/p>\n<p>Barcelone est synonyme de design architectural. Pour vivre cette exp\u00e9rience unique, sollicitez un devis sans engagement chez Contemporanea Eventi.[\/vc_column_text][vc_empty_space][\/vc_column][\/vc_row][vc_row][vc_column]<div class=\"edgtf-elements-holder   edgtf-one-column  edgtf-responsive-mode-768 \" ><div class=\"edgtf-eh-item     \"  data-item-class=\"edgtf-eh-custom-8644\">\n\t<div class=\"edgtf-eh-item-inner\">\n\t\t<div class=\"edgtf-eh-item-content edgtf-eh-custom-8644\" >\n\t\t\t[vc_column_text]<\/p>\n<h4>REMPLIR LE FORMULAIRE<\/h4>\n<h5>POUR RECEVOIR PLUS D&rsquo;INFORMATIONS<\/h5>\n<p>[\/vc_column_text][vc_empty_space][vc_raw_html]JTVCd3Bmb3JtcyUyMGlkJTNEJTIyNDcyMzMlMjIlMjB0aXRsZSUzRCUyMmZhbHNlJTIyJTVE[\/vc_raw_html]\t\t<\/div>\n\t<\/div>\n<\/div><\/div>[\/vc_column][\/vc_row]<\/p>\n","protected":false},"excerpt":{"rendered":"<p>[vc_row][vc_column][vc_gallery interval=\u00a0\u00bb5&Prime; images=\u00a0\u00bb45982,45981,45980&Prime; img_size=\u00a0\u00bbfull\u00a0\u00bb][vc_empty_space][vc_column_text] DESIGN D&rsquo;INT\u00c9RIEUR \u00c0 BARCELONE Barcelone s\u00e9duit par sa personnalit\u00e9 unique, ancr\u00e9e dans ses habitants et son architecture embl\u00e9matique, ses avenues majestueuses et ses monuments captivants. Carrefour m\u00e9diterran\u00e9en, elle a toujours baign\u00e9 dans un m\u00e9lange de cultures, [&hellip;]<\/p>\n","protected":false},"author":1,"featured_media":0,"parent":44808,"menu_order":0,"comment_status":"closed","ping_status":"closed","template":"","meta":{"inline_featured_image":false,"footnotes":""},"class_list":["post-46130","page","type-page","status-publish","hentry"],"yoast_head":"<!-- This site is optimized with the Yoast SEO plugin v27.4 - https:\/\/yoast.com\/product\/yoast-seo-wordpress\/ -->\n<title>DESIGN interieur - Contemporanea Eventi<\/title>\n<meta name=\"description\" content=\"DESIGN D&#039;INT\u00c9RIEUR \u00c0 BARCELONE In Contemporanea Eventi we are experts in create spaces as a single entity taht simultaneously flows in harmony to highlight everything it contains\" \/>\n<meta name=\"robots\" content=\"noindex, nofollow\" \/>\n<meta property=\"og:locale\" content=\"fr_FR\" \/>\n<meta property=\"og:type\" content=\"article\" \/>\n<meta property=\"og:title\" content=\"DESIGN interieur - Contemporanea Eventi\" \/>\n<meta property=\"og:description\" content=\"DESIGN D&#039;INT\u00c9RIEUR \u00c0 BARCELONE In Contemporanea Eventi we are experts in create spaces as a single entity taht simultaneously flows in harmony to highlight everything it contains\" \/>\n<meta property=\"og:url\" content=\"https:\/\/contemporaneaeventi.com\/fr\/retail\/interior-design\/\" \/>\n<meta property=\"og:site_name\" content=\"Contemporanea Eventi\" \/>\n<meta property=\"article:modified_time\" content=\"2025-04-29T09:09:10+00:00\" \/>\n<meta property=\"og:image\" content=\"https:\/\/contemporaneaeventi.com\/wp-content\/uploads\/2023\/08\/cropped-favicon.png\" \/>\n\t<meta property=\"og:image:width\" content=\"512\" \/>\n\t<meta property=\"og:image:height\" content=\"512\" \/>\n\t<meta property=\"og:image:type\" content=\"image\/png\" \/>\n<meta name=\"twitter:card\" content=\"summary_large_image\" \/>\n<meta name=\"twitter:label1\" content=\"Dur\u00e9e de lecture estim\u00e9e\" \/>\n\t<meta name=\"twitter:data1\" content=\"3 minutes\" \/>\n<script type=\"application\/ld+json\" class=\"yoast-schema-graph\">{\"@context\":\"https:\\\/\\\/schema.org\",\"@graph\":[{\"@type\":\"WebPage\",\"@id\":\"https:\\\/\\\/contemporaneaeventi.com\\\/fr\\\/retail\\\/interior-design\\\/\",\"url\":\"https:\\\/\\\/contemporaneaeventi.com\\\/fr\\\/retail\\\/interior-design\\\/\",\"name\":\"DESIGN interieur - Contemporanea Eventi\",\"isPartOf\":{\"@id\":\"https:\\\/\\\/www.contemporaneaeventi.com\\\/fr\\\/#website\"},\"datePublished\":\"2022-10-24T08:38:18+00:00\",\"dateModified\":\"2025-04-29T09:09:10+00:00\",\"description\":\"DESIGN D'INT\u00c9RIEUR \u00c0 BARCELONE In Contemporanea Eventi we are experts in create spaces as a single entity taht simultaneously flows in harmony to highlight everything it contains\",\"breadcrumb\":{\"@id\":\"https:\\\/\\\/contemporaneaeventi.com\\\/fr\\\/retail\\\/interior-design\\\/#breadcrumb\"},\"inLanguage\":\"fr-FR\",\"potentialAction\":[{\"@type\":\"ReadAction\",\"target\":[\"https:\\\/\\\/contemporaneaeventi.com\\\/fr\\\/retail\\\/interior-design\\\/\"]}]},{\"@type\":\"BreadcrumbList\",\"@id\":\"https:\\\/\\\/contemporaneaeventi.com\\\/fr\\\/retail\\\/interior-design\\\/#breadcrumb\",\"itemListElement\":[{\"@type\":\"ListItem\",\"position\":1,\"name\":\"Portada\",\"item\":\"https:\\\/\\\/contemporaneaeventi.com\\\/fr\\\/\"},{\"@type\":\"ListItem\",\"position\":2,\"name\":\"DESIGN interieur\"}]},{\"@type\":\"WebSite\",\"@id\":\"https:\\\/\\\/www.contemporaneaeventi.com\\\/fr\\\/#website\",\"url\":\"https:\\\/\\\/www.contemporaneaeventi.com\\\/fr\\\/\",\"name\":\"Contemporanea Eventi\",\"description\":\"Contemporanea Eventi - WE \u2764 STANDS\",\"publisher\":{\"@id\":\"https:\\\/\\\/www.contemporaneaeventi.com\\\/fr\\\/#organization\"},\"potentialAction\":[{\"@type\":\"SearchAction\",\"target\":{\"@type\":\"EntryPoint\",\"urlTemplate\":\"https:\\\/\\\/www.contemporaneaeventi.com\\\/fr\\\/?s={search_term_string}\"},\"query-input\":{\"@type\":\"PropertyValueSpecification\",\"valueRequired\":true,\"valueName\":\"search_term_string\"}}],\"inLanguage\":\"fr-FR\"},{\"@type\":\"Organization\",\"@id\":\"https:\\\/\\\/www.contemporaneaeventi.com\\\/fr\\\/#organization\",\"name\":\"Contemporanea Eventi\",\"alternateName\":\"Contemporanea Eventi\",\"url\":\"https:\\\/\\\/www.contemporaneaeventi.com\\\/fr\\\/\",\"logo\":{\"@type\":\"ImageObject\",\"inLanguage\":\"fr-FR\",\"@id\":\"https:\\\/\\\/www.contemporaneaeventi.com\\\/fr\\\/#\\\/schema\\\/logo\\\/image\\\/\",\"url\":\"https:\\\/\\\/contemporaneaeventi.com\\\/wp-content\\\/uploads\\\/2023\\\/05\\\/07-home.jpg\",\"contentUrl\":\"https:\\\/\\\/contemporaneaeventi.com\\\/wp-content\\\/uploads\\\/2023\\\/05\\\/07-home.jpg\",\"width\":900,\"height\":900,\"caption\":\"Contemporanea Eventi\"},\"image\":{\"@id\":\"https:\\\/\\\/www.contemporaneaeventi.com\\\/fr\\\/#\\\/schema\\\/logo\\\/image\\\/\"}}]}<\/script>\n<!-- \/ Yoast SEO plugin. -->","yoast_head_json":{"title":"DESIGN interieur - Contemporanea Eventi","description":"DESIGN D'INT\u00c9RIEUR \u00c0 BARCELONE In Contemporanea Eventi we are experts in create spaces as a single entity taht simultaneously flows in harmony to highlight everything it contains","robots":{"index":"noindex","follow":"nofollow"},"og_locale":"fr_FR","og_type":"article","og_title":"DESIGN interieur - Contemporanea Eventi","og_description":"DESIGN D'INT\u00c9RIEUR \u00c0 BARCELONE In Contemporanea Eventi we are experts in create spaces as a single entity taht simultaneously flows in harmony to highlight everything it contains","og_url":"https:\/\/contemporaneaeventi.com\/fr\/retail\/interior-design\/","og_site_name":"Contemporanea Eventi","article_modified_time":"2025-04-29T09:09:10+00:00","og_image":[{"width":512,"height":512,"url":"https:\/\/contemporaneaeventi.com\/wp-content\/uploads\/2023\/08\/cropped-favicon.png","type":"image\/png"}],"twitter_card":"summary_large_image","twitter_misc":{"Dur\u00e9e de lecture estim\u00e9e":"3 minutes"},"schema":{"@context":"https:\/\/schema.org","@graph":[{"@type":"WebPage","@id":"https:\/\/contemporaneaeventi.com\/fr\/retail\/interior-design\/","url":"https:\/\/contemporaneaeventi.com\/fr\/retail\/interior-design\/","name":"DESIGN interieur - Contemporanea Eventi","isPartOf":{"@id":"https:\/\/www.contemporaneaeventi.com\/fr\/#website"},"datePublished":"2022-10-24T08:38:18+00:00","dateModified":"2025-04-29T09:09:10+00:00","description":"DESIGN D'INT\u00c9RIEUR \u00c0 BARCELONE In Contemporanea Eventi we are experts in create spaces as a single entity taht simultaneously flows in harmony to highlight everything it contains","breadcrumb":{"@id":"https:\/\/contemporaneaeventi.com\/fr\/retail\/interior-design\/#breadcrumb"},"inLanguage":"fr-FR","potentialAction":[{"@type":"ReadAction","target":["https:\/\/contemporaneaeventi.com\/fr\/retail\/interior-design\/"]}]},{"@type":"BreadcrumbList","@id":"https:\/\/contemporaneaeventi.com\/fr\/retail\/interior-design\/#breadcrumb","itemListElement":[{"@type":"ListItem","position":1,"name":"Portada","item":"https:\/\/contemporaneaeventi.com\/fr\/"},{"@type":"ListItem","position":2,"name":"DESIGN interieur"}]},{"@type":"WebSite","@id":"https:\/\/www.contemporaneaeventi.com\/fr\/#website","url":"https:\/\/www.contemporaneaeventi.com\/fr\/","name":"Contemporanea Eventi","description":"Contemporanea Eventi - WE \u2764 STANDS","publisher":{"@id":"https:\/\/www.contemporaneaeventi.com\/fr\/#organization"},"potentialAction":[{"@type":"SearchAction","target":{"@type":"EntryPoint","urlTemplate":"https:\/\/www.contemporaneaeventi.com\/fr\/?s={search_term_string}"},"query-input":{"@type":"PropertyValueSpecification","valueRequired":true,"valueName":"search_term_string"}}],"inLanguage":"fr-FR"},{"@type":"Organization","@id":"https:\/\/www.contemporaneaeventi.com\/fr\/#organization","name":"Contemporanea Eventi","alternateName":"Contemporanea Eventi","url":"https:\/\/www.contemporaneaeventi.com\/fr\/","logo":{"@type":"ImageObject","inLanguage":"fr-FR","@id":"https:\/\/www.contemporaneaeventi.com\/fr\/#\/schema\/logo\/image\/","url":"https:\/\/contemporaneaeventi.com\/wp-content\/uploads\/2023\/05\/07-home.jpg","contentUrl":"https:\/\/contemporaneaeventi.com\/wp-content\/uploads\/2023\/05\/07-home.jpg","width":900,"height":900,"caption":"Contemporanea Eventi"},"image":{"@id":"https:\/\/www.contemporaneaeventi.com\/fr\/#\/schema\/logo\/image\/"}}]}},"_links":{"self":[{"href":"https:\/\/contemporaneaeventi.com\/fr\/wp-json\/wp\/v2\/pages\/46130","targetHints":{"allow":["GET"]}}],"collection":[{"href":"https:\/\/contemporaneaeventi.com\/fr\/wp-json\/wp\/v2\/pages"}],"about":[{"href":"https:\/\/contemporaneaeventi.com\/fr\/wp-json\/wp\/v2\/types\/page"}],"author":[{"embeddable":true,"href":"https:\/\/contemporaneaeventi.com\/fr\/wp-json\/wp\/v2\/users\/1"}],"replies":[{"embeddable":true,"href":"https:\/\/contemporaneaeventi.com\/fr\/wp-json\/wp\/v2\/comments?post=46130"}],"version-history":[{"count":8,"href":"https:\/\/contemporaneaeventi.com\/fr\/wp-json\/wp\/v2\/pages\/46130\/revisions"}],"predecessor-version":[{"id":47240,"href":"https:\/\/contemporaneaeventi.com\/fr\/wp-json\/wp\/v2\/pages\/46130\/revisions\/47240"}],"up":[{"embeddable":true,"href":"https:\/\/contemporaneaeventi.com\/fr\/wp-json\/wp\/v2\/pages\/44808"}],"wp:attachment":[{"href":"https:\/\/contemporaneaeventi.com\/fr\/wp-json\/wp\/v2\/media?parent=46130"}],"curies":[{"name":"wp","href":"https:\/\/api.w.org\/{rel}","templated":true}]}}