{"id":46113,"date":"2023-06-14T17:17:33","date_gmt":"2023-06-14T16:17:33","guid":{"rendered":"https:\/\/contemporaneaeventi.com\/sustainable-booths\/"},"modified":"2026-03-23T10:25:08","modified_gmt":"2026-03-23T09:25:08","slug":"durabilite-stands","status":"publish","type":"page","link":"https:\/\/contemporaneaeventi.com\/fr\/durabilite-stands\/","title":{"rendered":"DURABILIT\u00c9 STANDS"},"content":{"rendered":"<p>[vc_row row_content_width=\u00a0\u00bbgrid\u00a0\u00bb disable_background_image=\u00a0\u00bb\u00a0\u00bb css=\u00a0\u00bb.vc_custom_1686830074813{margin-top: 148px !important;padding-bottom: 100px !important;}\u00a0\u00bb simple_background_image=\u00a0\u00bb43717&Prime; background_image_position=\u00a0\u00bbbottom left\u00a0\u00bb][vc_column width=\u00a0\u00bb2\/3&Prime; css=\u00a0\u00bb.vc_custom_1686758060006{margin-top: 148px !important;}\u00a0\u00bb]<div class=\"edgtf-section-title-holder  edgtf-st-standard edgtf-st-title-left edgtf-st-normal-space edgtf-st-disable-title-break\" >\n\t<div class=\"edgtf-st-inner\">\n\t\t\t\t\t<h1 class=\"edgtf-st-title\" style=\"color: #ffffff\">\n\t\t\t\tDURABILIT\u00c9\t\t\t<\/h1>\n\t\t\t\t\t<\/div>\n<\/div>[vc_column_text css=\u00a0\u00bb.vc_custom_1713946224176{margin-bottom: 30px !important;}\u00a0\u00bb]<\/p>\n<h4><span style=\"color: #ffffff;\">Chez Contemporanea Eventi, la conception de stands va de pair avec le respect de l&rsquo;environnement. Nous nous engageons \u00e0 minimiser notre impact \u00e9cologique en privil\u00e9giant des mat\u00e9riaux durables et en adoptant des pratiques \u00e9coresponsables. Notre qu\u00eate est de trouver des solutions innovantes pour int\u00e9grer la durabilit\u00e9 au c\u0153ur de nos cr\u00e9ations.<\/span><\/h4>\n<p>[\/vc_column_text]<a itemprop=\"url\" href=\"\/contact\/\" target=\"_self\"  class=\"edgtf-btn edgtf-btn-medium edgtf-btn-solid edgtf-btn-custom-hover-bg\" data-move=\"strict\" data-hover-bg-color=\"rgba(255,255,255,0.45)\" data-text=\"CONTACTEZ-NOUS POUR UNE APPROCHE RESPONSABLE\" >\n    <span class=\"edgtf-btn-text\">CONTACTEZ-NOUS POUR UNE APPROCHE RESPONSABLE<\/span>\n    <\/a>[\/vc_column][\/vc_row][vc_row content_placement=\u00a0\u00bbtop\u00a0\u00bb row_content_width=\u00a0\u00bbgrid\u00a0\u00bb css=\u00a0\u00bb.vc_custom_1686763299611{padding-top: 32px !important;padding-bottom: 32px !important;}\u00a0\u00bb][vc_column css=\u00a0\u00bb.vc_custom_1686763241336{padding-top: 32px !important;padding-bottom: 32px !important;}\u00a0\u00bb]<div class=\"edgtf-elements-holder   edgtf-three-columns  edgtf-responsive-mode-1024 \" ><div class=\"edgtf-eh-item  edgtf-vertical-alignment-top   \"  data-item-class=\"edgtf-eh-custom-1271\" data-1025-1366=\"0px 35px 0px 0px\" data-769-1024=\"0px 0px 30px\" data-681-768=\"0px 0px 30px\" data-680=\"0px 0px 30px\">\n\t<div class=\"edgtf-eh-item-inner\">\n\t\t<div class=\"edgtf-eh-item-content edgtf-eh-custom-1271\" style=\"padding: 0px 50px 0px 0px\">\n\t\t\t[vc_single_image image=\u00a0\u00bb46034&Prime; img_size=\u00a0\u00bbfull\u00a0\u00bb alignment=\u00a0\u00bbcenter\u00a0\u00bb css_animation=\u00a0\u00bbfadeInUp\u00a0\u00bb]\t\t<\/div>\n\t<\/div>\n<\/div><\/div>[\/vc_column][\/vc_row][vc_row content_placement=\u00a0\u00bbtop\u00a0\u00bb row_content_width=\u00a0\u00bbgrid\u00a0\u00bb css=\u00a0\u00bb.vc_custom_1686763299611{padding-top: 32px !important;padding-bottom: 32px !important;}\u00a0\u00bb][vc_column css=\u00a0\u00bb.vc_custom_1686763241336{padding-top: 32px !important;padding-bottom: 32px !important;}\u00a0\u00bb]<div class=\"edgtf-elements-holder   edgtf-three-columns  edgtf-responsive-mode-1024 \" ><div class=\"edgtf-eh-item  edgtf-vertical-alignment-top   \"  data-item-class=\"edgtf-eh-custom-5271\" data-1025-1366=\"0px 35px 0px 0px\" data-769-1024=\"0px 0px 30px\" data-681-768=\"0px 0px 30px\" data-680=\"0px 0px 30px\">\n\t<div class=\"edgtf-eh-item-inner\">\n\t\t<div class=\"edgtf-eh-item-content edgtf-eh-custom-5271\" style=\"padding: 0px 50px 0px 0px\">\n\t\t\t[vc_column_text css=\u00a0\u00bb.vc_custom_1713946312630{margin-right: 20px !important;margin-left: 20px !important;}\u00a0\u00bb]<\/p>\n<h3><span style=\"font-family: 'Open Sans'; text-transform: none; font-weight: 200;\">Dans notre d\u00e9marche de construction 100% durable, nous privil\u00e9gions les m\u00e9thodes innovantes par rapport aux pratiques traditionnelles.<\/span><\/h3>\n<p>[\/vc_column_text]\t\t<\/div>\n\t<\/div>\n<\/div><\/div>[\/vc_column][\/vc_row][vc_row content_placement=\u00a0\u00bbtop\u00a0\u00bb row_content_width=\u00a0\u00bbgrid\u00a0\u00bb css=\u00a0\u00bb.vc_custom_1686763287480{padding-bottom: 32px !important;}\u00a0\u00bb][vc_column width=\u00a0\u00bb1\/12&Prime;][\/vc_column][vc_column width=\u00a0\u00bb1\/4&Prime;][vc_single_image image=\u00a0\u00bb46016&Prime; img_size=\u00a0\u00bblarge\u00a0\u00bb][vc_empty_space][\/vc_column][vc_column width=\u00a0\u00bb1\/12&Prime;][\/vc_column][vc_column width=\u00a0\u00bb5\/12&Prime;][vc_column_text css_animation=\u00a0\u00bbfadeIn\u00a0\u00bb]<\/p>\n<h4><span style=\"color: #008037;\">Utilisant les derni\u00e8res technologies, nous d\u00e9veloppons des strat\u00e9gies durables qui s&rsquo;\u00e9tendent de la planification \u00e0 la d\u00e9construction et au recyclage des mat\u00e9riaux.<\/span><\/h4>\n<p>[\/vc_column_text][vc_empty_space height=\u00a0\u00bb18&Prime;]    <span class=\"edgtf-icon-animation-holder\" >\n    <span class=\"edgtf-icon-shortcode edgtf-normal  edgtf-icon-animation edgtf-icon-medium\"  data-color=\"#008037\">\n                    <i class=\"edgtf-icon-font-awesome fa fa-arrow-down edgtf-icon-element\" style=\"color: #008037\" ><\/i>            <\/span>\n    <\/span>\n[\/vc_column][\/vc_row][vc_row row_content_width=\u00a0\u00bbgrid\u00a0\u00bb css=\u00a0\u00bb.vc_custom_1686760580213{padding-top: 148px !important;}\u00a0\u00bb][vc_column width=\u00a0\u00bb5\/12&Prime; offset=\u00a0\u00bbvc_col-lg-5&Prime;]<div class=\"edgtf-section-title-holder  edgtf-st-standard edgtf-st-title-left edgtf-st-normal-space \" >\n\t<div class=\"edgtf-st-inner\">\n\t\t\t\t\t<h2 class=\"edgtf-st-title\" >\n\t\t\t\t01<br \/>\nMAT\u00c9RIAUX\t\t\t<\/h2>\n\t\t\t\t\t<\/div>\n<\/div>[vc_column_text]<\/p>\n<h6>NOUS CONSID\u00c9RONS LES MAT\u00c9RIAUX COMME LA BASE FONDAMENTALE ET NOUS NOUS EFFOR\u00c7ONS QUOTIDIENNEMENT D&rsquo;IDENTIFIER DES OPTIONS PLUS DURABLES.<\/h6>\n<p>[\/vc_column_text][vc_empty_space height=\u00a0\u00bb33px\u00a0\u00bb][\/vc_column][vc_column width=\u00a0\u00bb1\/12&Prime;][\/vc_column][vc_column css_animation=\u00a0\u00bbfadeInRight\u00a0\u00bb width=\u00a0\u00bb1\/3&Prime; offset=\u00a0\u00bbvc_col-lg-6&Prime; css=\u00a0\u00bb.vc_custom_1686830789909{padding-right: 7% !important;}\u00a0\u00bb][vc_row_inner][vc_column_inner width=\u00a0\u00bb1\/4&Prime;][vc_single_image image=\u00a0\u00bb46022&Prime;][\/vc_column_inner][vc_column_inner width=\u00a0\u00bb3\/4&Prime;][vc_column_text]<\/p>\n<h5>BOIS<\/h5>\n<p>[\/vc_column_text][vc_column_text]Nous utilisons du bois certifi\u00e9 FSC, issu de for\u00eats g\u00e9r\u00e9es durablement, qui soutiennent la biodiversit\u00e9 et les communaut\u00e9s locales.[\/vc_column_text][vc_empty_space height=\u00a0\u00bb30px\u00a0\u00bb][\/vc_column_inner][\/vc_row_inner][vc_row_inner][vc_column_inner width=\u00a0\u00bb1\/4&Prime;][vc_single_image image=\u00a0\u00bb46019&Prime;][\/vc_column_inner][vc_column_inner width=\u00a0\u00bb3\/4&Prime;][vc_column_text]<\/p>\n<h5>PEINTURES et ENCRES<\/h5>\n<p>[\/vc_column_text][vc_column_text]Nos impressions num\u00e9riques grand format sont r\u00e9alis\u00e9es avec des encres certifi\u00e9es Greenguard Gold, sans compos\u00e9s organiques volatils, pour un impact moindre sur l&rsquo;environnement.[\/vc_column_text][vc_empty_space height=\u00a0\u00bb30px\u00a0\u00bb][\/vc_column_inner][\/vc_row_inner][vc_row_inner][vc_column_inner width=\u00a0\u00bb1\/4&Prime;][vc_single_image image=\u00a0\u00bb46020&Prime;][\/vc_column_inner][vc_column_inner width=\u00a0\u00bb3\/4&Prime;][vc_column_text]<\/p>\n<h5>PLASTIQUE<\/h5>\n<p>[\/vc_column_text][vc_column_text]Nous encourageons l&rsquo;utilisation de substituts au PVC pour promouvoir l&rsquo;\u00e9conomie circulaire et r\u00e9duire les d\u00e9chets oc\u00e9aniques.[\/vc_column_text][vc_empty_space height=\u00a0\u00bb30px\u00a0\u00bb][\/vc_column_inner][\/vc_row_inner][vc_row_inner][vc_column_inner width=\u00a0\u00bb1\/4&Prime;][vc_single_image image=\u00a0\u00bb46021&Prime;][\/vc_column_inner][vc_column_inner width=\u00a0\u00bb3\/4&Prime;][vc_column_text]<\/p>\n<h5>TISSUS<\/h5>\n<p>[\/vc_column_text][vc_column_text]Nos tissus sans PVC sont con\u00e7us pour \u00eatre recycl\u00e9s et r\u00e9int\u00e9gr\u00e9s dans le cycle de production.[\/vc_column_text][vc_empty_space height=\u00a0\u00bb30px\u00a0\u00bb][\/vc_column_inner][\/vc_row_inner][\/vc_column][\/vc_row][vc_row content_placement=\u00a0\u00bbtop\u00a0\u00bb css_animation=\u00a0\u00bbfadeInUp\u00a0\u00bb row_content_width=\u00a0\u00bbgrid\u00a0\u00bb css=\u00a0\u00bb.vc_custom_1686763369499{padding-top: 100px !important;padding-bottom: 0px !important;}\u00a0\u00bb][vc_column width=\u00a0\u00bb5\/12&Prime;]<div class=\"edgtf-section-title-holder  edgtf-st-standard edgtf-st-title-left edgtf-st-normal-space \" >\n\t<div class=\"edgtf-st-inner\">\n\t\t\t\t\t<h2 class=\"edgtf-st-title\" >\n\t\t\t\t02<br \/>\nPRODUCTION LOCALE\t\t\t<\/h2>\n\t\t\t\t\t<\/div>\n<\/div>[vc_column_text]<\/p>\n<h6>LA PRODUCTION DE TOUTES NOS PI\u00c8CES EST R\u00c9ALIS\u00c9E DANS NOS CENTRES DE PRODUCTION<\/h6>\n<p>[\/vc_column_text][vc_empty_space][\/vc_column][vc_column width=\u00a0\u00bb1\/12&Prime;][\/vc_column][vc_column width=\u00a0\u00bb1\/3&Prime;][vc_single_image image=\u00a0\u00bb45974&Prime; img_size=\u00a0\u00bbfull\u00a0\u00bb][\/vc_column][\/vc_row][vc_row row_content_width=\u00a0\u00bbgrid\u00a0\u00bb css=\u00a0\u00bb.vc_custom_1686760926039{padding-top: 148px !important;}\u00a0\u00bb][vc_column width=\u00a0\u00bb5\/12&Prime; offset=\u00a0\u00bbvc_col-lg-6&Prime;][vc_empty_space height=\u00a0\u00bb18px\u00a0\u00bb]<div class=\"edgtf-section-title-holder  edgtf-st-standard edgtf-st-title-left edgtf-st-normal-space \" >\n\t<div class=\"edgtf-st-inner\">\n\t\t\t\t\t<h2 class=\"edgtf-st-title\" >\n\t\t\t\t03<br \/>\nDURABILIT\u00c9 ENVIRONNEMENTALE\t\t\t<\/h2>\n\t\t\t\t\t<\/div>\n<\/div>[vc_column_text]<\/p>\n<h6>NOUS APPLIQUONS LES TROIS \u00ab\u00a0R\u00a0\u00bb &#8211; RECYCLER, R\u00c9UTILISER, R\u00c9DUIRE &#8211; POUR ANCRER NOS OP\u00c9RATIONS DANS UNE DYNAMIQUE DE DURABILIT\u00c9.<\/h6>\n<p>[\/vc_column_text][vc_empty_space height=\u00a0\u00bb33px\u00a0\u00bb][\/vc_column][vc_column css_animation=\u00a0\u00bbfadeInRight\u00a0\u00bb width=\u00a0\u00bb1\/12&Prime; offset=\u00a0\u00bbvc_col-lg-6&Prime; css=\u00a0\u00bb.vc_custom_1686762593934{padding-right: 7% !important;}\u00a0\u00bb]    <span class=\"edgtf-icon-animation-holder\" >\n    <span class=\"edgtf-icon-shortcode edgtf-normal  edgtf-icon-animation edgtf-icon-medium\"  >\n                    <span aria-hidden=\"true\" class=\"edgtf-icon-linear-icons lnr lnr-leaf edgtf-icon-element\" style=\"\" ><\/span>            <\/span>\n    <\/span>\n[vc_column_text]<\/p>\n<h5>R\u00c9DUIRE<\/h5>\n<p>[\/vc_column_text][vc_column_text]Nos proc\u00e9d\u00e9s de fabrication sont constamment optimis\u00e9s pour limiter les d\u00e9chets.[\/vc_column_text][vc_empty_space height=\u00a0\u00bb30px\u00a0\u00bb]    <span class=\"edgtf-icon-animation-holder\" >\n    <span class=\"edgtf-icon-shortcode edgtf-normal  edgtf-icon-animation edgtf-icon-medium\"  >\n                    <span aria-hidden=\"true\" class=\"edgtf-icon-linear-icons lnr lnr-sync edgtf-icon-element\" style=\"\" ><\/span>            <\/span>\n    <\/span>\n[vc_column_text]<\/p>\n<h5>R\u00c9UTILISER<\/h5>\n<p>[\/vc_column_text][vc_column_text]La r\u00e9utilisation des mat\u00e9riaux dans nos cr\u00e9ations est privil\u00e9gi\u00e9e, prolongeant la vie de nos ressources.[\/vc_column_text][vc_empty_space height=\u00a0\u00bb30px\u00a0\u00bb]    <span class=\"edgtf-icon-animation-holder\" >\n    <span class=\"edgtf-icon-shortcode edgtf-normal  edgtf-icon-animation edgtf-icon-medium\"  >\n                    <i class=\"edgtf-icon-font-awesome fa fa-recycle edgtf-icon-element\" style=\"\" ><\/i>            <\/span>\n    <\/span>\n[vc_column_text]<\/p>\n<h5>RECYCLER<\/h5>\n<p>[\/vc_column_text][vc_column_text]Une gestion responsable du recyclage permet de donner une nouvelle vie aux mat\u00e9riaux en fin d&rsquo;usage.[\/vc_column_text][vc_empty_space height=\u00a0\u00bb30px\u00a0\u00bb][\/vc_column][\/vc_row][vc_row content_placement=\u00a0\u00bbtop\u00a0\u00bb css_animation=\u00a0\u00bbbottom-to-top\u00a0\u00bb row_content_width=\u00a0\u00bbgrid\u00a0\u00bb css=\u00a0\u00bb.vc_custom_1686762649516{padding-top: 148px !important;padding-bottom: 0px !important;}\u00a0\u00bb][vc_column width=\u00a0\u00bb7\/12&Prime;]<div class=\"edgtf-section-title-holder  edgtf-st-standard edgtf-st-title-left edgtf-st-normal-space \" >\n\t<div class=\"edgtf-st-inner\">\n\t\t\t\t\t<h2 class=\"edgtf-st-title\" >\n\t\t\t\tNOS AMBITIONS DURABLES\t\t\t<\/h2>\n\t\t\t\t\t<\/div>\n<\/div>[vc_empty_space][\/vc_column][vc_column width=\u00a0\u00bb1\/12&Prime;][\/vc_column][vc_column width=\u00a0\u00bb1\/4&Prime;][vc_single_image image=\u00a0\u00bb46023&Prime; img_size=\u00a0\u00bbfull\u00a0\u00bb onclick=\u00a0\u00bbcustom_link\u00a0\u00bb img_link_target=\u00a0\u00bb_blank\u00a0\u00bb link=\u00a0\u00bbhttps:\/\/www.un.org\/sustainabledevelopment\/sustainable-development-goals\/\u00a0\u00bb][\/vc_column][\/vc_row][vc_row parallax=\u00a0\u00bbcontent-moving-fade\u00a0\u00bb row_content_width=\u00a0\u00bbgrid\u00a0\u00bb css=\u00a0\u00bb.vc_custom_1686830026355{margin-top: 148px !important;margin-bottom: 0px !important;border-top-width: 0px !important;border-bottom-width: 0px !important;padding-top: 0px !important;padding-bottom: 100px !important;}\u00a0\u00bb parallax_background_image=\u00a0\u00bb43717&Prime;][vc_column width=\u00a0\u00bb2\/3&Prime; css=\u00a0\u00bb.vc_custom_1687335313054{margin-top: 148px !important;}\u00a0\u00bb]<div class=\"edgtf-section-title-holder  edgtf-st-standard edgtf-st-title-left edgtf-st-normal-space \" >\n\t<div class=\"edgtf-st-inner\">\n\t\t\t\t\t<h2 class=\"edgtf-st-title\" style=\"color: #ffffff\">\n\t\t\t\tNOUS SOMMES D\u00c9TERMIN\u00c9S<br \/> \u00c0 \u0152UVRER POUR UNE DURABILIT\u00c9 \u00c0 LONG TERME.\t\t\t<\/h2>\n\t\t\t\t\t<\/div>\n<\/div>[vc_column_text css=\u00a0\u00bb.vc_custom_1713946761842{margin-bottom: 30px !important;}\u00a0\u00bb]<\/p>\n<h4><span style=\"color: #ffffff;\">CONSCIENTS DU CHEMIN RESTANT \u00c0 PARCOURIR, NOUS NOUS ENGAGEONS \u00c0 IMPL\u00c9MENTER DES AM\u00c9LIORATIONS CONTINUES POUR ATTEINDRE UNE PRODUCTION V\u00c9RITABLEMENT DURABLE.<\/span><\/h4>\n<p>[\/vc_column_text][\/vc_column][\/vc_row][vc_row][vc_column][vc_empty_space height=\u00a0\u00bb50px\u00a0\u00bb][\/vc_column][\/vc_row]<\/p>\n","protected":false},"excerpt":{"rendered":"<p>[vc_row row_content_width=\u00a0\u00bbgrid\u00a0\u00bb disable_background_image=\u00a0\u00bb\u00a0\u00bb css=\u00a0\u00bb.vc_custom_1686830074813{margin-top: 148px !important;padding-bottom: 100px !important;}\u00a0\u00bb simple_background_image=\u00a0\u00bb43717&Prime; background_image_position=\u00a0\u00bbbottom left\u00a0\u00bb][vc_column width=\u00a0\u00bb2\/3&Prime; css=\u00a0\u00bb.vc_custom_1686758060006{margin-top: 148px !important;}\u00a0\u00bb][vc_column_text css=\u00a0\u00bb.vc_custom_1713946224176{margin-bottom: 30px !important;}\u00a0\u00bb] Chez Contemporanea Eventi, la conception de stands va de pair avec le respect de l&rsquo;environnement. Nous nous engageons \u00e0 minimiser notre impact [&hellip;]<\/p>\n","protected":false},"author":1,"featured_media":0,"parent":0,"menu_order":0,"comment_status":"closed","ping_status":"closed","template":"full-width.php","meta":{"inline_featured_image":false,"footnotes":""},"class_list":["post-46113","page","type-page","status-publish","hentry"],"yoast_head":"<!-- This site is optimized with the Yoast SEO plugin v27.4 - https:\/\/yoast.com\/product\/yoast-seo-wordpress\/ -->\n<title>Sustainable Booths - Contemporanea Eventi<\/title>\n<meta name=\"description\" content=\"Contemporanea Eventi. More than 20 years of experience in building and design of sustainable booths.\" \/>\n<meta name=\"robots\" content=\"noindex, nofollow\" \/>\n<meta property=\"og:locale\" content=\"fr_FR\" \/>\n<meta property=\"og:type\" content=\"article\" \/>\n<meta property=\"og:title\" content=\"Sustainable Booths - Contemporanea Eventi\" \/>\n<meta property=\"og:description\" content=\"Contemporanea Eventi. More than 20 years of experience in building and design of sustainable booths.\" \/>\n<meta property=\"og:url\" content=\"https:\/\/contemporaneaeventi.com\/fr\/durabilite-stands\/\" \/>\n<meta property=\"og:site_name\" content=\"Contemporanea Eventi\" \/>\n<meta property=\"article:modified_time\" content=\"2026-03-23T09:25:08+00:00\" \/>\n<meta property=\"og:image\" content=\"https:\/\/contemporaneaeventi.com\/wp-content\/uploads\/2023\/08\/cropped-favicon.png\" \/>\n\t<meta property=\"og:image:width\" content=\"512\" \/>\n\t<meta property=\"og:image:height\" content=\"512\" \/>\n\t<meta property=\"og:image:type\" content=\"image\/png\" \/>\n<meta name=\"twitter:card\" content=\"summary_large_image\" \/>\n<meta name=\"twitter:label1\" content=\"Dur\u00e9e de lecture estim\u00e9e\" \/>\n\t<meta name=\"twitter:data1\" content=\"3 minutes\" \/>\n<script type=\"application\/ld+json\" class=\"yoast-schema-graph\">{\"@context\":\"https:\\\/\\\/schema.org\",\"@graph\":[{\"@type\":\"WebPage\",\"@id\":\"https:\\\/\\\/contemporaneaeventi.com\\\/fr\\\/durabilite-stands\\\/\",\"url\":\"https:\\\/\\\/contemporaneaeventi.com\\\/fr\\\/durabilite-stands\\\/\",\"name\":\"Sustainable Booths - Contemporanea Eventi\",\"isPartOf\":{\"@id\":\"https:\\\/\\\/www.contemporaneaeventi.com\\\/fr\\\/#website\"},\"datePublished\":\"2023-06-14T16:17:33+00:00\",\"dateModified\":\"2026-03-23T09:25:08+00:00\",\"description\":\"Contemporanea Eventi. More than 20 years of experience in building and design of sustainable booths.\",\"breadcrumb\":{\"@id\":\"https:\\\/\\\/contemporaneaeventi.com\\\/fr\\\/durabilite-stands\\\/#breadcrumb\"},\"inLanguage\":\"fr-FR\",\"potentialAction\":[{\"@type\":\"ReadAction\",\"target\":[\"https:\\\/\\\/contemporaneaeventi.com\\\/fr\\\/durabilite-stands\\\/\"]}]},{\"@type\":\"BreadcrumbList\",\"@id\":\"https:\\\/\\\/contemporaneaeventi.com\\\/fr\\\/durabilite-stands\\\/#breadcrumb\",\"itemListElement\":[{\"@type\":\"ListItem\",\"position\":1,\"name\":\"Portada\",\"item\":\"https:\\\/\\\/contemporaneaeventi.com\\\/fr\\\/\"},{\"@type\":\"ListItem\",\"position\":2,\"name\":\"DURABILIT\u00c9 STANDS\"}]},{\"@type\":\"WebSite\",\"@id\":\"https:\\\/\\\/www.contemporaneaeventi.com\\\/fr\\\/#website\",\"url\":\"https:\\\/\\\/www.contemporaneaeventi.com\\\/fr\\\/\",\"name\":\"Contemporanea Eventi\",\"description\":\"Contemporanea Eventi - WE \u2764 STANDS\",\"publisher\":{\"@id\":\"https:\\\/\\\/www.contemporaneaeventi.com\\\/fr\\\/#organization\"},\"potentialAction\":[{\"@type\":\"SearchAction\",\"target\":{\"@type\":\"EntryPoint\",\"urlTemplate\":\"https:\\\/\\\/www.contemporaneaeventi.com\\\/fr\\\/?s={search_term_string}\"},\"query-input\":{\"@type\":\"PropertyValueSpecification\",\"valueRequired\":true,\"valueName\":\"search_term_string\"}}],\"inLanguage\":\"fr-FR\"},{\"@type\":\"Organization\",\"@id\":\"https:\\\/\\\/www.contemporaneaeventi.com\\\/fr\\\/#organization\",\"name\":\"Contemporanea Eventi\",\"alternateName\":\"Contemporanea Eventi\",\"url\":\"https:\\\/\\\/www.contemporaneaeventi.com\\\/fr\\\/\",\"logo\":{\"@type\":\"ImageObject\",\"inLanguage\":\"fr-FR\",\"@id\":\"https:\\\/\\\/www.contemporaneaeventi.com\\\/fr\\\/#\\\/schema\\\/logo\\\/image\\\/\",\"url\":\"https:\\\/\\\/contemporaneaeventi.com\\\/wp-content\\\/uploads\\\/2023\\\/05\\\/07-home.jpg\",\"contentUrl\":\"https:\\\/\\\/contemporaneaeventi.com\\\/wp-content\\\/uploads\\\/2023\\\/05\\\/07-home.jpg\",\"width\":900,\"height\":900,\"caption\":\"Contemporanea Eventi\"},\"image\":{\"@id\":\"https:\\\/\\\/www.contemporaneaeventi.com\\\/fr\\\/#\\\/schema\\\/logo\\\/image\\\/\"}}]}<\/script>\n<!-- \/ Yoast SEO plugin. -->","yoast_head_json":{"title":"Sustainable Booths - Contemporanea Eventi","description":"Contemporanea Eventi. More than 20 years of experience in building and design of sustainable booths.","robots":{"index":"noindex","follow":"nofollow"},"og_locale":"fr_FR","og_type":"article","og_title":"Sustainable Booths - Contemporanea Eventi","og_description":"Contemporanea Eventi. More than 20 years of experience in building and design of sustainable booths.","og_url":"https:\/\/contemporaneaeventi.com\/fr\/durabilite-stands\/","og_site_name":"Contemporanea Eventi","article_modified_time":"2026-03-23T09:25:08+00:00","og_image":[{"width":512,"height":512,"url":"https:\/\/contemporaneaeventi.com\/wp-content\/uploads\/2023\/08\/cropped-favicon.png","type":"image\/png"}],"twitter_card":"summary_large_image","twitter_misc":{"Dur\u00e9e de lecture estim\u00e9e":"3 minutes"},"schema":{"@context":"https:\/\/schema.org","@graph":[{"@type":"WebPage","@id":"https:\/\/contemporaneaeventi.com\/fr\/durabilite-stands\/","url":"https:\/\/contemporaneaeventi.com\/fr\/durabilite-stands\/","name":"Sustainable Booths - Contemporanea Eventi","isPartOf":{"@id":"https:\/\/www.contemporaneaeventi.com\/fr\/#website"},"datePublished":"2023-06-14T16:17:33+00:00","dateModified":"2026-03-23T09:25:08+00:00","description":"Contemporanea Eventi. More than 20 years of experience in building and design of sustainable booths.","breadcrumb":{"@id":"https:\/\/contemporaneaeventi.com\/fr\/durabilite-stands\/#breadcrumb"},"inLanguage":"fr-FR","potentialAction":[{"@type":"ReadAction","target":["https:\/\/contemporaneaeventi.com\/fr\/durabilite-stands\/"]}]},{"@type":"BreadcrumbList","@id":"https:\/\/contemporaneaeventi.com\/fr\/durabilite-stands\/#breadcrumb","itemListElement":[{"@type":"ListItem","position":1,"name":"Portada","item":"https:\/\/contemporaneaeventi.com\/fr\/"},{"@type":"ListItem","position":2,"name":"DURABILIT\u00c9 STANDS"}]},{"@type":"WebSite","@id":"https:\/\/www.contemporaneaeventi.com\/fr\/#website","url":"https:\/\/www.contemporaneaeventi.com\/fr\/","name":"Contemporanea Eventi","description":"Contemporanea Eventi - WE \u2764 STANDS","publisher":{"@id":"https:\/\/www.contemporaneaeventi.com\/fr\/#organization"},"potentialAction":[{"@type":"SearchAction","target":{"@type":"EntryPoint","urlTemplate":"https:\/\/www.contemporaneaeventi.com\/fr\/?s={search_term_string}"},"query-input":{"@type":"PropertyValueSpecification","valueRequired":true,"valueName":"search_term_string"}}],"inLanguage":"fr-FR"},{"@type":"Organization","@id":"https:\/\/www.contemporaneaeventi.com\/fr\/#organization","name":"Contemporanea Eventi","alternateName":"Contemporanea Eventi","url":"https:\/\/www.contemporaneaeventi.com\/fr\/","logo":{"@type":"ImageObject","inLanguage":"fr-FR","@id":"https:\/\/www.contemporaneaeventi.com\/fr\/#\/schema\/logo\/image\/","url":"https:\/\/contemporaneaeventi.com\/wp-content\/uploads\/2023\/05\/07-home.jpg","contentUrl":"https:\/\/contemporaneaeventi.com\/wp-content\/uploads\/2023\/05\/07-home.jpg","width":900,"height":900,"caption":"Contemporanea Eventi"},"image":{"@id":"https:\/\/www.contemporaneaeventi.com\/fr\/#\/schema\/logo\/image\/"}}]}},"_links":{"self":[{"href":"https:\/\/contemporaneaeventi.com\/fr\/wp-json\/wp\/v2\/pages\/46113","targetHints":{"allow":["GET"]}}],"collection":[{"href":"https:\/\/contemporaneaeventi.com\/fr\/wp-json\/wp\/v2\/pages"}],"about":[{"href":"https:\/\/contemporaneaeventi.com\/fr\/wp-json\/wp\/v2\/types\/page"}],"author":[{"embeddable":true,"href":"https:\/\/contemporaneaeventi.com\/fr\/wp-json\/wp\/v2\/users\/1"}],"replies":[{"embeddable":true,"href":"https:\/\/contemporaneaeventi.com\/fr\/wp-json\/wp\/v2\/comments?post=46113"}],"version-history":[{"count":11,"href":"https:\/\/contemporaneaeventi.com\/fr\/wp-json\/wp\/v2\/pages\/46113\/revisions"}],"predecessor-version":[{"id":48967,"href":"https:\/\/contemporaneaeventi.com\/fr\/wp-json\/wp\/v2\/pages\/46113\/revisions\/48967"}],"wp:attachment":[{"href":"https:\/\/contemporaneaeventi.com\/fr\/wp-json\/wp\/v2\/media?parent=46113"}],"curies":[{"name":"wp","href":"https:\/\/api.w.org\/{rel}","templated":true}]}}