{"id":44808,"date":"2023-08-01T14:38:35","date_gmt":"2023-08-01T13:38:35","guid":{"rendered":"https:\/\/contemporaneaeventi.com\/we-%e2%9d%a4-stands\/"},"modified":"2025-04-29T10:08:47","modified_gmt":"2025-04-29T09:08:47","slug":"retail","status":"publish","type":"page","link":"https:\/\/contemporaneaeventi.com\/fr\/retail\/","title":{"rendered":"WE \u2764 RETAIL"},"content":{"rendered":"<p>[vc_row row_content_width=\u00a0\u00bbgrid\u00a0\u00bb css=\u00a0\u00bb.vc_custom_1690900329751{margin-top: 148px !important;padding-bottom: 100px !important;}\u00a0\u00bb parallax_background_image=\u00a0\u00bb43878&Prime;][vc_column width=\u00a0\u00bb2\/3&Prime; css=\u00a0\u00bb.vc_custom_1686758060006{margin-top: 148px !important;}\u00a0\u00bb]<div class=\"edgtf-elements-holder   edgtf-three-columns  edgtf-responsive-mode-1024 \" ><div class=\"edgtf-eh-item  edgtf-vertical-alignment-top   \"  data-item-class=\"edgtf-eh-custom-3409\" data-1025-1366=\"0px 35px 0px 0px\" data-769-1024=\"0px 0px 30px\" data-681-768=\"0px 0px 30px\" data-680=\"0px 0px 30px\">\n\t<div class=\"edgtf-eh-item-inner\">\n\t\t<div class=\"edgtf-eh-item-content edgtf-eh-custom-3409\" style=\"padding: 0px 50px 0px 0px\">\n\t\t\t<div class=\"edgtf-section-title-holder  edgtf-st-standard edgtf-st-title-left edgtf-st-normal-space edgtf-st-disable-title-break\" >\n\t<div class=\"edgtf-st-inner\">\n\t\t\t\t\t<h1 class=\"edgtf-st-title\" style=\"color: #ffffff\">\n\t\t\t\tWE \u2764 RETAIL\t\t\t<\/h1>\n\t\t\t\t\t<\/div>\n<\/div>[vc_column_text css=\u00a0\u00bb.vc_custom_1713868136931{margin-bottom: 30px !important;}\u00a0\u00bb]<\/p>\n<h4><span style=\"color: #ffffff;\">NOUS CONCEVONS DES INT\u00c9RIEURS POUR LES ESPACES COMMERCIAUX : BUREAUX, ENTREP\u00d4TS, BOUTIQUES, POP-UPS, SHOWROOMS, SC\u00c8NES, ETC. NOUS CREONS DES DESIGN UNIQUES ET FONCTIONNELS QUI VALORISENT L&rsquo;IDENTIT\u00c9 DE VOTRE MARQUE.<\/span><\/h4>\n<p>[\/vc_column_text]\t\t<\/div>\n\t<\/div>\n<\/div><\/div>[\/vc_column][\/vc_row][vc_row content_placement=\u00a0\u00bbtop\u00a0\u00bb css_animation=\u00a0\u00bbfadeInUp\u00a0\u00bb row_content_width=\u00a0\u00bbgrid\u00a0\u00bb css=\u00a0\u00bb.vc_custom_1686763369499{padding-top: 100px !important;padding-bottom: 0px !important;}\u00a0\u00bb][vc_column][vc_empty_space]<div class=\"edgtf-section-title-holder  edgtf-st-standard edgtf-st-title-left edgtf-st-normal-space \" >\n\t<div class=\"edgtf-st-inner\">\n\t\t\t\t\t<h2 class=\"edgtf-st-title\" >\n\t\t\t\tNOUS M\u00c9TAMORPHOSONS LES ESPACES EN ENVIRONNEMENTS EXCEPTIONNELS QUI CAPTURENT L'ESSENCE DE VOTRE MARQUE.\t\t\t<\/h2>\n\t\t\t\t\t<\/div>\n<\/div>[vc_empty_space height=\u00a0\u00bb50px\u00a0\u00bb][\/vc_column][\/vc_row][vc_row content_placement=\u00a0\u00bbtop\u00a0\u00bb row_content_width=\u00a0\u00bbgrid\u00a0\u00bb css=\u00a0\u00bb.vc_custom_1698948402509{padding-top: 32px !important;padding-bottom: 100px !important;}\u00a0\u00bb][vc_column css=\u00a0\u00bb.vc_custom_1698948186525{padding-top: 0px !important;}\u00a0\u00bb][vc_single_image image=\u00a0\u00bb46051&Prime; img_size=\u00a0\u00bbfull\u00a0\u00bb][\/vc_column][\/vc_row][vc_row content_placement=\u00a0\u00bbtop\u00a0\u00bb row_content_width=\u00a0\u00bbgrid\u00a0\u00bb css=\u00a0\u00bb.vc_custom_1686763299611{padding-top: 32px !important;padding-bottom: 32px !important;}\u00a0\u00bb][vc_column width=\u00a0\u00bb1\/3&Prime; css=\u00a0\u00bb.vc_custom_1690899742601{padding-top: 0px !important;padding-bottom: 32px !important;}\u00a0\u00bb][vc_single_image image=\u00a0\u00bb46038&Prime; img_size=\u00a0\u00bbfull\u00a0\u00bb alignment=\u00a0\u00bbcenter\u00a0\u00bb onclick=\u00a0\u00bblink_image\u00a0\u00bb css_animation=\u00a0\u00bbfadeInLeft\u00a0\u00bb css=\u00a0\u00bb.vc_custom_1690900369045{margin-top: 0px !important;border-top-width: 0px !important;padding-top: 0px !important;}\u00a0\u00bb][\/vc_column][vc_column width=\u00a0\u00bb2\/3&Prime;]<div class=\"edgtf-elements-holder   edgtf-three-columns  edgtf-responsive-mode-1024 \" ><div class=\"edgtf-eh-item  edgtf-vertical-alignment-top   \"  data-item-class=\"edgtf-eh-custom-2130\" data-1025-1366=\"0px 35px 0px 0px\" data-769-1024=\"0px 0px 30px\" data-681-768=\"0px 0px 30px\" data-680=\"0px 0px 30px\">\n\t<div class=\"edgtf-eh-item-inner\">\n\t\t<div class=\"edgtf-eh-item-content edgtf-eh-custom-2130\" style=\"padding: 0px 50px 0px 0px\">\n\t\t\t[vc_column_text css_animation=\u00a0\u00bbfadeInRight\u00a0\u00bb css=\u00a0\u00bb.vc_custom_1713868222497{margin-right: 20px !important;margin-left: 20px !important;}\u00a0\u00bb]Chez Contemporanea Eventi, l&rsquo;am\u00e9nagement d&rsquo;espaces commerciaux est une de nos sp\u00e9cialit\u00e9, fortifi\u00e9e par une exp\u00e9rience approfondie. Nos domaines de pr\u00e9dilection incluent les boutiques de d\u00e9tail, les bureaux d&rsquo;entreprise et les \u00e9tablissements h\u00f4teliers. Nous prenons en charge l&rsquo;int\u00e9gralit\u00e9 de votre projet de design, de la conceptualisation \u00e0 la r\u00e9alisation finale, visant toujours des r\u00e9sultats hors du commun.<\/p>\n<p>Notre \u00e9quipe experte s&rsquo;engage \u00e0 satisfaire les besoins individuels de chacun de nos clients, avec une approche m\u00e9thodique et une attention scrupuleuse aux d\u00e9tails qui nous permettent de plonger dans les sp\u00e9cificit\u00e9s de chaque entreprise, garantissant ainsi que chaque conception refl\u00e8te fid\u00e8lement les objectifs de la marque.<\/p>\n<p>Chaque projet est une ode \u00e0 l&rsquo;unicit\u00e9 de nos clients, int\u00e9gralement personnalis\u00e9 pour r\u00e9pondre \u00e0 des besoins sp\u00e9cifiques.<\/p>\n<p>Nous sommes anim\u00e9s par la cr\u00e9ation d&rsquo;espaces uniques, v\u00e9ritables miroirs des identit\u00e9s qu&rsquo;ils incarnent.[\/vc_column_text]\t\t<\/div>\n\t<\/div>\n<\/div><\/div>[\/vc_column][\/vc_row][vc_row content_placement=\u00a0\u00bbtop\u00a0\u00bb css_animation=\u00a0\u00bbfadeInUp\u00a0\u00bb row_content_width=\u00a0\u00bbgrid\u00a0\u00bb css=\u00a0\u00bb.vc_custom_1686763369499{padding-top: 100px !important;padding-bottom: 0px !important;}\u00a0\u00bb][vc_column]<div class=\"edgtf-section-title-holder  edgtf-st-standard edgtf-st-title-left edgtf-st-normal-space \" >\n\t<div class=\"edgtf-st-inner\">\n\t\t\t\t\t<h2 class=\"edgtf-st-title\" >\n\t\t\t\tPROJETS SP\u00c9CIFIQUES : VENTE AU D\u00c9TAIL, D\u00c9CORATION D'INT\u00c9RIEUR D'H\u00d4TELS, RESTAURANTS ET BUREAUX\t\t\t<\/h2>\n\t\t\t\t\t<\/div>\n<\/div>[vc_empty_space height=\u00a0\u00bb50px\u00a0\u00bb][\/vc_column][\/vc_row][vc_row content_placement=\u00a0\u00bbtop\u00a0\u00bb row_content_width=\u00a0\u00bbgrid\u00a0\u00bb css=\u00a0\u00bb.vc_custom_1686763299611{padding-top: 32px !important;padding-bottom: 32px !important;}\u00a0\u00bb][vc_column width=\u00a0\u00bb1\/3&Prime; css=\u00a0\u00bb.vc_custom_1690899742601{padding-top: 0px !important;padding-bottom: 32px !important;}\u00a0\u00bb][vc_single_image image=\u00a0\u00bb46035&Prime; img_size=\u00a0\u00bbfull\u00a0\u00bb alignment=\u00a0\u00bbcenter\u00a0\u00bb onclick=\u00a0\u00bblink_image\u00a0\u00bb css_animation=\u00a0\u00bbfadeInLeft\u00a0\u00bb css=\u00a0\u00bb.vc_custom_1690900511392{margin-top: 0px !important;border-top-width: 0px !important;padding-top: 0px !important;}\u00a0\u00bb][\/vc_column][vc_column width=\u00a0\u00bb2\/3&Prime;]<div class=\"edgtf-elements-holder   edgtf-three-columns  edgtf-responsive-mode-1024 \" ><div class=\"edgtf-eh-item  edgtf-vertical-alignment-top   \"  data-item-class=\"edgtf-eh-custom-4927\" data-1025-1366=\"0px 35px 0px 0px\" data-769-1024=\"0px 0px 30px\" data-681-768=\"0px 0px 30px\" data-680=\"0px 0px 30px\">\n\t<div class=\"edgtf-eh-item-inner\">\n\t\t<div class=\"edgtf-eh-item-content edgtf-eh-custom-4927\" style=\"padding: 0px 50px 0px 0px\">\n\t\t\t[vc_column_text css_animation=\u00a0\u00bbfadeInRight\u00a0\u00bb css=\u00a0\u00bb.vc_custom_1713868275512{margin-right: 20px !important;margin-left: 20px !important;}\u00a0\u00bb]Chez Contempor\u00e1nea Eventi, nous garantissons l&rsquo;excellence de chaque projet en supervisant m\u00e9ticuleusement chaque \u00e9tape du processus de fabrication. Notre priorit\u00e9 est de veiller \u00e0 ce que chaque d\u00e9tail corresponde parfaitement aux directives et aux exigences sp\u00e9cifiques de nos clients.<\/p>\n<p>Nous comprenons l&rsquo;importance de garantir des r\u00e9sultats exceptionnels, et c&rsquo;est pourquoi nous recommandons toujours le soutien de designers d&rsquo;int\u00e9rieur professionnels. Faire appel aux services d&rsquo;une agence comme la n\u00f4tre offre des avantages consid\u00e9rables, tels que la r\u00e9duction des co\u00fbts, la s\u00e9lection des mat\u00e9riaux les plus appropri\u00e9s au meilleur prix et le choix des meilleurs fournisseurs sp\u00e9cialis\u00e9s, garantissant ainsi la qualit\u00e9 et l&rsquo;efficacit\u00e9 du projet, ainsi que des conseils professionnels personnalis\u00e9s.<\/p>\n<p>[\/vc_column_text][vc_empty_space]\t\t<\/div>\n\t<\/div>\n<\/div><\/div>[\/vc_column][\/vc_row][vc_row content_placement=\u00a0\u00bbtop\u00a0\u00bb row_content_width=\u00a0\u00bbgrid\u00a0\u00bb css=\u00a0\u00bb.vc_custom_1686763299611{padding-top: 32px !important;padding-bottom: 32px !important;}\u00a0\u00bb][vc_column width=\u00a0\u00bb1\/3&Prime; css=\u00a0\u00bb.vc_custom_1690899742601{padding-top: 0px !important;padding-bottom: 32px !important;}\u00a0\u00bb][vc_column_text css_animation=\u00a0\u00bbfadeInRight\u00a0\u00bb css=\u00a0\u00bb.vc_custom_1713868329261{margin-right: 20px !important;margin-left: 20px !important;}\u00a0\u00bb]<\/p>\n<h5>NOUS OFFRONS \u00c9GALEMENT DES SERVICES D&rsquo;AM\u00c9NAGEMENT INT\u00c9RIEUR DANS LE SECTEUR DE L&rsquo;H\u00d4TELLERIE ET DE LA RESTAURATION.<\/h5>\n<p>Les \u00e9tablissements contemporains doivent proposer une exp\u00e9rience globale, o\u00f9 la d\u00e9coration int\u00e9rieure sollicite tous les sens. Chez Contemporanea Eventi, nous concevons chaque d\u00e9tail pour transformer le repas au restaurant en une aventure multisensorielle m\u00e9morable.[\/vc_column_text][\/vc_column][vc_column width=\u00a0\u00bb1\/3&Prime;][vc_column_text css_animation=\u00a0\u00bbfadeInRight\u00a0\u00bb css=\u00a0\u00bb.vc_custom_1713868388552{margin-right: 20px !important;margin-left: 20px !important;}\u00a0\u00bb]Barcelone regorge d&rsquo;exemples embl\u00e9matiques en mati\u00e8re de design int\u00e9rieur. Le restaurant Ikibana, par exemple, \u00e9voque une for\u00eat de branches entrelac\u00e9es, o\u00f9 le bois, la v\u00e9g\u00e9tation luxuriante et les formes ondulantes cr\u00e9ent un dynamisme visuel accentu\u00e9 par l&rsquo;\u00e9clairage. La Tunateca Belfeg\u00f3, quant \u00e0 elle, plonge ses visiteurs dans les profondeurs marines avec ses teintes de bleu, d&rsquo;argent et de rouge, rendant hommage au thon rouge qui en est la vedette.<\/p>\n<p>Le restaurant A\u00fcrt de l&rsquo;h\u00f4tel Hilton Diagonal Mar, laur\u00e9at du prix du design europ\u00e9en, cr\u00e9e une atmosph\u00e8re unique gr\u00e2ce \u00e0 un jeu de lumi\u00e8re et d&rsquo;espace qui refl\u00e8te l&rsquo;\u00e9nergie de Barcelone. El Nacional offre une immersion dans un univers culinaire diversifi\u00e9, un espace \u00e0 la fois moderne et r\u00e9tro, o\u00f9 l&rsquo;on se sent \u00e0 l&rsquo;aise et o\u00f9 chaque d\u00e9tail compte.<\/p>\n<p>Il ne faut pas manquer El Nacional, une exp\u00e9rience gastronomique compl\u00e8te, o\u00f9 vous pouvez d\u00e9couvrir jusqu&rsquo;\u00e0 8 espaces culinaires diff\u00e9rents. C&rsquo;est un lieu vaste et industriel, \u00e0 la fois moderne et r\u00e9tro, tout en \u00e9tant confortable et attentif aux d\u00e9tails.[\/vc_column_text][\/vc_column][vc_column width=\u00a0\u00bb1\/3&Prime;][vc_column_text css_animation=\u00a0\u00bbfadeInRight\u00a0\u00bb css=\u00a0\u00bb.vc_custom_1713868404047{margin-right: 20px !important;margin-left: 20px !important;}\u00a0\u00bb]Les h\u00f4tels ne sont pas en reste, avec l&rsquo;OD Barcelona o\u00f9 le design est roi, ou encore The Edition Hotel, o\u00f9 bois de noyer, marbre et mobilier design cohabitent pour instaurer une ambiance de s\u00e9r\u00e9nit\u00e9 et d&rsquo;\u00e9l\u00e9gance.<\/p>\n<p>Les bureaux ont compl\u00e8tement chang\u00e9 d&rsquo;aspect, passant des bo\u00eetes uniformes avec des rang\u00e9es de bureaux et un mauvais \u00e9clairage du d\u00e9but du vingti\u00e8me si\u00e8cle \u00e0 des espaces qui permettent le d\u00e9veloppement des comp\u00e9tences professionnelles de leurs employ\u00e9s, en \u00e9vitant autant que possible le stress. Des environnements o\u00f9 les couleurs, la distribution des tables, les lumi\u00e8res et m\u00eame la ventilation sont \u00e9tudi\u00e9es pour maximiser la capacit\u00e9 et le confort de tous, en cherchant \u00e0 am\u00e9liorer la productivit\u00e9 et l&rsquo;efficacit\u00e9, tout en cr\u00e9ant un environnement agr\u00e9able et relaxant qui permet une bonne communication \u00e0 la fois horizontale et verticale.[\/vc_column_text][\/vc_column][\/vc_row][vc_row css_animation=\u00a0\u00bbfadeInUp\u00a0\u00bb row_content_width=\u00a0\u00bbgrid\u00a0\u00bb][vc_column]<div class=\"edgtf-elements-holder   edgtf-one-column  edgtf-responsive-mode-768 \" ><div class=\"edgtf-eh-item     \"  data-item-class=\"edgtf-eh-custom-3955\">\n\t<div class=\"edgtf-eh-item-inner\">\n\t\t<div class=\"edgtf-eh-item-content edgtf-eh-custom-3955\" >\n\t\t\t[vc_empty_space][vc_separator][vc_empty_space][vc_column_text]<\/p>\n<h4>REMPLIR LE FORMULAIRE<\/h4>\n<h5>POUR RECEVOIR PLUS D&rsquo;INFORMATIONS<\/h5>\n<p>[\/vc_column_text][vc_empty_space][vc_raw_html]JTVCd3Bmb3JtcyUyMGlkJTNEJTIyNDcyMzMlMjIlMjB0aXRsZSUzRCUyMmZhbHNlJTIyJTVE[\/vc_raw_html]\t\t<\/div>\n\t<\/div>\n<\/div><\/div>[\/vc_column][\/vc_row][vc_row parallax=\u00a0\u00bbcontent-moving-fade\u00a0\u00bb row_content_width=\u00a0\u00bbgrid\u00a0\u00bb css=\u00a0\u00bb.vc_custom_1686830026355{margin-top: 148px !important;margin-bottom: 0px !important;border-top-width: 0px !important;border-bottom-width: 0px !important;padding-top: 0px !important;padding-bottom: 100px !important;}\u00a0\u00bb parallax_background_image=\u00a0\u00bb43717&Prime;][vc_column width=\u00a0\u00bb3\/4&Prime; css=\u00a0\u00bb.vc_custom_1687171681918{margin-top: 148px !important;}\u00a0\u00bb]<div class=\"edgtf-section-title-holder  edgtf-st-standard edgtf-st-title-left edgtf-st-normal-space \" >\n\t<div class=\"edgtf-st-inner\">\n\t\t\t\t\t<h2 class=\"edgtf-st-title\" style=\"color: #ffffff\">\n\t\t\t\tNOUS NOUS ENGAGEONS<br \/> EN FAVEUR DE LA DURABILIT\u00c9 \u00c0 LONG TERME.\t\t\t<\/h2>\n\t\t\t\t\t<\/div>\n<\/div>[vc_column_text css=\u00a0\u00bb.vc_custom_1713868492655{margin-bottom: 30px !important;}\u00a0\u00bb]<\/p>\n<h4><span style=\"color: #ffffff;\">NOUS SOMMES CONSCIENTS QU&rsquo;IL RESTE UN LONG CHEMIN \u00c0 PARCOURIR POUR PARVENIR \u00c0 LA DURABILIT\u00c9 DANS LE SECTEUR, ET NOUS NOUS ENGAGEONS \u00c0 CONTINUER \u00c0 METTRE EN \u0152UVRE DES AM\u00c9LIORATIONS DURABLES DANS NOTRE SYST\u00c8ME DE PRODUCTION AFIN DE R\u00c9ALISER DES ESPACES DURABLES.<\/span><\/h4>\n<p>[\/vc_column_text][\/vc_column][\/vc_row][vc_row][vc_column][vc_empty_space height=\u00a0\u00bb50px\u00a0\u00bb][\/vc_column][\/vc_row]<\/p>\n","protected":false},"excerpt":{"rendered":"<p>[vc_row row_content_width=\u00a0\u00bbgrid\u00a0\u00bb css=\u00a0\u00bb.vc_custom_1690900329751{margin-top: 148px !important;padding-bottom: 100px !important;}\u00a0\u00bb parallax_background_image=\u00a0\u00bb43878&Prime;][vc_column width=\u00a0\u00bb2\/3&Prime; css=\u00a0\u00bb.vc_custom_1686758060006{margin-top: 148px !important;}\u00a0\u00bb][\/vc_column][\/vc_row][vc_row content_placement=\u00a0\u00bbtop\u00a0\u00bb css_animation=\u00a0\u00bbfadeInUp\u00a0\u00bb row_content_width=\u00a0\u00bbgrid\u00a0\u00bb css=\u00a0\u00bb.vc_custom_1686763369499{padding-top: 100px !important;padding-bottom: 0px !important;}\u00a0\u00bb][vc_column][vc_empty_space][vc_empty_space height=\u00a0\u00bb50px\u00a0\u00bb][\/vc_column][\/vc_row][vc_row content_placement=\u00a0\u00bbtop\u00a0\u00bb row_content_width=\u00a0\u00bbgrid\u00a0\u00bb css=\u00a0\u00bb.vc_custom_1698948402509{padding-top: 32px !important;padding-bottom: 100px !important;}\u00a0\u00bb][vc_column css=\u00a0\u00bb.vc_custom_1698948186525{padding-top: 0px !important;}\u00a0\u00bb][vc_single_image image=\u00a0\u00bb46051&Prime; img_size=\u00a0\u00bbfull\u00a0\u00bb][\/vc_column][\/vc_row][vc_row content_placement=\u00a0\u00bbtop\u00a0\u00bb row_content_width=\u00a0\u00bbgrid\u00a0\u00bb css=\u00a0\u00bb.vc_custom_1686763299611{padding-top: 32px !important;padding-bottom: 32px !important;}\u00a0\u00bb][vc_column [&hellip;]<\/p>\n","protected":false},"author":1,"featured_media":0,"parent":0,"menu_order":0,"comment_status":"closed","ping_status":"closed","template":"full-width.php","meta":{"inline_featured_image":false,"footnotes":""},"class_list":["post-44808","page","type-page","status-publish","hentry"],"yoast_head":"<!-- This site is optimized with the Yoast SEO plugin v27.4 - https:\/\/yoast.com\/product\/yoast-seo-wordpress\/ -->\n<title>WE \u2764 RETAIL<\/title>\n<meta name=\"description\" content=\"NOUS CREONS DES DESIGN UNIQUES ET FONCTIONNELS QUI VALORISENT L&#039;IDENTIT\u00c9 DE VOTRE MARQUE\" \/>\n<meta name=\"robots\" content=\"noindex, nofollow\" \/>\n<meta property=\"og:locale\" content=\"fr_FR\" \/>\n<meta property=\"og:type\" content=\"article\" \/>\n<meta property=\"og:title\" content=\"WE \u2764 RETAIL\" \/>\n<meta property=\"og:description\" content=\"NOUS CREONS DES DESIGN UNIQUES ET FONCTIONNELS QUI VALORISENT L&#039;IDENTIT\u00c9 DE VOTRE MARQUE\" \/>\n<meta property=\"og:url\" content=\"https:\/\/contemporaneaeventi.com\/fr\/retail\/\" \/>\n<meta property=\"og:site_name\" content=\"Contemporanea Eventi\" \/>\n<meta property=\"article:modified_time\" content=\"2025-04-29T09:08:47+00:00\" \/>\n<meta property=\"og:image\" content=\"https:\/\/contemporaneaeventi.com\/wp-content\/uploads\/2023\/08\/cropped-favicon.png\" \/>\n\t<meta property=\"og:image:width\" content=\"512\" \/>\n\t<meta property=\"og:image:height\" content=\"512\" \/>\n\t<meta property=\"og:image:type\" content=\"image\/png\" \/>\n<meta name=\"twitter:card\" content=\"summary_large_image\" \/>\n<meta name=\"twitter:label1\" content=\"Dur\u00e9e de lecture estim\u00e9e\" \/>\n\t<meta name=\"twitter:data1\" content=\"5 minutes\" \/>\n<script type=\"application\/ld+json\" class=\"yoast-schema-graph\">{\"@context\":\"https:\\\/\\\/schema.org\",\"@graph\":[{\"@type\":\"WebPage\",\"@id\":\"https:\\\/\\\/contemporaneaeventi.com\\\/fr\\\/retail\\\/\",\"url\":\"https:\\\/\\\/contemporaneaeventi.com\\\/fr\\\/retail\\\/\",\"name\":\"WE \u2764 RETAIL\",\"isPartOf\":{\"@id\":\"https:\\\/\\\/www.contemporaneaeventi.com\\\/fr\\\/#website\"},\"datePublished\":\"2023-08-01T13:38:35+00:00\",\"dateModified\":\"2025-04-29T09:08:47+00:00\",\"description\":\"NOUS CREONS DES DESIGN UNIQUES ET FONCTIONNELS QUI VALORISENT L'IDENTIT\u00c9 DE VOTRE MARQUE\",\"breadcrumb\":{\"@id\":\"https:\\\/\\\/contemporaneaeventi.com\\\/fr\\\/retail\\\/#breadcrumb\"},\"inLanguage\":\"fr-FR\",\"potentialAction\":[{\"@type\":\"ReadAction\",\"target\":[\"https:\\\/\\\/contemporaneaeventi.com\\\/fr\\\/retail\\\/\"]}]},{\"@type\":\"BreadcrumbList\",\"@id\":\"https:\\\/\\\/contemporaneaeventi.com\\\/fr\\\/retail\\\/#breadcrumb\",\"itemListElement\":[{\"@type\":\"ListItem\",\"position\":1,\"name\":\"Portada\",\"item\":\"https:\\\/\\\/contemporaneaeventi.com\\\/fr\\\/\"},{\"@type\":\"ListItem\",\"position\":2,\"name\":\"WE \u2764 RETAIL\"}]},{\"@type\":\"WebSite\",\"@id\":\"https:\\\/\\\/www.contemporaneaeventi.com\\\/fr\\\/#website\",\"url\":\"https:\\\/\\\/www.contemporaneaeventi.com\\\/fr\\\/\",\"name\":\"Contemporanea Eventi\",\"description\":\"Contemporanea Eventi - WE \u2764 STANDS\",\"publisher\":{\"@id\":\"https:\\\/\\\/www.contemporaneaeventi.com\\\/fr\\\/#organization\"},\"potentialAction\":[{\"@type\":\"SearchAction\",\"target\":{\"@type\":\"EntryPoint\",\"urlTemplate\":\"https:\\\/\\\/www.contemporaneaeventi.com\\\/fr\\\/?s={search_term_string}\"},\"query-input\":{\"@type\":\"PropertyValueSpecification\",\"valueRequired\":true,\"valueName\":\"search_term_string\"}}],\"inLanguage\":\"fr-FR\"},{\"@type\":\"Organization\",\"@id\":\"https:\\\/\\\/www.contemporaneaeventi.com\\\/fr\\\/#organization\",\"name\":\"Contemporanea Eventi\",\"alternateName\":\"Contemporanea Eventi\",\"url\":\"https:\\\/\\\/www.contemporaneaeventi.com\\\/fr\\\/\",\"logo\":{\"@type\":\"ImageObject\",\"inLanguage\":\"fr-FR\",\"@id\":\"https:\\\/\\\/www.contemporaneaeventi.com\\\/fr\\\/#\\\/schema\\\/logo\\\/image\\\/\",\"url\":\"https:\\\/\\\/contemporaneaeventi.com\\\/wp-content\\\/uploads\\\/2023\\\/05\\\/07-home.jpg\",\"contentUrl\":\"https:\\\/\\\/contemporaneaeventi.com\\\/wp-content\\\/uploads\\\/2023\\\/05\\\/07-home.jpg\",\"width\":900,\"height\":900,\"caption\":\"Contemporanea Eventi\"},\"image\":{\"@id\":\"https:\\\/\\\/www.contemporaneaeventi.com\\\/fr\\\/#\\\/schema\\\/logo\\\/image\\\/\"}}]}<\/script>\n<!-- \/ Yoast SEO plugin. -->","yoast_head_json":{"title":"WE \u2764 RETAIL","description":"NOUS CREONS DES DESIGN UNIQUES ET FONCTIONNELS QUI VALORISENT L'IDENTIT\u00c9 DE VOTRE MARQUE","robots":{"index":"noindex","follow":"nofollow"},"og_locale":"fr_FR","og_type":"article","og_title":"WE \u2764 RETAIL","og_description":"NOUS CREONS DES DESIGN UNIQUES ET FONCTIONNELS QUI VALORISENT L'IDENTIT\u00c9 DE VOTRE MARQUE","og_url":"https:\/\/contemporaneaeventi.com\/fr\/retail\/","og_site_name":"Contemporanea Eventi","article_modified_time":"2025-04-29T09:08:47+00:00","og_image":[{"width":512,"height":512,"url":"https:\/\/contemporaneaeventi.com\/wp-content\/uploads\/2023\/08\/cropped-favicon.png","type":"image\/png"}],"twitter_card":"summary_large_image","twitter_misc":{"Dur\u00e9e de lecture estim\u00e9e":"5 minutes"},"schema":{"@context":"https:\/\/schema.org","@graph":[{"@type":"WebPage","@id":"https:\/\/contemporaneaeventi.com\/fr\/retail\/","url":"https:\/\/contemporaneaeventi.com\/fr\/retail\/","name":"WE \u2764 RETAIL","isPartOf":{"@id":"https:\/\/www.contemporaneaeventi.com\/fr\/#website"},"datePublished":"2023-08-01T13:38:35+00:00","dateModified":"2025-04-29T09:08:47+00:00","description":"NOUS CREONS DES DESIGN UNIQUES ET FONCTIONNELS QUI VALORISENT L'IDENTIT\u00c9 DE VOTRE MARQUE","breadcrumb":{"@id":"https:\/\/contemporaneaeventi.com\/fr\/retail\/#breadcrumb"},"inLanguage":"fr-FR","potentialAction":[{"@type":"ReadAction","target":["https:\/\/contemporaneaeventi.com\/fr\/retail\/"]}]},{"@type":"BreadcrumbList","@id":"https:\/\/contemporaneaeventi.com\/fr\/retail\/#breadcrumb","itemListElement":[{"@type":"ListItem","position":1,"name":"Portada","item":"https:\/\/contemporaneaeventi.com\/fr\/"},{"@type":"ListItem","position":2,"name":"WE \u2764 RETAIL"}]},{"@type":"WebSite","@id":"https:\/\/www.contemporaneaeventi.com\/fr\/#website","url":"https:\/\/www.contemporaneaeventi.com\/fr\/","name":"Contemporanea Eventi","description":"Contemporanea Eventi - WE \u2764 STANDS","publisher":{"@id":"https:\/\/www.contemporaneaeventi.com\/fr\/#organization"},"potentialAction":[{"@type":"SearchAction","target":{"@type":"EntryPoint","urlTemplate":"https:\/\/www.contemporaneaeventi.com\/fr\/?s={search_term_string}"},"query-input":{"@type":"PropertyValueSpecification","valueRequired":true,"valueName":"search_term_string"}}],"inLanguage":"fr-FR"},{"@type":"Organization","@id":"https:\/\/www.contemporaneaeventi.com\/fr\/#organization","name":"Contemporanea Eventi","alternateName":"Contemporanea Eventi","url":"https:\/\/www.contemporaneaeventi.com\/fr\/","logo":{"@type":"ImageObject","inLanguage":"fr-FR","@id":"https:\/\/www.contemporaneaeventi.com\/fr\/#\/schema\/logo\/image\/","url":"https:\/\/contemporaneaeventi.com\/wp-content\/uploads\/2023\/05\/07-home.jpg","contentUrl":"https:\/\/contemporaneaeventi.com\/wp-content\/uploads\/2023\/05\/07-home.jpg","width":900,"height":900,"caption":"Contemporanea Eventi"},"image":{"@id":"https:\/\/www.contemporaneaeventi.com\/fr\/#\/schema\/logo\/image\/"}}]}},"_links":{"self":[{"href":"https:\/\/contemporaneaeventi.com\/fr\/wp-json\/wp\/v2\/pages\/44808","targetHints":{"allow":["GET"]}}],"collection":[{"href":"https:\/\/contemporaneaeventi.com\/fr\/wp-json\/wp\/v2\/pages"}],"about":[{"href":"https:\/\/contemporaneaeventi.com\/fr\/wp-json\/wp\/v2\/types\/page"}],"author":[{"embeddable":true,"href":"https:\/\/contemporaneaeventi.com\/fr\/wp-json\/wp\/v2\/users\/1"}],"replies":[{"embeddable":true,"href":"https:\/\/contemporaneaeventi.com\/fr\/wp-json\/wp\/v2\/comments?post=44808"}],"version-history":[{"count":22,"href":"https:\/\/contemporaneaeventi.com\/fr\/wp-json\/wp\/v2\/pages\/44808\/revisions"}],"predecessor-version":[{"id":47239,"href":"https:\/\/contemporaneaeventi.com\/fr\/wp-json\/wp\/v2\/pages\/44808\/revisions\/47239"}],"wp:attachment":[{"href":"https:\/\/contemporaneaeventi.com\/fr\/wp-json\/wp\/v2\/media?parent=44808"}],"curies":[{"name":"wp","href":"https:\/\/api.w.org\/{rel}","templated":true}]}}