{"id":43852,"date":"2023-08-01T14:38:35","date_gmt":"2023-08-01T14:38:35","guid":{"rendered":"https:\/\/contemporaneaeventi.com\/?page_id=43852"},"modified":"2025-04-29T09:51:28","modified_gmt":"2025-04-29T08:51:28","slug":"retail","status":"publish","type":"page","link":"https:\/\/contemporaneaeventi.com\/es\/retail\/","title":{"rendered":"WE \u2764 RETAIL"},"content":{"rendered":"<p>[vc_row row_content_width=\u00bbgrid\u00bb css=\u00bb.vc_custom_1690900329751{margin-top: 148px !important;padding-bottom: 100px !important;}\u00bb parallax_background_image=\u00bb43878&#8243;][vc_column width=\u00bb2\/3&#8243; css=\u00bb.vc_custom_1686758060006{margin-top: 148px !important;}\u00bb]<div class=\"edgtf-elements-holder   edgtf-three-columns  edgtf-responsive-mode-1024 \" ><div class=\"edgtf-eh-item  edgtf-vertical-alignment-top   \"  data-item-class=\"edgtf-eh-custom-8788\" data-1025-1366=\"0px 35px 0px 0px\" data-769-1024=\"0px 0px 30px\" data-681-768=\"0px 0px 30px\" data-680=\"0px 0px 30px\">\n\t<div class=\"edgtf-eh-item-inner\">\n\t\t<div class=\"edgtf-eh-item-content edgtf-eh-custom-8788\" style=\"padding: 0px 50px 0px 0px\">\n\t\t\t<div class=\"edgtf-section-title-holder  edgtf-st-standard edgtf-st-title-left edgtf-st-normal-space edgtf-st-disable-title-break\" >\n\t<div class=\"edgtf-st-inner\">\n\t\t\t\t\t<h1 class=\"edgtf-st-title\" style=\"color: #ffffff\">\n\t\t\t\tWE \u2764 RETAIL\t\t\t<\/h1>\n\t\t\t\t\t<\/div>\n<\/div>[vc_column_text css=\u00bb.vc_custom_1690992763420{margin-bottom: 30px !important;}\u00bb]<\/p>\n<h4><span style=\"color: #ffffff;\">INTERIORISMO EN ESPACIOS COMERCIALES (oficinas, naves, tiendas, popups, showrooms, escenarios, etc)<br \/>\nCreamos dise\u00f1os \u00fanicos y funcionales que resaltan la identidad de tu negocio<\/span><\/h4>\n<p>[\/vc_column_text]\t\t<\/div>\n\t<\/div>\n<\/div><\/div>[\/vc_column][\/vc_row][vc_row content_placement=\u00bbtop\u00bb css_animation=\u00bbfadeInUp\u00bb row_content_width=\u00bbgrid\u00bb css=\u00bb.vc_custom_1686763369499{padding-top: 100px !important;padding-bottom: 0px !important;}\u00bb][vc_column][vc_empty_space]<div class=\"edgtf-section-title-holder  edgtf-st-standard edgtf-st-title-left edgtf-st-normal-space \" >\n\t<div class=\"edgtf-st-inner\">\n\t\t\t\t\t<h2 class=\"edgtf-st-title\" >\n\t\t\t\tTransformamos espacios en ambientes \u00fanicos que reflejan la esencia de marca\t\t\t<\/h2>\n\t\t\t\t\t<\/div>\n<\/div>[vc_empty_space height=\u00bb50px\u00bb][\/vc_column][\/vc_row][vc_row content_placement=\u00bbtop\u00bb row_content_width=\u00bbgrid\u00bb css=\u00bb.vc_custom_1698948402509{padding-top: 32px !important;padding-bottom: 100px !important;}\u00bb][vc_column css=\u00bb.vc_custom_1698948186525{padding-top: 0px !important;}\u00bb][vc_single_image image=\u00bb44168&#8243; img_size=\u00bbfull\u00bb][\/vc_column][\/vc_row][vc_row content_placement=\u00bbtop\u00bb row_content_width=\u00bbgrid\u00bb css=\u00bb.vc_custom_1686763299611{padding-top: 32px !important;padding-bottom: 32px !important;}\u00bb][vc_column width=\u00bb1\/3&#8243; css=\u00bb.vc_custom_1690899742601{padding-top: 0px !important;padding-bottom: 32px !important;}\u00bb][vc_single_image image=\u00bb43882&#8243; img_size=\u00bbfull\u00bb alignment=\u00bbcenter\u00bb onclick=\u00bblink_image\u00bb css_animation=\u00bbfadeInLeft\u00bb css=\u00bb.vc_custom_1690900369045{margin-top: 0px !important;border-top-width: 0px !important;padding-top: 0px !important;}\u00bb][\/vc_column][vc_column width=\u00bb2\/3&#8243;]<div class=\"edgtf-elements-holder   edgtf-three-columns  edgtf-responsive-mode-1024 \" ><div class=\"edgtf-eh-item  edgtf-vertical-alignment-top   \"  data-item-class=\"edgtf-eh-custom-3967\" data-1025-1366=\"0px 35px 0px 0px\" data-769-1024=\"0px 0px 30px\" data-681-768=\"0px 0px 30px\" data-680=\"0px 0px 30px\">\n\t<div class=\"edgtf-eh-item-inner\">\n\t\t<div class=\"edgtf-eh-item-content edgtf-eh-custom-3967\" style=\"padding: 0px 50px 0px 0px\">\n\t\t\t[vc_column_text css_animation=\u00bbfadeInRight\u00bb css=\u00bb.vc_custom_1690986527727{margin-right: 20px !important;margin-left: 20px !important;}\u00bb]En Contempor\u00e1nea Eventi, nos especializamos en interiorismo comercial, ofreciendo una amplia experiencia en dise\u00f1o. Nos enfocamos en proyectos de retail, de oficinas corporativas y de hoteles, encarg\u00e1ndonos de la producci\u00f3n integral de su dise\u00f1o. Nuestra meta es lograr resultados extraordinarios en cada proyecto desde su planificaci\u00f3n hasta su ejecuci\u00f3n final.<\/p>\n<p>Nuestro equipo altamente cualificados est\u00e1 comprometido en satisfacer las necesidades de todos nuestros clientes.<\/p>\n<p>Adoptamos un enfoque minucioso que implica un an\u00e1lisis exhaustivo de los detalles de cada negocio. Este proceso nos permite comprender mejor el sector y asegurar que nuestro dise\u00f1o se alinee con los objetivos comerciales.<\/p>\n<p>Valoramos la individualidad de cada cliente, por lo que cada dise\u00f1o es totalmente personalizado y adaptado a sus necesidades espec\u00edficas. Nos apasiona crear espacios \u00fanicos que reflejen identidades \u00fanicas y se conviertan en un reflejo aut\u00e9ntico de las marcas.[\/vc_column_text]\t\t<\/div>\n\t<\/div>\n<\/div><\/div>[\/vc_column][\/vc_row][vc_row content_placement=\u00bbtop\u00bb css_animation=\u00bbfadeInUp\u00bb row_content_width=\u00bbgrid\u00bb css=\u00bb.vc_custom_1686763369499{padding-top: 100px !important;padding-bottom: 0px !important;}\u00bb][vc_column]<div class=\"edgtf-section-title-holder  edgtf-st-standard edgtf-st-title-left edgtf-st-normal-space \" >\n\t<div class=\"edgtf-st-inner\">\n\t\t\t\t\t<h2 class=\"edgtf-st-title\" >\n\t\t\t\tProyectos de retail, Interiorismo en hoteles, restaurantes y oficinas\t\t\t<\/h2>\n\t\t\t\t\t<\/div>\n<\/div>[vc_empty_space height=\u00bb50px\u00bb][\/vc_column][\/vc_row][vc_row content_placement=\u00bbtop\u00bb row_content_width=\u00bbgrid\u00bb css=\u00bb.vc_custom_1686763299611{padding-top: 32px !important;padding-bottom: 32px !important;}\u00bb][vc_column width=\u00bb1\/3&#8243; css=\u00bb.vc_custom_1690899742601{padding-top: 0px !important;padding-bottom: 32px !important;}\u00bb][vc_single_image image=\u00bb43876&#8243; img_size=\u00bbfull\u00bb alignment=\u00bbcenter\u00bb onclick=\u00bblink_image\u00bb css_animation=\u00bbfadeInLeft\u00bb css=\u00bb.vc_custom_1690900511392{margin-top: 0px !important;border-top-width: 0px !important;padding-top: 0px !important;}\u00bb][\/vc_column][vc_column width=\u00bb2\/3&#8243;]<div class=\"edgtf-elements-holder   edgtf-three-columns  edgtf-responsive-mode-1024 \" ><div class=\"edgtf-eh-item  edgtf-vertical-alignment-top   \"  data-item-class=\"edgtf-eh-custom-5742\" data-1025-1366=\"0px 35px 0px 0px\" data-769-1024=\"0px 0px 30px\" data-681-768=\"0px 0px 30px\" data-680=\"0px 0px 30px\">\n\t<div class=\"edgtf-eh-item-inner\">\n\t\t<div class=\"edgtf-eh-item-content edgtf-eh-custom-5742\" style=\"padding: 0px 50px 0px 0px\">\n\t\t\t[vc_column_text css_animation=\u00bbfadeInRight\u00bb css=\u00bb.vc_custom_1690984059293{margin-right: 20px !important;margin-left: 20px !important;}\u00bb]En Contempor\u00e1nea Eventi, garantizamos la excelencia en cada proyecto mediante la minuciosa supervisi\u00f3n en cada proceso de fabricaci\u00f3n. Nuestra prioridad es asegurarnos de que cada detalle se ajuste perfectamente a las directrices y requerimientos espec\u00edficos de nuestros clientes.<\/p>\n<p>Comprendemos la importancia de garantizar resultados excelentes y es por eso que siempre recomendamos contar con la asistencia de profesionales en interiorismo. Contratar los servicios de una agencia como la nuestra ofrece ventajas significativas, como el ahorro de dinero, la selecci\u00f3n de los materiales m\u00e1s convenientes al mejor precio y la elecci\u00f3n de los mejores proveedores especializados, para as\u00ed asegurar la calidad y eficiencia del proyecto, con un asesoramiento profesional personalizado.[\/vc_column_text][vc_empty_space]\t\t<\/div>\n\t<\/div>\n<\/div><\/div>[\/vc_column][\/vc_row][vc_row content_placement=\u00bbtop\u00bb row_content_width=\u00bbgrid\u00bb css=\u00bb.vc_custom_1686763299611{padding-top: 32px !important;padding-bottom: 32px !important;}\u00bb][vc_column width=\u00bb1\/3&#8243; css=\u00bb.vc_custom_1690899742601{padding-top: 0px !important;padding-bottom: 32px !important;}\u00bb][vc_column_text css_animation=\u00bbfadeInRight\u00bb css=\u00bb.vc_custom_1698936934787{margin-right: 20px !important;margin-left: 20px !important;}\u00bb]<\/p>\n<h5>Tambi\u00e9n ofrecemos dise\u00f1o de interiores en el sector de la hosteler\u00eda.<\/h5>\n<p>Restaurantes contempor\u00e1neos que ofrecen una experiencia completa y eso se logra a trav\u00e9s de un dise\u00f1o interior muy estudiado donde no solo se deleita el gusto sino tambi\u00e9n la vista, el o\u00eddo, el olor y el tacto: tapicer\u00eda, muebles, decoraci\u00f3n de las paredes, cada detalle est\u00e1 dise\u00f1ado de manera que comer en un restaurante ya no es solo comer sino una experiencia \u00fanica de todos los sentidos.[\/vc_column_text][\/vc_column][vc_column width=\u00bb1\/3&#8243;][vc_column_text css_animation=\u00bbfadeInRight\u00bb css=\u00bb.vc_custom_1698936804879{margin-right: 20px !important;margin-left: 20px !important;}\u00bb]Algunos ejemplos notables de interiorismo en Barcelona dentro del sector de la hospitalidad son el hermoso restaurante Ikibana, construido para parecerse a un bosque de ramas entrelazadas donde la madera, las hojas exuberantes y las curvas crean una sensaci\u00f3n de movimiento a medida que la luz fluye proyectando diferentes tonos en paredes y muebles. Otro gran ejemplo es la Tunateca Belfeg\u00f3, donde el at\u00fan rojo es el ingrediente estrella. Fue dise\u00f1ado para parecerse al fondo del mar basado en los colores de la piel y la carne del at\u00fan, azul, plata y rojo.<\/p>\n<p>A\u00fcrt, el restaurante del hotel Hilton Diagonal Mar, que recientemente gan\u00f3 el premio como el restaurante europeo mejor dise\u00f1ado de acuerdo con los Premios Internacionales de Hoteles y Propiedades, se encuentra en el vest\u00edbulo del hotel, donde la luz y el espacio, los colores azul, naranja y madera que representan la energ\u00eda de Barcelona crean un ambiente \u00fanico para disfrutar del espect\u00e1culo culinario que tiene lugar frente a los clientes.<\/p>\n<p>No te puedes perder El Nacional, una experiencia gourmet completa, donde puedes encontrar hasta 8 \u00e1reas culinarias diferentes. Es enorme e industrial, moderno y retro, pero al mismo tiempo acogedor y orientado a los detalles.[\/vc_column_text][\/vc_column][vc_column width=\u00bb1\/3&#8243;][vc_column_text css_animation=\u00bbfadeInRight\u00bb css=\u00bb.vc_custom_1698936621936{margin-right: 20px !important;margin-left: 20px !important;}\u00bb]Lo mismo ocurre con los hoteles: OD Barcelona, donde el dise\u00f1o desempe\u00f1a el papel principal o The Edition Hotel, donde la madera de nogal, el m\u00e1rmol, los muebles de dise\u00f1o y las obras de arte se combinan para crear una sensaci\u00f3n de paz y tranquilidad.<\/p>\n<p>Las instalaciones de la oficina han cambiado completamente su apariencia de cajas uniformes con filas de mesas y poca iluminaci\u00f3n de principios del siglo XX para ser espacios que permitan el desarrollo de las habilidades profesionales de sus empleados, evitando el estr\u00e9s tanto como sea posible. Ambientes donde se estudian los colores, la distribuci\u00f3n de las mesas, las luces e incluso la ventilaci\u00f3n para maximizar la capacidad y la comodidad de todos, buscando una mejor productividad y eficiencia, a pesar de la creaci\u00f3n de un ambiente agradable y relajante que proporcione una buena comunicaci\u00f3n tanto horizontal y verticalmente[\/vc_column_text][\/vc_column][\/vc_row][vc_row css_animation=\u00bbfadeInUp\u00bb row_content_width=\u00bbgrid\u00bb][vc_column]<div class=\"edgtf-elements-holder   edgtf-one-column  edgtf-responsive-mode-768 \" ><div class=\"edgtf-eh-item     \"  data-item-class=\"edgtf-eh-custom-7843\">\n\t<div class=\"edgtf-eh-item-inner\">\n\t\t<div class=\"edgtf-eh-item-content edgtf-eh-custom-7843\" >\n\t\t\t[vc_empty_space][vc_separator][vc_empty_space][vc_column_text]<\/p>\n<h4>RELLENAR EL FORMULARIO<\/h4>\n<h5>para recibir m\u00e1s informaci\u00f3n<\/h5>\n<p>[\/vc_column_text][vc_empty_space][vc_raw_html]JTVCd3Bmb3JtcyUyMGlkJTNEJTIyNDcyMDElMjIlMjB0aXRsZSUzRCUyMmZhbHNlJTIyJTVE[\/vc_raw_html]\t\t<\/div>\n\t<\/div>\n<\/div><\/div>[\/vc_column][\/vc_row][vc_row parallax=\u00bbcontent-moving-fade\u00bb row_content_width=\u00bbgrid\u00bb css=\u00bb.vc_custom_1686830026355{margin-top: 148px !important;margin-bottom: 0px !important;border-top-width: 0px !important;border-bottom-width: 0px !important;padding-top: 0px !important;padding-bottom: 100px !important;}\u00bb parallax_background_image=\u00bb43717&#8243;][vc_column width=\u00bb3\/4&#8243; css=\u00bb.vc_custom_1687171681918{margin-top: 148px !important;}\u00bb]<div class=\"edgtf-section-title-holder  edgtf-st-standard edgtf-st-title-left edgtf-st-normal-space \" >\n\t<div class=\"edgtf-st-inner\">\n\t\t\t\t\t<h2 class=\"edgtf-st-title\" style=\"color: #ffffff\">\n\t\t\t\tNos comprometemos con<br \/> la sostenibilidad a largo plazo.\t\t\t<\/h2>\n\t\t\t\t\t<\/div>\n<\/div>[vc_column_text css=\u00bb.vc_custom_1690985326185{margin-bottom: 30px !important;}\u00bb]<\/p>\n<h4><span style=\"color: #ffffff;\">Somos conscientes de que a\u00fan queda mucho por hacer para lograr la sostenibilidad en el sector, y nos comprometemos a continuar implementando mejoras sostenibles en nuestro sistema de producci\u00f3n para realizar espacios sostenibles.<\/span><\/h4>\n<p>[\/vc_column_text][\/vc_column][\/vc_row][vc_row][vc_column][vc_empty_space height=\u00bb50px\u00bb][\/vc_column][\/vc_row]<\/p>\n","protected":false},"excerpt":{"rendered":"<p>[vc_row row_content_width=\u00bbgrid\u00bb css=\u00bb.vc_custom_1690900329751{margin-top: 148px !important;padding-bottom: 100px !important;}\u00bb parallax_background_image=\u00bb43878&#8243;][vc_column width=\u00bb2\/3&#8243; css=\u00bb.vc_custom_1686758060006{margin-top: 148px !important;}\u00bb][\/vc_column][\/vc_row][vc_row content_placement=\u00bbtop\u00bb css_animation=\u00bbfadeInUp\u00bb row_content_width=\u00bbgrid\u00bb css=\u00bb.vc_custom_1686763369499{padding-top: 100px !important;padding-bottom: 0px !important;}\u00bb][vc_column][vc_empty_space][vc_empty_space height=\u00bb50px\u00bb][\/vc_column][\/vc_row][vc_row content_placement=\u00bbtop\u00bb row_content_width=\u00bbgrid\u00bb css=\u00bb.vc_custom_1698948402509{padding-top: 32px !important;padding-bottom: 100px !important;}\u00bb][vc_column css=\u00bb.vc_custom_1698948186525{padding-top: 0px !important;}\u00bb][vc_single_image image=\u00bb44168&#8243; img_size=\u00bbfull\u00bb][\/vc_column][\/vc_row][vc_row content_placement=\u00bbtop\u00bb row_content_width=\u00bbgrid\u00bb css=\u00bb.vc_custom_1686763299611{padding-top: 32px !important;padding-bottom: 32px !important;}\u00bb][vc_column [&hellip;]<\/p>\n","protected":false},"author":1,"featured_media":0,"parent":0,"menu_order":0,"comment_status":"closed","ping_status":"closed","template":"full-width.php","meta":{"inline_featured_image":false,"footnotes":""},"class_list":["post-43852","page","type-page","status-publish","hentry"],"yoast_head":"<!-- This site is optimized with the Yoast SEO plugin v27.4 - https:\/\/yoast.com\/product\/yoast-seo-wordpress\/ -->\n<title>WE \u2764 RETAIL<\/title>\n<meta name=\"description\" content=\"Creamos dise\u00f1os \u00fanicos y funcionales que resaltan la identidad de tu negocio.\" \/>\n<meta name=\"robots\" content=\"index, follow, max-snippet:-1, max-image-preview:large, max-video-preview:-1\" \/>\n<link rel=\"canonical\" href=\"https:\/\/contemporaneaeventi.com\/es\/retail\/\" \/>\n<meta property=\"og:locale\" content=\"es_ES\" \/>\n<meta property=\"og:type\" content=\"article\" \/>\n<meta property=\"og:title\" content=\"WE \u2764 RETAIL\" \/>\n<meta property=\"og:description\" content=\"Creamos dise\u00f1os \u00fanicos y funcionales que resaltan la identidad de tu negocio.\" \/>\n<meta property=\"og:url\" content=\"https:\/\/contemporaneaeventi.com\/es\/retail\/\" \/>\n<meta property=\"og:site_name\" content=\"Contemporanea Eventi\" \/>\n<meta property=\"article:modified_time\" content=\"2025-04-29T08:51:28+00:00\" \/>\n<meta property=\"og:image\" content=\"https:\/\/contemporaneaeventi.com\/wp-content\/uploads\/2023\/08\/cropped-favicon.png\" \/>\n\t<meta property=\"og:image:width\" content=\"512\" \/>\n\t<meta property=\"og:image:height\" content=\"512\" \/>\n\t<meta property=\"og:image:type\" content=\"image\/png\" \/>\n<meta name=\"twitter:card\" content=\"summary_large_image\" \/>\n<meta name=\"twitter:label1\" content=\"Tiempo de lectura\" \/>\n\t<meta name=\"twitter:data1\" content=\"5 minutos\" \/>\n<script type=\"application\/ld+json\" class=\"yoast-schema-graph\">{\"@context\":\"https:\\\/\\\/schema.org\",\"@graph\":[{\"@type\":\"WebPage\",\"@id\":\"https:\\\/\\\/contemporaneaeventi.com\\\/es\\\/retail\\\/\",\"url\":\"https:\\\/\\\/contemporaneaeventi.com\\\/es\\\/retail\\\/\",\"name\":\"WE \u2764 RETAIL\",\"isPartOf\":{\"@id\":\"https:\\\/\\\/www.contemporaneaeventi.com\\\/es\\\/#website\"},\"datePublished\":\"2023-08-01T14:38:35+00:00\",\"dateModified\":\"2025-04-29T08:51:28+00:00\",\"description\":\"Creamos dise\u00f1os \u00fanicos y funcionales que resaltan la identidad de tu negocio.\",\"breadcrumb\":{\"@id\":\"https:\\\/\\\/contemporaneaeventi.com\\\/es\\\/retail\\\/#breadcrumb\"},\"inLanguage\":\"es\",\"potentialAction\":[{\"@type\":\"ReadAction\",\"target\":[\"https:\\\/\\\/contemporaneaeventi.com\\\/es\\\/retail\\\/\"]}]},{\"@type\":\"BreadcrumbList\",\"@id\":\"https:\\\/\\\/contemporaneaeventi.com\\\/es\\\/retail\\\/#breadcrumb\",\"itemListElement\":[{\"@type\":\"ListItem\",\"position\":1,\"name\":\"Portada\",\"item\":\"https:\\\/\\\/contemporaneaeventi.com\\\/es\\\/\"},{\"@type\":\"ListItem\",\"position\":2,\"name\":\"WE \u2764 RETAIL\"}]},{\"@type\":\"WebSite\",\"@id\":\"https:\\\/\\\/www.contemporaneaeventi.com\\\/es\\\/#website\",\"url\":\"https:\\\/\\\/www.contemporaneaeventi.com\\\/es\\\/\",\"name\":\"Contemporanea Eventi\",\"description\":\"Contemporanea Eventi - WE \u2764 STANDS\",\"publisher\":{\"@id\":\"https:\\\/\\\/www.contemporaneaeventi.com\\\/es\\\/#organization\"},\"potentialAction\":[{\"@type\":\"SearchAction\",\"target\":{\"@type\":\"EntryPoint\",\"urlTemplate\":\"https:\\\/\\\/www.contemporaneaeventi.com\\\/es\\\/?s={search_term_string}\"},\"query-input\":{\"@type\":\"PropertyValueSpecification\",\"valueRequired\":true,\"valueName\":\"search_term_string\"}}],\"inLanguage\":\"es\"},{\"@type\":\"Organization\",\"@id\":\"https:\\\/\\\/www.contemporaneaeventi.com\\\/es\\\/#organization\",\"name\":\"Contemporanea Eventi\",\"alternateName\":\"Contemporanea Eventi\",\"url\":\"https:\\\/\\\/www.contemporaneaeventi.com\\\/es\\\/\",\"logo\":{\"@type\":\"ImageObject\",\"inLanguage\":\"es\",\"@id\":\"https:\\\/\\\/www.contemporaneaeventi.com\\\/es\\\/#\\\/schema\\\/logo\\\/image\\\/\",\"url\":\"https:\\\/\\\/contemporaneaeventi.com\\\/wp-content\\\/uploads\\\/2023\\\/05\\\/07-home.jpg\",\"contentUrl\":\"https:\\\/\\\/contemporaneaeventi.com\\\/wp-content\\\/uploads\\\/2023\\\/05\\\/07-home.jpg\",\"width\":900,\"height\":900,\"caption\":\"Contemporanea Eventi\"},\"image\":{\"@id\":\"https:\\\/\\\/www.contemporaneaeventi.com\\\/es\\\/#\\\/schema\\\/logo\\\/image\\\/\"}}]}<\/script>\n<!-- \/ Yoast SEO plugin. -->","yoast_head_json":{"title":"WE \u2764 RETAIL","description":"Creamos dise\u00f1os \u00fanicos y funcionales que resaltan la identidad de tu negocio.","robots":{"index":"index","follow":"follow","max-snippet":"max-snippet:-1","max-image-preview":"max-image-preview:large","max-video-preview":"max-video-preview:-1"},"canonical":"https:\/\/contemporaneaeventi.com\/es\/retail\/","og_locale":"es_ES","og_type":"article","og_title":"WE \u2764 RETAIL","og_description":"Creamos dise\u00f1os \u00fanicos y funcionales que resaltan la identidad de tu negocio.","og_url":"https:\/\/contemporaneaeventi.com\/es\/retail\/","og_site_name":"Contemporanea Eventi","article_modified_time":"2025-04-29T08:51:28+00:00","og_image":[{"width":512,"height":512,"url":"https:\/\/contemporaneaeventi.com\/wp-content\/uploads\/2023\/08\/cropped-favicon.png","type":"image\/png"}],"twitter_card":"summary_large_image","twitter_misc":{"Tiempo de lectura":"5 minutos"},"schema":{"@context":"https:\/\/schema.org","@graph":[{"@type":"WebPage","@id":"https:\/\/contemporaneaeventi.com\/es\/retail\/","url":"https:\/\/contemporaneaeventi.com\/es\/retail\/","name":"WE \u2764 RETAIL","isPartOf":{"@id":"https:\/\/www.contemporaneaeventi.com\/es\/#website"},"datePublished":"2023-08-01T14:38:35+00:00","dateModified":"2025-04-29T08:51:28+00:00","description":"Creamos dise\u00f1os \u00fanicos y funcionales que resaltan la identidad de tu negocio.","breadcrumb":{"@id":"https:\/\/contemporaneaeventi.com\/es\/retail\/#breadcrumb"},"inLanguage":"es","potentialAction":[{"@type":"ReadAction","target":["https:\/\/contemporaneaeventi.com\/es\/retail\/"]}]},{"@type":"BreadcrumbList","@id":"https:\/\/contemporaneaeventi.com\/es\/retail\/#breadcrumb","itemListElement":[{"@type":"ListItem","position":1,"name":"Portada","item":"https:\/\/contemporaneaeventi.com\/es\/"},{"@type":"ListItem","position":2,"name":"WE \u2764 RETAIL"}]},{"@type":"WebSite","@id":"https:\/\/www.contemporaneaeventi.com\/es\/#website","url":"https:\/\/www.contemporaneaeventi.com\/es\/","name":"Contemporanea Eventi","description":"Contemporanea Eventi - WE \u2764 STANDS","publisher":{"@id":"https:\/\/www.contemporaneaeventi.com\/es\/#organization"},"potentialAction":[{"@type":"SearchAction","target":{"@type":"EntryPoint","urlTemplate":"https:\/\/www.contemporaneaeventi.com\/es\/?s={search_term_string}"},"query-input":{"@type":"PropertyValueSpecification","valueRequired":true,"valueName":"search_term_string"}}],"inLanguage":"es"},{"@type":"Organization","@id":"https:\/\/www.contemporaneaeventi.com\/es\/#organization","name":"Contemporanea Eventi","alternateName":"Contemporanea Eventi","url":"https:\/\/www.contemporaneaeventi.com\/es\/","logo":{"@type":"ImageObject","inLanguage":"es","@id":"https:\/\/www.contemporaneaeventi.com\/es\/#\/schema\/logo\/image\/","url":"https:\/\/contemporaneaeventi.com\/wp-content\/uploads\/2023\/05\/07-home.jpg","contentUrl":"https:\/\/contemporaneaeventi.com\/wp-content\/uploads\/2023\/05\/07-home.jpg","width":900,"height":900,"caption":"Contemporanea Eventi"},"image":{"@id":"https:\/\/www.contemporaneaeventi.com\/es\/#\/schema\/logo\/image\/"}}]}},"_links":{"self":[{"href":"https:\/\/contemporaneaeventi.com\/es\/wp-json\/wp\/v2\/pages\/43852","targetHints":{"allow":["GET"]}}],"collection":[{"href":"https:\/\/contemporaneaeventi.com\/es\/wp-json\/wp\/v2\/pages"}],"about":[{"href":"https:\/\/contemporaneaeventi.com\/es\/wp-json\/wp\/v2\/types\/page"}],"author":[{"embeddable":true,"href":"https:\/\/contemporaneaeventi.com\/es\/wp-json\/wp\/v2\/users\/1"}],"replies":[{"embeddable":true,"href":"https:\/\/contemporaneaeventi.com\/es\/wp-json\/wp\/v2\/comments?post=43852"}],"version-history":[{"count":98,"href":"https:\/\/contemporaneaeventi.com\/es\/wp-json\/wp\/v2\/pages\/43852\/revisions"}],"predecessor-version":[{"id":47229,"href":"https:\/\/contemporaneaeventi.com\/es\/wp-json\/wp\/v2\/pages\/43852\/revisions\/47229"}],"wp:attachment":[{"href":"https:\/\/contemporaneaeventi.com\/es\/wp-json\/wp\/v2\/media?parent=43852"}],"curies":[{"name":"wp","href":"https:\/\/api.w.org\/{rel}","templated":true}]}}