{"id":43744,"date":"2023-06-14T17:17:33","date_gmt":"2023-06-14T16:17:33","guid":{"rendered":"https:\/\/contemporaneaeventi.com\/stands-sostenibles\/"},"modified":"2025-07-22T10:50:57","modified_gmt":"2025-07-22T09:50:57","slug":"stands-sostenibles","status":"publish","type":"page","link":"https:\/\/contemporaneaeventi.com\/es\/stands-sostenibles\/","title":{"rendered":"Stands Sostenibles"},"content":{"rendered":"<p>[vc_row row_content_width=\u00bbgrid\u00bb disable_background_image=\u00bb\u00bb css=\u00bb.vc_custom_1686830074813{margin-top: 148px !important;padding-bottom: 100px !important;}\u00bb simple_background_image=\u00bb43717&#8243; background_image_position=\u00bbbottom left\u00bb][vc_column css=\u00bb.vc_custom_1686758060006{margin-top: 148px !important;}\u00bb]<div class=\"edgtf-section-title-holder  edgtf-st-standard edgtf-st-title-left edgtf-st-normal-space edgtf-st-disable-title-break\" >\n\t<div class=\"edgtf-st-inner\">\n\t\t\t\t\t<h1 class=\"edgtf-st-title\" style=\"color: #ffffff\">\n\t\t\t\tStands Sostenibles: Dise\u00f1o y Construcci\u00f3n Eco-Responsable\t\t\t<\/h1>\n\t\t\t\t\t<\/div>\n<\/div>[vc_column_text css=\u00bb.vc_custom_1753102576922{margin-bottom: 30px !important;}\u00bb]<\/p>\n<p style=\"color: #ffffff; font-size: 18px;\">En un mundo que exige responsabilidad, tu stand es m\u00e1s que un espacio: es una declaraci\u00f3n. <strong>Creamos stands sostenibles que fusionan dise\u00f1o vanguardista con un profundo respeto por el planeta,<\/strong> asegurando que tu marca no solo destaque, sino que deje una huella positiva.<\/p>\n<p>[\/vc_column_text]<a itemprop=\"url\" href=\"\/es\/contacto\/\" target=\"_self\"  class=\"edgtf-btn edgtf-btn-medium edgtf-btn-solid edgtf-btn-custom-hover-bg\" data-move=\"strict\" data-hover-bg-color=\"rgba(255,255,255,0.45)\" data-text=\"CONTACTANOS\" >\n    <span class=\"edgtf-btn-text\">CONTACTANOS<\/span>\n    <\/a>[\/vc_column][\/vc_row][vc_row content_placement=\u00bbtop\u00bb row_content_width=\u00bbgrid\u00bb css=\u00bb.vc_custom_1686763299611{padding-top: 32px !important;padding-bottom: 32px !important;}\u00bb][vc_column css=\u00bb.vc_custom_1686763241336{padding-top: 32px !important;padding-bottom: 32px !important;}\u00bb]<div class=\"edgtf-elements-holder   edgtf-three-columns  edgtf-responsive-mode-1024 \" ><div class=\"edgtf-eh-item  edgtf-vertical-alignment-top   \"  data-item-class=\"edgtf-eh-custom-6326\" data-1025-1366=\"0px 35px 0px 0px\" data-769-1024=\"0px 0px 10px\" data-681-768=\"0px 0px10px\" data-680=\"0px 0px 10px\">\n\t<div class=\"edgtf-eh-item-inner\">\n\t\t<div class=\"edgtf-eh-item-content edgtf-eh-custom-6326\" style=\"padding: 0px 50px 0px 0px\">\n\t\t\t[vc_column_text css=\u00bb.vc_custom_1753172727376{margin-bottom: 20px !important;}\u00bb]<\/p>\n<h2>\u00bfQu\u00e9 es un stand sostenible y por qu\u00e9 es clave para tu marca?<\/h2>\n<p>Un stand sostenible va mucho m\u00e1s all\u00e1 de usar madera reciclada. Es el resultado de una filosof\u00eda de dise\u00f1o que considera el ciclo de vida completo del proyecto: desde la conceptualizaci\u00f3n y la elecci\u00f3n de materiales de bajo impacto, hasta la optimizaci\u00f3n de la log\u00edstica, la eficiencia energ\u00e9tica durante el evento y, fundamentalmente, la planificaci\u00f3n de su reutilizaci\u00f3n o reciclaje al desmontarlo. No es solo una estructura; es un mensaje coherente y responsable.<\/p>\n<p>Para tu marca, <strong>apostar por un stand sustentable es una poderosa herramienta de comunicaci\u00f3n.<\/strong> Demuestra un compromiso real con el futuro, alineando tus valores corporativos con los de un p\u00fablico cada vez m\u00e1s consciente. En un entorno tan competitivo como una feria, diferenciarse con un stand que cuenta una historia de innovaci\u00f3n y respeto por el planeta no solo atrae miradas, sino que genera conversaciones significativas y construye una reputaci\u00f3n de marca s\u00f3lida y positiva.[\/vc_column_text][vc_single_image image=\u00bb43846&#8243; img_size=\u00bbfull\u00bb alignment=\u00bbcenter\u00bb css_animation=\u00bbfadeInUp\u00bb]\t\t<\/div>\n\t<\/div>\n<\/div><\/div>[\/vc_column][\/vc_row][vc_row content_placement=\u00bbtop\u00bb row_content_width=\u00bbgrid\u00bb css=\u00bb.vc_custom_1686763299611{padding-top: 32px !important;padding-bottom: 32px !important;}\u00bb][vc_column css=\u00bb.vc_custom_1686763241336{padding-top: 32px !important;padding-bottom: 32px !important;}\u00bb]<div class=\"edgtf-elements-holder   edgtf-three-columns  edgtf-responsive-mode-1024 \" ><div class=\"edgtf-eh-item  edgtf-vertical-alignment-top   \"  data-item-class=\"edgtf-eh-custom-2816\" data-1025-1366=\"0px 35px 0px 0px\" data-769-1024=\"0px 0px 30px\" data-681-768=\"0px 0px 30px\" data-680=\"0px 0px 30px\">\n\t<div class=\"edgtf-eh-item-inner\">\n\t\t<div class=\"edgtf-eh-item-content edgtf-eh-custom-2816\" style=\"padding: 0px 50px 0px 0px\">\n\t\t\t[vc_column_text css=\u00bb.vc_custom_1753172796335{margin-right: 20px !important;margin-left: 20px !important;}\u00bb]<\/p>\n<h2>Nuestro Compromiso: M\u00e1s All\u00e1 del Dise\u00f1o, un Impacto Positivo<\/h2>\n<p><span style=\"font-family: 'Open Sans'; text-transform: none; font-weight: 200;\">Con el objetivo de lograr una construcci\u00f3n sostenible al 100%, exploramos soluciones innovadoras en lugar de seguir los m\u00e9todos tradicionales de trabajo.<\/span>[\/vc_column_text]\t\t<\/div>\n\t<\/div>\n<\/div><\/div>[\/vc_column][\/vc_row][vc_row content_placement=\u00bbtop\u00bb row_content_width=\u00bbgrid\u00bb css=\u00bb.vc_custom_1686763287480{padding-bottom: 32px !important;}\u00bb][vc_column width=\u00bb1\/12&#8243;][\/vc_column][vc_column width=\u00bb1\/4&#8243;][vc_single_image image=\u00bb43688&#8243; img_size=\u00bblarge\u00bb][vc_empty_space][\/vc_column][vc_column width=\u00bb1\/12&#8243;][\/vc_column][vc_column width=\u00bb5\/12&#8243;][vc_column_text css_animation=\u00bbfadeIn\u00bb]<\/p>\n<h3><span style=\"color: #008037;\">APROVECHANDO LAS NUEVAS TECNOLOG\u00cdAS, DESARROLLAMOS ESTRATEGIAS SOSTENIBLES PARA TODAS LAS ETAPAS DE NUESTROS PROYECTOS, DESDE LA PLANIFICACI\u00d3N HASTA EL DESMONTAJE Y RECICLAJE DE LOS MATERIALES.<\/span><\/h3>\n<p>[\/vc_column_text][vc_empty_space height=\u00bb18&#8243;]    <span class=\"edgtf-icon-animation-holder\" >\n    <span class=\"edgtf-icon-shortcode edgtf-normal  edgtf-icon-animation edgtf-icon-medium\"  data-color=\"#008037\">\n                    <i class=\"edgtf-icon-font-awesome fa fa-arrow-down edgtf-icon-element\" style=\"color: #008037\" ><\/i>            <\/span>\n    <\/span>\n[\/vc_column][\/vc_row][vc_row row_content_width=\u00bbgrid\u00bb css=\u00bb.vc_custom_1753177714070{padding-top: 100px !important;}\u00bb][vc_column width=\u00bb5\/12&#8243; offset=\u00bbvc_col-lg-5&#8243;]<div class=\"edgtf-section-title-holder  edgtf-st-standard edgtf-st-title-left edgtf-st-normal-space \" >\n\t<div class=\"edgtf-st-inner\">\n\t\t\t\t\t<h3 class=\"edgtf-st-title\" >\n\t\t\t\tSelecci\u00f3n de Materiales Sostenibles y Certificados\t\t\t<\/h3>\n\t\t\t\t\t<\/div>\n<\/div>[vc_column_text]Consideramos los materiales como la base fundamental y nos esforzamos diariamente por identificar opciones altamente sostenibles.[\/vc_column_text][vc_empty_space height=\u00bb33px\u00bb][\/vc_column][vc_column width=\u00bb1\/12&#8243;][\/vc_column][vc_column css_animation=\u00bbfadeInRight\u00bb width=\u00bb1\/3&#8243; offset=\u00bbvc_col-lg-6&#8243; css=\u00bb.vc_custom_1686830789909{padding-right: 7% !important;}\u00bb][vc_row_inner][vc_column_inner width=\u00bb1\/4&#8243;][vc_single_image image=\u00bb43733&#8243;][\/vc_column_inner][vc_column_inner width=\u00bb3\/4&#8243;][vc_column_text]<\/p>\n<h3>MADERA<\/h3>\n<p>[\/vc_column_text][vc_column_text]La madera utilizada en nuestros proyectos cuenta con el certificado FSC, garantizando que proviene de bosques gestionados de manera sostenible. Estos bosques preservan la biodiversidad, benefician a las comunidades locales y aseguran la viabilidad econ\u00f3mica.[\/vc_column_text][vc_empty_space height=\u00bb30px\u00bb][\/vc_column_inner][\/vc_row_inner][vc_row_inner][vc_column_inner width=\u00bb1\/4&#8243;][vc_single_image image=\u00bb43727&#8243;][\/vc_column_inner][vc_column_inner width=\u00bb3\/4&#8243;][vc_column_text]<\/p>\n<h3>TINTAS<\/h3>\n<p>[\/vc_column_text][vc_column_text]Utilizamos tintas sostenibles certificadas con Greenguard Gold para nuestras impresiones digitales de gran formato. Este certificado garantiza que nuestras tintas est\u00e1n libres de componentes vol\u00e1tiles org\u00e1nicos (VOC), contribuyendo as\u00ed a un entorno m\u00e1s saludable y sostenible.[\/vc_column_text][vc_empty_space height=\u00bb30px\u00bb][\/vc_column_inner][\/vc_row_inner][vc_row_inner][vc_column_inner width=\u00bb1\/4&#8243;][vc_single_image image=\u00bb43729&#8243;][\/vc_column_inner][vc_column_inner width=\u00bb3\/4&#8243;][vc_column_text]<\/p>\n<h3>PL\u00c1STICO<\/h3>\n<p>[\/vc_column_text][vc_column_text]Ofrecemos a nuestros clientes la opci\u00f3n de sustituir el PVC por materiales en letras corp\u00f3reas, elementos decorativos y mobiliario, promoviendo la econom\u00eda circular y la reducci\u00f3n de residuos marinos.[\/vc_column_text][vc_empty_space height=\u00bb30px\u00bb][\/vc_column_inner][\/vc_row_inner][vc_row_inner][vc_column_inner width=\u00bb1\/4&#8243;][vc_single_image image=\u00bb43731&#8243;][\/vc_column_inner][vc_column_inner width=\u00bb3\/4&#8243;][vc_column_text]<\/p>\n<h3>TEXTIL<\/h3>\n<p>[\/vc_column_text][vc_column_text]Empleamos tejidos sostenibles sin PVC, que pueden reciclarse y reutilizarse en el ciclo productivo para obtener una segunda vida.[\/vc_column_text][vc_empty_space height=\u00bb30px\u00bb][\/vc_column_inner][\/vc_row_inner][\/vc_column][\/vc_row][vc_row content_placement=\u00bbtop\u00bb css_animation=\u00bbfadeInUp\u00bb row_content_width=\u00bbgrid\u00bb css=\u00bb.vc_custom_1686763369499{padding-top: 100px !important;padding-bottom: 0px !important;}\u00bb][vc_column width=\u00bb5\/12&#8243;]<div class=\"edgtf-section-title-holder  edgtf-st-standard edgtf-st-title-left edgtf-st-normal-space \" >\n\t<div class=\"edgtf-st-inner\">\n\t\t\t\t\t<h3 class=\"edgtf-st-title\" >\n\t\t\t\tProducci\u00f3n Local: Minimizando la Huella de Carbono\t\t\t<\/h3>\n\t\t\t\t\t<\/div>\n<\/div>[vc_column_text]La producci\u00f3n de todas nuestras piezas se lleva a cabo \u00edntegramente en nuestro centro productivo de Barcelona.[\/vc_column_text][vc_empty_space][\/vc_column][vc_column width=\u00bb1\/12&#8243;][\/vc_column][vc_column width=\u00bb1\/3&#8243;][vc_single_image image=\u00bb43364&#8243; img_size=\u00bbfull\u00bb][\/vc_column][\/vc_row][vc_row row_content_width=\u00bbgrid\u00bb css=\u00bb.vc_custom_1753177795602{padding-top: 100px !important;}\u00bb][vc_column width=\u00bb5\/12&#8243; offset=\u00bbvc_col-lg-6&#8243;][vc_empty_space height=\u00bb18px\u00bb]<div class=\"edgtf-section-title-holder  edgtf-st-standard edgtf-st-title-left edgtf-st-normal-space \" >\n\t<div class=\"edgtf-st-inner\">\n\t\t\t\t\t<h3 class=\"edgtf-st-title\" >\n\t\t\t\tReutilizaci\u00f3n y Reciclaje\t\t\t<\/h3>\n\t\t\t\t\t<\/div>\n<\/div>[vc_column_text]Seguimos los principios de las tres R: reciclar, reutilizar y reducir residuos, como base fundamental de nuestras pr\u00e1cticas sostenibles.[\/vc_column_text][vc_empty_space height=\u00bb33px\u00bb][\/vc_column][vc_column css_animation=\u00bbfadeInRight\u00bb width=\u00bb1\/12&#8243; offset=\u00bbvc_col-lg-6&#8243; css=\u00bb.vc_custom_1686762593934{padding-right: 7% !important;}\u00bb]    <span class=\"edgtf-icon-animation-holder\" >\n    <span class=\"edgtf-icon-shortcode edgtf-normal  edgtf-icon-animation edgtf-icon-medium\"  >\n                    <span aria-hidden=\"true\" class=\"edgtf-icon-linear-icons lnr lnr-leaf edgtf-icon-element\" style=\"\" ><\/span>            <\/span>\n    <\/span>\n[vc_column_text]<\/p>\n<h3>REDUCIR<\/h3>\n<p>[\/vc_column_text][vc_column_text]En todo nuestro proceso de fabricaci\u00f3n, nos esforzamos por minimizar los residuos, y nuestro equipo de I+D trabaja de manera continua para estudiar e implementar mejoras que reduzcan los residuos en cada etapa de nuestra cadena de producci\u00f3n.[\/vc_column_text][vc_empty_space height=\u00bb30px\u00bb]    <span class=\"edgtf-icon-animation-holder\" >\n    <span class=\"edgtf-icon-shortcode edgtf-normal  edgtf-icon-animation edgtf-icon-medium\"  >\n                    <span aria-hidden=\"true\" class=\"edgtf-icon-linear-icons lnr lnr-sync edgtf-icon-element\" style=\"\" ><\/span>            <\/span>\n    <\/span>\n[vc_column_text]<\/p>\n<h3>REUTILIZAR<\/h3>\n<p>[\/vc_column_text][vc_column_text]Damos prioridad a la reutilizaci\u00f3n de materiales en nuestras construcciones, incluyendo estructuras y mobiliario. Los materiales que no pueden ser reutilizados internamente los ofrecemos para darles una segunda oportunidad fuera de nuestra empresa.[\/vc_column_text][vc_empty_space height=\u00bb30px\u00bb]    <span class=\"edgtf-icon-animation-holder\" >\n    <span class=\"edgtf-icon-shortcode edgtf-normal  edgtf-icon-animation edgtf-icon-medium\"  >\n                    <i class=\"edgtf-icon-font-awesome fa fa-recycle edgtf-icon-element\" style=\"\" ><\/i>            <\/span>\n    <\/span>\n[vc_column_text]<\/p>\n<h3>RECICLAR<\/h3>\n<p>[\/vc_column_text][vc_column_text]Nos ocupamos de gestionar de manera responsable el reciclaje de todos los residuos generados por nuestra actividad, asegurando que sean utilizados en otras aplicaciones cuando no pueden ser reutilizados directamente.[\/vc_column_text][vc_empty_space height=\u00bb30px\u00bb][\/vc_column][\/vc_row][vc_row content_placement=\u00bbtop\u00bb css_animation=\u00bbbottom-to-top\u00bb row_content_width=\u00bbgrid\u00bb css=\u00bb.vc_custom_1753177853527{padding-top: 100px !important;padding-bottom: 0px !important;}\u00bb][vc_column width=\u00bb7\/12&#8243;]<div class=\"edgtf-section-title-holder  edgtf-st-standard edgtf-st-title-left edgtf-st-normal-space \" >\n\t<div class=\"edgtf-st-inner\">\n\t\t\t\t\t<h2 class=\"edgtf-st-title\" >\n\t\t\t\tNUESTROS OBJETIVOS PARA EL DESARROLLO SOSTENIBLE\t\t\t<\/h2>\n\t\t\t\t\t\t\t<p class=\"edgtf-st-text\" >\n\t\t\t\tNuestro compromiso va m\u00e1s all\u00e1 de las palabras. Alineamos nuestra estrategia de dise\u00f1o y producci\u00f3n con los Objetivos de Desarrollo Sostenible de la ONU, enfocando cada proyecto en la producci\u00f3n y consumo responsables (ODS 12) y la acci\u00f3n por el clima (ODS 13), transformando nuestro trabajo en un motor de cambio positivo.\t\t\t<\/p>\n\t\t\t<\/div>\n<\/div>[vc_empty_space][\/vc_column][vc_column width=\u00bb1\/12&#8243;][\/vc_column][vc_column width=\u00bb1\/4&#8243;][vc_single_image image=\u00bb43736&#8243; img_size=\u00bbfull\u00bb onclick=\u00bbcustom_link\u00bb img_link_target=\u00bb_blank\u00bb link=\u00bbhttps:\/\/www.un.org\/sustainabledevelopment\/sustainable-development-goals\/\u00bb][\/vc_column][\/vc_row][vc_row][vc_column][vc_empty_space height=\u00bb50px\u00bb][\/vc_column][\/vc_row][vc_row parallax=\u00bbcontent-moving-fade\u00bb row_content_width=\u00bbgrid\u00bb css=\u00bb.vc_custom_1753177099333{margin-top: 100px !important;margin-bottom: 0px !important;border-top-width: 0px !important;border-bottom-width: 0px !important;padding-top: 0px !important;padding-bottom: 50px !important;}\u00bb parallax_background_image=\u00bb43717&#8243;][vc_column width=\u00bb3\/4&#8243; css=\u00bb.vc_custom_1687171681918{margin-top: 148px !important;}\u00bb]<div class=\"edgtf-section-title-holder  edgtf-st-standard edgtf-st-title-left edgtf-st-normal-space \" >\n\t<div class=\"edgtf-st-inner\">\n\t\t\t\t\t<h2 class=\"edgtf-st-title\" style=\"color: #ffffff\">\n\t\t\t\tEficiencia Energ\u00e9tica<br \/> en Iluminaci\u00f3n y Equipos\t\t\t<\/h2>\n\t\t\t\t\t<\/div>\n<\/div>[vc_column_text css=\u00bb.vc_custom_1753176523557{margin-bottom: 30px !important;}\u00bb]<span style=\"color: #ffffff;\">Somos conscientes de que a\u00fan queda mucho por hacer para lograr la sostenibilidad en el sector, y nos comprometemos a continuar implementando mejoras sostenibles en nuestro sistema de producci\u00f3n para realizar stands sostenibles.<\/span>[\/vc_column_text][\/vc_column][\/vc_row][vc_row row_content_width=\u00bbgrid\u00bb][vc_column][vc_column_text]<\/p>\n<h2>Hablemos de tu Proyecto Sostenible<\/h2>\n<p>[\/vc_column_text][vc_raw_html]JTVCd3Bmb3JtcyUyMGlkJTNEJTIyNDcyMDElMjIlNUQ=[\/vc_raw_html][\/vc_column][\/vc_row]<\/p>\n","protected":false},"excerpt":{"rendered":"<p>[vc_row row_content_width=\u00bbgrid\u00bb disable_background_image=\u00bb\u00bb css=\u00bb.vc_custom_1686830074813{margin-top: 148px !important;padding-bottom: 100px !important;}\u00bb simple_background_image=\u00bb43717&#8243; background_image_position=\u00bbbottom left\u00bb][vc_column css=\u00bb.vc_custom_1686758060006{margin-top: 148px !important;}\u00bb][vc_column_text css=\u00bb.vc_custom_1753102576922{margin-bottom: 30px !important;}\u00bb] En un mundo que exige responsabilidad, tu stand es m\u00e1s que un espacio: es una declaraci\u00f3n. Creamos stands sostenibles que fusionan dise\u00f1o vanguardista [&hellip;]<\/p>\n","protected":false},"author":1,"featured_media":0,"parent":0,"menu_order":0,"comment_status":"closed","ping_status":"closed","template":"full-width.php","meta":{"inline_featured_image":false,"footnotes":""},"class_list":["post-43744","page","type-page","status-publish","hentry"],"yoast_head":"<!-- This site is optimized with the Yoast SEO plugin v27.4 - https:\/\/yoast.com\/product\/yoast-seo-wordpress\/ -->\n<title>Stands Sostenibles y de Dise\u00f1o | Contemporanea Eventi<\/title>\n<meta name=\"description\" content=\"Stands sostenibles que fusionan dise\u00f1o y conciencia. Materiales reciclados y producci\u00f3n local para ferias con prop\u00f3sito. Impacta en la feria, no en el planeta\" \/>\n<meta name=\"robots\" content=\"index, nofollow, max-snippet:-1, max-image-preview:large, max-video-preview:-1\" \/>\n<link rel=\"canonical\" href=\"https:\/\/contemporaneaeventi.com\/es\/stands-sostenibles\/\" \/>\n<meta property=\"og:locale\" content=\"es_ES\" \/>\n<meta property=\"og:type\" content=\"article\" \/>\n<meta property=\"og:title\" content=\"Stands Sostenibles y de Dise\u00f1o | Contemporanea Eventi\" \/>\n<meta property=\"og:description\" content=\"Stands sostenibles que fusionan dise\u00f1o y conciencia. Materiales reciclados y producci\u00f3n local para ferias con prop\u00f3sito. Impacta en la feria, no en el planeta\" \/>\n<meta property=\"og:url\" content=\"https:\/\/contemporaneaeventi.com\/es\/stands-sostenibles\/\" \/>\n<meta property=\"og:site_name\" content=\"Contemporanea Eventi\" \/>\n<meta property=\"article:modified_time\" content=\"2025-07-22T09:50:57+00:00\" \/>\n<meta property=\"og:image\" content=\"https:\/\/contemporaneaeventi.com\/wp-content\/uploads\/2023\/08\/cropped-favicon.png\" \/>\n\t<meta property=\"og:image:width\" content=\"512\" \/>\n\t<meta property=\"og:image:height\" content=\"512\" \/>\n\t<meta property=\"og:image:type\" content=\"image\/png\" \/>\n<meta name=\"twitter:card\" content=\"summary_large_image\" \/>\n<meta name=\"twitter:label1\" content=\"Tiempo de lectura\" \/>\n\t<meta name=\"twitter:data1\" content=\"5 minutos\" \/>\n<script type=\"application\/ld+json\" class=\"yoast-schema-graph\">{\"@context\":\"https:\\\/\\\/schema.org\",\"@graph\":[{\"@type\":\"WebPage\",\"@id\":\"https:\\\/\\\/contemporaneaeventi.com\\\/es\\\/stands-sostenibles\\\/\",\"url\":\"https:\\\/\\\/contemporaneaeventi.com\\\/es\\\/stands-sostenibles\\\/\",\"name\":\"Stands Sostenibles y de Dise\u00f1o | Contemporanea Eventi\",\"isPartOf\":{\"@id\":\"https:\\\/\\\/www.contemporaneaeventi.com\\\/es\\\/#website\"},\"datePublished\":\"2023-06-14T16:17:33+00:00\",\"dateModified\":\"2025-07-22T09:50:57+00:00\",\"description\":\"Stands sostenibles que fusionan dise\u00f1o y conciencia. Materiales reciclados y producci\u00f3n local para ferias con prop\u00f3sito. Impacta en la feria, no en el planeta\",\"breadcrumb\":{\"@id\":\"https:\\\/\\\/contemporaneaeventi.com\\\/es\\\/stands-sostenibles\\\/#breadcrumb\"},\"inLanguage\":\"es\",\"potentialAction\":[{\"@type\":\"ReadAction\",\"target\":[\"https:\\\/\\\/contemporaneaeventi.com\\\/es\\\/stands-sostenibles\\\/\"]}]},{\"@type\":\"BreadcrumbList\",\"@id\":\"https:\\\/\\\/contemporaneaeventi.com\\\/es\\\/stands-sostenibles\\\/#breadcrumb\",\"itemListElement\":[{\"@type\":\"ListItem\",\"position\":1,\"name\":\"Portada\",\"item\":\"https:\\\/\\\/contemporaneaeventi.com\\\/es\\\/\"},{\"@type\":\"ListItem\",\"position\":2,\"name\":\"Stands Sostenibles\"}]},{\"@type\":\"WebSite\",\"@id\":\"https:\\\/\\\/www.contemporaneaeventi.com\\\/es\\\/#website\",\"url\":\"https:\\\/\\\/www.contemporaneaeventi.com\\\/es\\\/\",\"name\":\"Contemporanea Eventi\",\"description\":\"Contemporanea Eventi - WE \u2764 STANDS\",\"publisher\":{\"@id\":\"https:\\\/\\\/www.contemporaneaeventi.com\\\/es\\\/#organization\"},\"potentialAction\":[{\"@type\":\"SearchAction\",\"target\":{\"@type\":\"EntryPoint\",\"urlTemplate\":\"https:\\\/\\\/www.contemporaneaeventi.com\\\/es\\\/?s={search_term_string}\"},\"query-input\":{\"@type\":\"PropertyValueSpecification\",\"valueRequired\":true,\"valueName\":\"search_term_string\"}}],\"inLanguage\":\"es\"},{\"@type\":\"Organization\",\"@id\":\"https:\\\/\\\/www.contemporaneaeventi.com\\\/es\\\/#organization\",\"name\":\"Contemporanea Eventi\",\"alternateName\":\"Contemporanea Eventi\",\"url\":\"https:\\\/\\\/www.contemporaneaeventi.com\\\/es\\\/\",\"logo\":{\"@type\":\"ImageObject\",\"inLanguage\":\"es\",\"@id\":\"https:\\\/\\\/www.contemporaneaeventi.com\\\/es\\\/#\\\/schema\\\/logo\\\/image\\\/\",\"url\":\"https:\\\/\\\/contemporaneaeventi.com\\\/wp-content\\\/uploads\\\/2023\\\/05\\\/07-home.jpg\",\"contentUrl\":\"https:\\\/\\\/contemporaneaeventi.com\\\/wp-content\\\/uploads\\\/2023\\\/05\\\/07-home.jpg\",\"width\":900,\"height\":900,\"caption\":\"Contemporanea Eventi\"},\"image\":{\"@id\":\"https:\\\/\\\/www.contemporaneaeventi.com\\\/es\\\/#\\\/schema\\\/logo\\\/image\\\/\"}}]}<\/script>\n<!-- \/ Yoast SEO plugin. -->","yoast_head_json":{"title":"Stands Sostenibles y de Dise\u00f1o | Contemporanea Eventi","description":"Stands sostenibles que fusionan dise\u00f1o y conciencia. Materiales reciclados y producci\u00f3n local para ferias con prop\u00f3sito. Impacta en la feria, no en el planeta","robots":{"index":"index","follow":"nofollow","max-snippet":"max-snippet:-1","max-image-preview":"max-image-preview:large","max-video-preview":"max-video-preview:-1"},"canonical":"https:\/\/contemporaneaeventi.com\/es\/stands-sostenibles\/","og_locale":"es_ES","og_type":"article","og_title":"Stands Sostenibles y de Dise\u00f1o | Contemporanea Eventi","og_description":"Stands sostenibles que fusionan dise\u00f1o y conciencia. Materiales reciclados y producci\u00f3n local para ferias con prop\u00f3sito. Impacta en la feria, no en el planeta","og_url":"https:\/\/contemporaneaeventi.com\/es\/stands-sostenibles\/","og_site_name":"Contemporanea Eventi","article_modified_time":"2025-07-22T09:50:57+00:00","og_image":[{"width":512,"height":512,"url":"https:\/\/contemporaneaeventi.com\/wp-content\/uploads\/2023\/08\/cropped-favicon.png","type":"image\/png"}],"twitter_card":"summary_large_image","twitter_misc":{"Tiempo de lectura":"5 minutos"},"schema":{"@context":"https:\/\/schema.org","@graph":[{"@type":"WebPage","@id":"https:\/\/contemporaneaeventi.com\/es\/stands-sostenibles\/","url":"https:\/\/contemporaneaeventi.com\/es\/stands-sostenibles\/","name":"Stands Sostenibles y de Dise\u00f1o | Contemporanea Eventi","isPartOf":{"@id":"https:\/\/www.contemporaneaeventi.com\/es\/#website"},"datePublished":"2023-06-14T16:17:33+00:00","dateModified":"2025-07-22T09:50:57+00:00","description":"Stands sostenibles que fusionan dise\u00f1o y conciencia. Materiales reciclados y producci\u00f3n local para ferias con prop\u00f3sito. Impacta en la feria, no en el planeta","breadcrumb":{"@id":"https:\/\/contemporaneaeventi.com\/es\/stands-sostenibles\/#breadcrumb"},"inLanguage":"es","potentialAction":[{"@type":"ReadAction","target":["https:\/\/contemporaneaeventi.com\/es\/stands-sostenibles\/"]}]},{"@type":"BreadcrumbList","@id":"https:\/\/contemporaneaeventi.com\/es\/stands-sostenibles\/#breadcrumb","itemListElement":[{"@type":"ListItem","position":1,"name":"Portada","item":"https:\/\/contemporaneaeventi.com\/es\/"},{"@type":"ListItem","position":2,"name":"Stands Sostenibles"}]},{"@type":"WebSite","@id":"https:\/\/www.contemporaneaeventi.com\/es\/#website","url":"https:\/\/www.contemporaneaeventi.com\/es\/","name":"Contemporanea Eventi","description":"Contemporanea Eventi - WE \u2764 STANDS","publisher":{"@id":"https:\/\/www.contemporaneaeventi.com\/es\/#organization"},"potentialAction":[{"@type":"SearchAction","target":{"@type":"EntryPoint","urlTemplate":"https:\/\/www.contemporaneaeventi.com\/es\/?s={search_term_string}"},"query-input":{"@type":"PropertyValueSpecification","valueRequired":true,"valueName":"search_term_string"}}],"inLanguage":"es"},{"@type":"Organization","@id":"https:\/\/www.contemporaneaeventi.com\/es\/#organization","name":"Contemporanea Eventi","alternateName":"Contemporanea Eventi","url":"https:\/\/www.contemporaneaeventi.com\/es\/","logo":{"@type":"ImageObject","inLanguage":"es","@id":"https:\/\/www.contemporaneaeventi.com\/es\/#\/schema\/logo\/image\/","url":"https:\/\/contemporaneaeventi.com\/wp-content\/uploads\/2023\/05\/07-home.jpg","contentUrl":"https:\/\/contemporaneaeventi.com\/wp-content\/uploads\/2023\/05\/07-home.jpg","width":900,"height":900,"caption":"Contemporanea Eventi"},"image":{"@id":"https:\/\/www.contemporaneaeventi.com\/es\/#\/schema\/logo\/image\/"}}]}},"_links":{"self":[{"href":"https:\/\/contemporaneaeventi.com\/es\/wp-json\/wp\/v2\/pages\/43744","targetHints":{"allow":["GET"]}}],"collection":[{"href":"https:\/\/contemporaneaeventi.com\/es\/wp-json\/wp\/v2\/pages"}],"about":[{"href":"https:\/\/contemporaneaeventi.com\/es\/wp-json\/wp\/v2\/types\/page"}],"author":[{"embeddable":true,"href":"https:\/\/contemporaneaeventi.com\/es\/wp-json\/wp\/v2\/users\/1"}],"replies":[{"embeddable":true,"href":"https:\/\/contemporaneaeventi.com\/es\/wp-json\/wp\/v2\/comments?post=43744"}],"version-history":[{"count":25,"href":"https:\/\/contemporaneaeventi.com\/es\/wp-json\/wp\/v2\/pages\/43744\/revisions"}],"predecessor-version":[{"id":47779,"href":"https:\/\/contemporaneaeventi.com\/es\/wp-json\/wp\/v2\/pages\/43744\/revisions\/47779"}],"wp:attachment":[{"href":"https:\/\/contemporaneaeventi.com\/es\/wp-json\/wp\/v2\/media?parent=43744"}],"curies":[{"name":"wp","href":"https:\/\/api.w.org\/{rel}","templated":true}]}}