{"id":42981,"date":"2023-01-31T15:35:52","date_gmt":"2023-01-31T14:35:52","guid":{"rendered":"https:\/\/contemporaneaeventi.com\/gracias-checklist-mwc\/"},"modified":"2023-11-09T11:31:05","modified_gmt":"2023-11-09T11:31:05","slug":"gracias-checklist-mwc","status":"publish","type":"page","link":"https:\/\/contemporaneaeventi.com\/es\/gracias-checklist-mwc\/","title":{"rendered":"gracias checklist MWC"},"content":{"rendered":"<p>[vc_row row_content_width=\u00bbgrid\u00bb el_class=\u00bbedgtf-index-over\u00bb][vc_column]<div class=\"edgtf-section-title-holder  edgtf-st-standard edgtf-st-title-left edgtf-st-normal-space \" style=\"text-align: center\">\n\t<div class=\"edgtf-st-inner\">\n\t\t\t\t\t<h2 class=\"edgtf-st-title\" >\n\t\t\t\t\u00a1GRACIAS POR DESCARGARTE<br \/> NUESTRO CHECKLIST PARA ORGANIZAR TU PRESENCIA EN EL MOBILE WORLD CONGRESS 2024!\t\t\t<\/h2>\n\t\t\t\t\t<\/div>\n<\/div>[vc_empty_space height=\u00bb50px\u00bb][\/vc_column][\/vc_row][vc_row row_content_width=\u00bbgrid\u00bb el_class=\u00bbedgtf-index-over\u00bb][vc_column width=\u00bb1\/3&#8243;][\/vc_column][vc_column width=\u00bb1\/3&#8243;]<a itemprop=\"url\" href=\"https:\/\/mautictool.contemporaneaeventi.com\/asset\/1:checklist-para-una-planificacion-perfecta-para-el-mwc\" target=\"_blank\"  class=\"edgtf-btn edgtf-btn-medium edgtf-btn-solid\" data-move=\"strict\" data-text=\"descargar checklist\" >\n    <span class=\"edgtf-btn-text\">descargar checklist<\/span>\n    <\/a>[vc_empty_space height=\u00bb50px\u00bb][\/vc_column][vc_column width=\u00bb1\/3&#8243;][\/vc_column][\/vc_row][vc_row row_content_width=\u00bbgrid\u00bb][vc_column width=\u00bb2\/3&#8243;][vc_column_text]En una feria como Mobile World Congress no solo hay que estar, sino que hay que deslumbrar. Por ello, debes garantizarte que tu stand va a tener todo lo necesario para tus objetivos comerciales pero tambi\u00e9n que va a llamar la atenci\u00f3n de los asistentes.<\/p>\n<p>En Contemporanea Eventi tenemos la experiencia de m\u00e1s de 15 a\u00f1os en ferias y congresos internacionales, por lo que sabemos exactamente c\u00f3mo dise\u00f1ar, construir y montar el stand perfecto para la feria perfecta.<\/p>\n<p><strong><a href=\"https:\/\/contemporaneaeventi.com\/es\/contacto\/\">Contacto Contemporanea Eventi<\/a><\/strong><\/p>\n<p>&nbsp;<\/p>\n<h6>Conoce m\u00e1s sobre c\u00f3mo deslumbrar en ferias y eventos con tu stand de dise\u00f1o<\/h6>\n<p>[\/vc_column_text][vc_empty_space]<div class=\"edgtf-portfolio-list-holder edgtf-grid-list edgtf-pl-gallery edgtf-three-columns edgtf-normal-space edgtf-disable-bottom-space edgtf-pl-gallery-slide-from-image-bottom    edgtf-pl-pag-no-pagination        \"  data-type=gallery data-number-of-columns=three data-number-of-items=3 data-image-proportions=square data-enable-fixed-proportions=no data-enable-image-shadow=no data-category=mwc data-orderby=date data-order=ASC data-item-style=gallery-slide-from-image-bottom data-inverted=no data-enable-title=yes data-title-tag=h6 data-enable-category=yes data-enable-count-images=yes data-enable-excerpt=no data-excerpt-length=20 data-pagination-type=no-pagination data-filter=no data-filter-order-by=name data-enable-article-animation=no data-enable-parallax-scrolling=no data-portfolio-slider-on=no data-enable-loop=yes data-enable-autoplay=yes data-enable-scroll=yes data-slider-speed=5000 data-slider-speed-animation=600 data-enable-navigation=yes data-enable-pagination=yes data-enable-more-link=no data-more-link-text=Seemore data-break-more-link=yes data-max-num-pages=17 data-next-page=2>\n\t\t<div class=\"edgtf-pl-inner edgtf-outer-space  clearfix\">\n\t\t    <article class=\"edgtf-pl-item edgtf-item-space  post-43089 portfolio-item type-portfolio-item status-publish has-post-thumbnail hentry portfolio-category-mwc-es portfolio-category-stands-es\" >\n\n    <div class=\"edgtf-pl-item-inner \">\n\t\t\n<div class=\"edgtf-pli-image\">\n\t<img loading=\"lazy\" decoding=\"async\" width=\"650\" height=\"650\" src=\"https:\/\/contemporaneaeventi.com\/wp-content\/uploads\/2023\/03\/dtone-MWC2023-650x650.jpg\" class=\"attachment-manon_edge_image_square size-manon_edge_image_square wp-post-image\" alt=\"\" srcset=\"https:\/\/contemporaneaeventi.com\/wp-content\/uploads\/2023\/03\/dtone-MWC2023-650x650.jpg 650w, https:\/\/contemporaneaeventi.com\/wp-content\/uploads\/2023\/03\/dtone-MWC2023-150x150.jpg 150w\" sizes=\"auto, (max-width: 650px) 100vw, 650px\" \/>            <a itemprop=\"url\" class=\"edgtf-pli-link edgtf-block-drag-link\" href=\"https:\/\/contemporaneaeventi.com\/es\/portfolio-item\/dt-one\/\" target=\"_self\"><\/a>\n    <\/div>\n<div class=\"edgtf-pli-text-holder\">\n\t<div class=\"edgtf-pli-text-wrapper\">\n\t\t<div class=\"edgtf-pli-text\">\n\t\t\t    <h6 itemprop=\"name\" class=\"edgtf-pli-title entry-title\" >\n        <a itemprop=\"url\" href=\"https:\/\/contemporaneaeventi.com\/es\/portfolio-item\/dt-one\/\" target=\"_self\">\n            DT One        <\/a>\n\t<\/h6>\n\n\t\t\t\n\t\t\t\t\t<div class=\"edgtf-pli-category-holder\">\n\t\t\t\t\t\t\t<a itemprop=\"url\" class=\"edgtf-pli-category\" href=\"https:\/\/contemporaneaeventi.com\/es\/portfolio-categoria\/mwc-es\/\">MWC<\/a>\n\t\t\t\t\t\t\t<a itemprop=\"url\" class=\"edgtf-pli-category\" href=\"https:\/\/contemporaneaeventi.com\/es\/portfolio-categoria\/stands-es\/\">stands<\/a>\n\t\t\t\t\t<\/div>\n\t\n\t\t\t\t\t\t\n\t\t\t\t\t<\/div>\n\t<\/div>\n<\/div>    <\/div>\n\n    <\/article>\n    <article class=\"edgtf-pl-item edgtf-item-space  post-43094 portfolio-item type-portfolio-item status-publish has-post-thumbnail hentry portfolio-category-mwc-es portfolio-category-stands-es\" >\n\n    <div class=\"edgtf-pl-item-inner \">\n\t\t\n<div class=\"edgtf-pli-image\">\n\t<img loading=\"lazy\" decoding=\"async\" width=\"650\" height=\"650\" src=\"https:\/\/contemporaneaeventi.com\/wp-content\/uploads\/2023\/03\/eset-MWC2023-650x650.jpg\" class=\"attachment-manon_edge_image_square size-manon_edge_image_square wp-post-image\" alt=\"\" srcset=\"https:\/\/contemporaneaeventi.com\/wp-content\/uploads\/2023\/03\/eset-MWC2023-650x650.jpg 650w, https:\/\/contemporaneaeventi.com\/wp-content\/uploads\/2023\/03\/eset-MWC2023-150x150.jpg 150w\" sizes=\"auto, (max-width: 650px) 100vw, 650px\" \/>            <a itemprop=\"url\" class=\"edgtf-pli-link edgtf-block-drag-link\" href=\"https:\/\/contemporaneaeventi.com\/es\/portfolio-item\/eset\/\" target=\"_self\"><\/a>\n    <\/div>\n<div class=\"edgtf-pli-text-holder\">\n\t<div class=\"edgtf-pli-text-wrapper\">\n\t\t<div class=\"edgtf-pli-text\">\n\t\t\t    <h6 itemprop=\"name\" class=\"edgtf-pli-title entry-title\" >\n        <a itemprop=\"url\" href=\"https:\/\/contemporaneaeventi.com\/es\/portfolio-item\/eset\/\" target=\"_self\">\n            eset        <\/a>\n\t<\/h6>\n\n\t\t\t\n\t\t\t\t\t<div class=\"edgtf-pli-category-holder\">\n\t\t\t\t\t\t\t<a itemprop=\"url\" class=\"edgtf-pli-category\" href=\"https:\/\/contemporaneaeventi.com\/es\/portfolio-categoria\/mwc-es\/\">MWC<\/a>\n\t\t\t\t\t\t\t<a itemprop=\"url\" class=\"edgtf-pli-category\" href=\"https:\/\/contemporaneaeventi.com\/es\/portfolio-categoria\/stands-es\/\">stands<\/a>\n\t\t\t\t\t<\/div>\n\t\n\t\t\t\t\t\t\n\t\t\t\t\t<\/div>\n\t<\/div>\n<\/div>    <\/div>\n\n    <\/article>\n    <article class=\"edgtf-pl-item edgtf-item-space  post-43098 portfolio-item type-portfolio-item status-publish has-post-thumbnail hentry portfolio-category-mwc-es portfolio-category-stands-es\" >\n\n    <div class=\"edgtf-pl-item-inner \">\n\t\t\n<div class=\"edgtf-pli-image\">\n\t<img loading=\"lazy\" decoding=\"async\" width=\"650\" height=\"650\" src=\"https:\/\/contemporaneaeventi.com\/wp-content\/uploads\/2023\/03\/infobip-MWC2023-650x650.jpg\" class=\"attachment-manon_edge_image_square size-manon_edge_image_square wp-post-image\" alt=\"\" srcset=\"https:\/\/contemporaneaeventi.com\/wp-content\/uploads\/2023\/03\/infobip-MWC2023-650x650.jpg 650w, https:\/\/contemporaneaeventi.com\/wp-content\/uploads\/2023\/03\/infobip-MWC2023-150x150.jpg 150w\" sizes=\"auto, (max-width: 650px) 100vw, 650px\" \/>            <a itemprop=\"url\" class=\"edgtf-pli-link edgtf-block-drag-link\" href=\"https:\/\/contemporaneaeventi.com\/es\/portfolio-item\/infobip-5\/\" target=\"_self\"><\/a>\n    <\/div>\n<div class=\"edgtf-pli-text-holder\">\n\t<div class=\"edgtf-pli-text-wrapper\">\n\t\t<div class=\"edgtf-pli-text\">\n\t\t\t    <h6 itemprop=\"name\" class=\"edgtf-pli-title entry-title\" >\n        <a itemprop=\"url\" href=\"https:\/\/contemporaneaeventi.com\/es\/portfolio-item\/infobip-5\/\" target=\"_self\">\n            infobip        <\/a>\n\t<\/h6>\n\n\t\t\t\n\t\t\t\t\t<div class=\"edgtf-pli-category-holder\">\n\t\t\t\t\t\t\t<a itemprop=\"url\" class=\"edgtf-pli-category\" href=\"https:\/\/contemporaneaeventi.com\/es\/portfolio-categoria\/mwc-es\/\">MWC<\/a>\n\t\t\t\t\t\t\t<a itemprop=\"url\" class=\"edgtf-pli-category\" href=\"https:\/\/contemporaneaeventi.com\/es\/portfolio-categoria\/stands-es\/\">stands<\/a>\n\t\t\t\t\t<\/div>\n\t\n\t\t\t\t\t\t\n\t\t\t\t\t<\/div>\n\t<\/div>\n<\/div>    <\/div>\n\n    <\/article>\n\t<\/div>\n\t\n\t\n    <\/div>\n[\/vc_column][vc_column width=\u00bb1\/3&#8243; css=\u00bb.vc_custom_1664983823590{padding-left: 30px !important;}\u00bb][vc_single_image image=\u00bb40919&#8243; img_size=\u00bbfull\u00bb css_animation=\u00bbfadeIn\u00bb][\/vc_column][\/vc_row]<\/p>\n","protected":false},"excerpt":{"rendered":"<p>[vc_row row_content_width=\u00bbgrid\u00bb el_class=\u00bbedgtf-index-over\u00bb][vc_column][vc_empty_space height=\u00bb50px\u00bb][\/vc_column][\/vc_row][vc_row row_content_width=\u00bbgrid\u00bb el_class=\u00bbedgtf-index-over\u00bb][vc_column width=\u00bb1\/3&#8243;][\/vc_column][vc_column width=\u00bb1\/3&#8243;][vc_empty_space height=\u00bb50px\u00bb][\/vc_column][vc_column width=\u00bb1\/3&#8243;][\/vc_column][\/vc_row][vc_row row_content_width=\u00bbgrid\u00bb][vc_column width=\u00bb2\/3&#8243;][vc_column_text]En una feria como Mobile World Congress no solo hay que estar, sino que hay que deslumbrar. Por ello, debes garantizarte que tu stand va a tener todo lo [&hellip;]<\/p>\n","protected":false},"author":0,"featured_media":0,"parent":0,"menu_order":0,"comment_status":"closed","ping_status":"closed","template":"full-width.php","meta":{"inline_featured_image":false,"footnotes":""},"class_list":["post-42981","page","type-page","status-publish","hentry"],"yoast_head":"<!-- This site is optimized with the Yoast SEO plugin v27.4 - https:\/\/yoast.com\/product\/yoast-seo-wordpress\/ -->\n<title>gracias checklist MWC - Contemporanea Eventi<\/title>\n<meta name=\"robots\" content=\"index, follow, max-snippet:-1, max-image-preview:large, max-video-preview:-1\" \/>\n<link rel=\"canonical\" href=\"https:\/\/contemporaneaeventi.com\/es\/gracias-checklist-mwc\/\" \/>\n<meta property=\"og:locale\" content=\"es_ES\" \/>\n<meta property=\"og:type\" content=\"article\" \/>\n<meta property=\"og:title\" content=\"gracias checklist MWC - Contemporanea Eventi\" \/>\n<meta property=\"og:description\" content=\"[vc_row row_content_width=\u00bbgrid\u00bb el_class=\u00bbedgtf-index-over\u00bb][vc_column][vc_empty_space height=\u00bb50px\u00bb][\/vc_column][\/vc_row][vc_row row_content_width=\u00bbgrid\u00bb el_class=\u00bbedgtf-index-over\u00bb][vc_column width=\u00bb1\/3&#8243;][\/vc_column][vc_column width=\u00bb1\/3&#8243;][vc_empty_space height=\u00bb50px\u00bb][\/vc_column][vc_column width=\u00bb1\/3&#8243;][\/vc_column][\/vc_row][vc_row row_content_width=\u00bbgrid\u00bb][vc_column width=\u00bb2\/3&#8243;][vc_column_text]En una feria como Mobile World Congress no solo hay que estar, sino que hay que deslumbrar. Por ello, debes garantizarte que tu stand va a tener todo lo [&hellip;]\" \/>\n<meta property=\"og:url\" content=\"https:\/\/contemporaneaeventi.com\/es\/gracias-checklist-mwc\/\" \/>\n<meta property=\"og:site_name\" content=\"Contemporanea Eventi\" \/>\n<meta property=\"article:modified_time\" content=\"2023-11-09T11:31:05+00:00\" \/>\n<meta property=\"og:image\" content=\"https:\/\/contemporaneaeventi.com\/wp-content\/uploads\/2023\/08\/cropped-favicon.png\" \/>\n\t<meta property=\"og:image:width\" content=\"512\" \/>\n\t<meta property=\"og:image:height\" content=\"512\" \/>\n\t<meta property=\"og:image:type\" content=\"image\/png\" \/>\n<meta name=\"twitter:card\" content=\"summary_large_image\" \/>\n<meta name=\"twitter:label1\" content=\"Tiempo de lectura\" \/>\n\t<meta name=\"twitter:data1\" content=\"1 minuto\" \/>\n<script type=\"application\/ld+json\" class=\"yoast-schema-graph\">{\"@context\":\"https:\\\/\\\/schema.org\",\"@graph\":[{\"@type\":\"WebPage\",\"@id\":\"https:\\\/\\\/contemporaneaeventi.com\\\/es\\\/gracias-checklist-mwc\\\/\",\"url\":\"https:\\\/\\\/contemporaneaeventi.com\\\/es\\\/gracias-checklist-mwc\\\/\",\"name\":\"gracias checklist MWC - Contemporanea Eventi\",\"isPartOf\":{\"@id\":\"https:\\\/\\\/www.contemporaneaeventi.com\\\/es\\\/#website\"},\"datePublished\":\"2023-01-31T14:35:52+00:00\",\"dateModified\":\"2023-11-09T11:31:05+00:00\",\"breadcrumb\":{\"@id\":\"https:\\\/\\\/contemporaneaeventi.com\\\/es\\\/gracias-checklist-mwc\\\/#breadcrumb\"},\"inLanguage\":\"es\",\"potentialAction\":[{\"@type\":\"ReadAction\",\"target\":[\"https:\\\/\\\/contemporaneaeventi.com\\\/es\\\/gracias-checklist-mwc\\\/\"]}]},{\"@type\":\"BreadcrumbList\",\"@id\":\"https:\\\/\\\/contemporaneaeventi.com\\\/es\\\/gracias-checklist-mwc\\\/#breadcrumb\",\"itemListElement\":[{\"@type\":\"ListItem\",\"position\":1,\"name\":\"Portada\",\"item\":\"https:\\\/\\\/contemporaneaeventi.com\\\/es\\\/\"},{\"@type\":\"ListItem\",\"position\":2,\"name\":\"gracias checklist MWC\"}]},{\"@type\":\"WebSite\",\"@id\":\"https:\\\/\\\/www.contemporaneaeventi.com\\\/es\\\/#website\",\"url\":\"https:\\\/\\\/www.contemporaneaeventi.com\\\/es\\\/\",\"name\":\"Contemporanea Eventi\",\"description\":\"Contemporanea Eventi - WE \u2764 STANDS\",\"publisher\":{\"@id\":\"https:\\\/\\\/www.contemporaneaeventi.com\\\/es\\\/#organization\"},\"potentialAction\":[{\"@type\":\"SearchAction\",\"target\":{\"@type\":\"EntryPoint\",\"urlTemplate\":\"https:\\\/\\\/www.contemporaneaeventi.com\\\/es\\\/?s={search_term_string}\"},\"query-input\":{\"@type\":\"PropertyValueSpecification\",\"valueRequired\":true,\"valueName\":\"search_term_string\"}}],\"inLanguage\":\"es\"},{\"@type\":\"Organization\",\"@id\":\"https:\\\/\\\/www.contemporaneaeventi.com\\\/es\\\/#organization\",\"name\":\"Contemporanea Eventi\",\"alternateName\":\"Contemporanea Eventi\",\"url\":\"https:\\\/\\\/www.contemporaneaeventi.com\\\/es\\\/\",\"logo\":{\"@type\":\"ImageObject\",\"inLanguage\":\"es\",\"@id\":\"https:\\\/\\\/www.contemporaneaeventi.com\\\/es\\\/#\\\/schema\\\/logo\\\/image\\\/\",\"url\":\"https:\\\/\\\/contemporaneaeventi.com\\\/wp-content\\\/uploads\\\/2023\\\/05\\\/07-home.jpg\",\"contentUrl\":\"https:\\\/\\\/contemporaneaeventi.com\\\/wp-content\\\/uploads\\\/2023\\\/05\\\/07-home.jpg\",\"width\":900,\"height\":900,\"caption\":\"Contemporanea Eventi\"},\"image\":{\"@id\":\"https:\\\/\\\/www.contemporaneaeventi.com\\\/es\\\/#\\\/schema\\\/logo\\\/image\\\/\"}}]}<\/script>\n<!-- \/ Yoast SEO plugin. -->","yoast_head_json":{"title":"gracias checklist MWC - Contemporanea Eventi","robots":{"index":"index","follow":"follow","max-snippet":"max-snippet:-1","max-image-preview":"max-image-preview:large","max-video-preview":"max-video-preview:-1"},"canonical":"https:\/\/contemporaneaeventi.com\/es\/gracias-checklist-mwc\/","og_locale":"es_ES","og_type":"article","og_title":"gracias checklist MWC - Contemporanea Eventi","og_description":"[vc_row row_content_width=\u00bbgrid\u00bb el_class=\u00bbedgtf-index-over\u00bb][vc_column][vc_empty_space height=\u00bb50px\u00bb][\/vc_column][\/vc_row][vc_row row_content_width=\u00bbgrid\u00bb el_class=\u00bbedgtf-index-over\u00bb][vc_column width=\u00bb1\/3&#8243;][\/vc_column][vc_column width=\u00bb1\/3&#8243;][vc_empty_space height=\u00bb50px\u00bb][\/vc_column][vc_column width=\u00bb1\/3&#8243;][\/vc_column][\/vc_row][vc_row row_content_width=\u00bbgrid\u00bb][vc_column width=\u00bb2\/3&#8243;][vc_column_text]En una feria como Mobile World Congress no solo hay que estar, sino que hay que deslumbrar. Por ello, debes garantizarte que tu stand va a tener todo lo [&hellip;]","og_url":"https:\/\/contemporaneaeventi.com\/es\/gracias-checklist-mwc\/","og_site_name":"Contemporanea Eventi","article_modified_time":"2023-11-09T11:31:05+00:00","og_image":[{"width":512,"height":512,"url":"https:\/\/contemporaneaeventi.com\/wp-content\/uploads\/2023\/08\/cropped-favicon.png","type":"image\/png"}],"twitter_card":"summary_large_image","twitter_misc":{"Tiempo de lectura":"1 minuto"},"schema":{"@context":"https:\/\/schema.org","@graph":[{"@type":"WebPage","@id":"https:\/\/contemporaneaeventi.com\/es\/gracias-checklist-mwc\/","url":"https:\/\/contemporaneaeventi.com\/es\/gracias-checklist-mwc\/","name":"gracias checklist MWC - Contemporanea Eventi","isPartOf":{"@id":"https:\/\/www.contemporaneaeventi.com\/es\/#website"},"datePublished":"2023-01-31T14:35:52+00:00","dateModified":"2023-11-09T11:31:05+00:00","breadcrumb":{"@id":"https:\/\/contemporaneaeventi.com\/es\/gracias-checklist-mwc\/#breadcrumb"},"inLanguage":"es","potentialAction":[{"@type":"ReadAction","target":["https:\/\/contemporaneaeventi.com\/es\/gracias-checklist-mwc\/"]}]},{"@type":"BreadcrumbList","@id":"https:\/\/contemporaneaeventi.com\/es\/gracias-checklist-mwc\/#breadcrumb","itemListElement":[{"@type":"ListItem","position":1,"name":"Portada","item":"https:\/\/contemporaneaeventi.com\/es\/"},{"@type":"ListItem","position":2,"name":"gracias checklist MWC"}]},{"@type":"WebSite","@id":"https:\/\/www.contemporaneaeventi.com\/es\/#website","url":"https:\/\/www.contemporaneaeventi.com\/es\/","name":"Contemporanea Eventi","description":"Contemporanea Eventi - WE \u2764 STANDS","publisher":{"@id":"https:\/\/www.contemporaneaeventi.com\/es\/#organization"},"potentialAction":[{"@type":"SearchAction","target":{"@type":"EntryPoint","urlTemplate":"https:\/\/www.contemporaneaeventi.com\/es\/?s={search_term_string}"},"query-input":{"@type":"PropertyValueSpecification","valueRequired":true,"valueName":"search_term_string"}}],"inLanguage":"es"},{"@type":"Organization","@id":"https:\/\/www.contemporaneaeventi.com\/es\/#organization","name":"Contemporanea Eventi","alternateName":"Contemporanea Eventi","url":"https:\/\/www.contemporaneaeventi.com\/es\/","logo":{"@type":"ImageObject","inLanguage":"es","@id":"https:\/\/www.contemporaneaeventi.com\/es\/#\/schema\/logo\/image\/","url":"https:\/\/contemporaneaeventi.com\/wp-content\/uploads\/2023\/05\/07-home.jpg","contentUrl":"https:\/\/contemporaneaeventi.com\/wp-content\/uploads\/2023\/05\/07-home.jpg","width":900,"height":900,"caption":"Contemporanea Eventi"},"image":{"@id":"https:\/\/www.contemporaneaeventi.com\/es\/#\/schema\/logo\/image\/"}}]}},"_links":{"self":[{"href":"https:\/\/contemporaneaeventi.com\/es\/wp-json\/wp\/v2\/pages\/42981","targetHints":{"allow":["GET"]}}],"collection":[{"href":"https:\/\/contemporaneaeventi.com\/es\/wp-json\/wp\/v2\/pages"}],"about":[{"href":"https:\/\/contemporaneaeventi.com\/es\/wp-json\/wp\/v2\/types\/page"}],"replies":[{"embeddable":true,"href":"https:\/\/contemporaneaeventi.com\/es\/wp-json\/wp\/v2\/comments?post=42981"}],"version-history":[{"count":8,"href":"https:\/\/contemporaneaeventi.com\/es\/wp-json\/wp\/v2\/pages\/42981\/revisions"}],"predecessor-version":[{"id":44246,"href":"https:\/\/contemporaneaeventi.com\/es\/wp-json\/wp\/v2\/pages\/42981\/revisions\/44246"}],"wp:attachment":[{"href":"https:\/\/contemporaneaeventi.com\/es\/wp-json\/wp\/v2\/media?parent=42981"}],"curies":[{"name":"wp","href":"https:\/\/api.w.org\/{rel}","templated":true}]}}