{"id":42714,"date":"2023-01-19T13:02:46","date_gmt":"2023-01-19T12:02:46","guid":{"rendered":"https:\/\/contemporaneaeventi.com\/?page_id=42714"},"modified":"2026-01-08T15:49:36","modified_gmt":"2026-01-08T14:49:36","slug":"quien","status":"publish","type":"page","link":"https:\/\/contemporaneaeventi.com\/es\/quien\/","title":{"rendered":"QUIEN?"},"content":{"rendered":"<p>[vc_row row_content_width=\u00bbgrid\u00bb content_text_aligment=\u00bbcenter\u00bb][vc_column]<div class=\"edgtf-elements-holder   edgtf-one-column  edgtf-responsive-mode-768 \" ><div class=\"edgtf-eh-item     \"  data-item-class=\"edgtf-eh-custom-1986\" data-769-1024=\"50px 0px 100px\" data-681-768=\"50px 0px 100px\" data-680=\"49px 0px 85px\">\n\t<div class=\"edgtf-eh-item-inner\">\n\t\t<div class=\"edgtf-eh-item-content edgtf-eh-custom-1986\" style=\"padding: 50px 0px 50px\">\n\t\t\t[vc_column_text]<\/p>\n<h1 style=\"text-align: center;\">El equipo que convierte <span class=\"highlight-underline\">metros cuadrados<\/span> en oportunidades.<\/h1>\n<p>[\/vc_column_text][vc_separator color=\u00bbblack\u00bb css=\u00bb.vc_custom_1681729920397{margin-top: 20px !important;margin-bottom: 20px !important;}\u00bb][vc_column_text]<\/p>\n<div>\n<div style=\"text-align: left;\">M\u00e1s que dise\u00f1adores y constructores de stands, somos tus socios estrat\u00e9gicos en cada feria y evento. Llevamos m\u00e1s de 20 a\u00f1os dando vida a las ideas, convirtiendo espacios en experiencias memorables que captan miradas y generan negocio. Nuestra base est\u00e1 en Barcelona, pero nuestra mente y nuestros proyectos no tienen fronteras. Creamos, fabricamos en nuestros propios talleres y montamos donde necesites.<\/div>\n<div><\/div>\n<\/div>\n<p>[\/vc_column_text][vc_separator color=\u00bbblack\u00bb css=\u00bb.vc_custom_1681729920397{margin-top: 20px !important;margin-bottom: 20px !important;}\u00bb][vc_column_text]<\/p>\n<h2 style=\"text-align: left;\">Nuestro m\u00e9todo: <span class=\"highlight-underline\">Cero complicaciones<\/span>, infinitas posibilidades.<\/h2>\n<p>[\/vc_column_text][vc_separator color=\u00bbblack\u00bb css=\u00bb.vc_custom_1681729920397{margin-top: 20px !important;margin-bottom: 20px !important;}\u00bb][vc_column_text]<\/p>\n<p style=\"text-align: left;\"><strong>Creemos en un servicio \u00abllave en mano\u00bb real.<\/strong> Nos encargamos de todo el proceso, desde el primer boceto hasta el \u00faltimo detalle del montaje. Olv\u00eddate de la log\u00edstica, los proveedores y los imprevistos. Nos enfocamos en la creatividad, la funcionalidad y la calidad para que t\u00fa puedas centrarte en lo m\u00e1s importante: el \u00e9xito de tu evento.<\/p>\n<p>[\/vc_column_text][vc_separator color=\u00bbblack\u00bb css=\u00bb.vc_custom_1681729920397{margin-top: 20px !important;margin-bottom: 20px !important;}\u00bb][vc_raw_html]JTNDZGl2JTIwY2xhc3MlM0QlMjJmZWF0dXJlZC1jYXJkcyUyMiUzRSUwQSUyMCUyMCUyMCUyMCUzQ2ElMjBocmVmJTNEJTIyaHR0cHMlM0ElMkYlMkZjb250ZW1wb3JhbmVhZXZlbnRpLmNvbSUyRmVzJTJGZGlzZW5vLXN0YW5kcyUyRiUyMiUyMGNsYXNzJTNEJTIyY2FyZCUyMiUzRSUwQSUyMCUyMCUyMCUyMCUyMCUyMCUyMCUyMCUzQ2gzJTNFRGlzZSVDMyVCMW8lMjBjb24lMjBpbnRlbmNpJUMzJUIzbiUzQyUyRmgzJTNFJTBBJTIwJTIwJTIwJTIwJTIwJTIwJTIwJTIwJTNDcCUzRUNyZWFtb3MlMjBzdGFuZHMlMjBxdWUlMjBjdWVudGFuJTIwdHUlMjBoaXN0b3JpYSUyMHklMjBjb25lY3RhbiUyMGNvbiUyMHR1JTIwcCVDMyVCQWJsaWNvLiUzQyUyRnAlM0UlMEElMjAlMjAlMjAlMjAlM0MlMkZhJTNFJTBBJTIwJTIwJTIwJTIwJTBBJTIwJTIwJTIwJTIwJTNDYSUyMGhyZWYlM0QlMjJodHRwcyUzQSUyRiUyRmNvbnRlbXBvcmFuZWFldmVudGkuY29tJTJGZXMlMkZzb2JyZS1ub3NvdHJvcyUyRiUyMiUyMGNsYXNzJTNEJTIyY2FyZCUyMiUzRSUwQSUyMCUyMCUyMCUyMCUyMCUyMCUyMCUyMCUzQ2gzJTNFRXhwZXJpZW5jaWElMjBxdWUlMjByZXN1ZWx2ZSUzQyUyRmgzJTNFJTBBJTIwJTIwJTIwJTIwJTIwJTIwJTIwJTIwJTNDcCUzRURvcyUyMGQlQzMlQTljYWRhcyUyMGVuJTIwZWwlMjBzZWN0b3IlMjBub3MlMjBkYW4lMjBsYSUyMHNvbHZlbmNpYSUyMHBhcmElMjBnYXJhbnRpemFyJTIwcmVzdWx0YWRvcy4lM0MlMkZwJTNFJTBBJTIwJTIwJTIwJTIwJTNDJTJGYSUzRSUwQSUyMCUyMCUyMCUyMCUwQSUyMCUyMCUyMCUyMCUzQ2ElMjBocmVmJTNEJTIyaHR0cHMlM0ElMkYlMkZjb250ZW1wb3JhbmVhZXZlbnRpLmNvbSUyRmVzJTJGc3RhbmRzJTJGbW9udGFqZS1zdGFuZHMlMkYlMjIlMjBjbGFzcyUzRCUyMmNhcmQlMjIlM0UlMEElMjAlMjAlMjAlMjAlMjAlMjAlMjAlMjAlM0NoMyUzRUFsY2FuY2UlMjBzaW4lMjBsJUMzJUFEbWl0ZXMlM0MlMkZoMyUzRSUwQSUyMCUyMCUyMCUyMCUyMCUyMCUyMCUyMCUzQ3AlM0VEZXNkZSUyMEJhcmNlbG9uYSUyMGElMjBjdWFscXVpZXIlMjByZWNpbnRvJTIwZmVyaWFsJTIwZGUlMjBFdXJvcGElMjB5JTIwZGVsJTIwbXVuZG8uJTNDJTJGcCUzRSUwQSUyMCUyMCUyMCUyMCUzQyUyRmElM0UlMEElM0MlMkZkaXYlM0U=[\/vc_raw_html]\t\t<\/div>\n\t<\/div>\n<\/div><\/div>[\/vc_column][\/vc_row][vc_row row_content_width=\u00bbgrid\u00bb][vc_column][vc_column_text css=\u00bb.vc_custom_1752226497200{margin-bottom: 50px !important;}\u00bb]<\/p>\n<h3 style=\"text-align: left;\">PUEDES ENCONTRARNOS EN <strong><a href=\"https:\/\/www.instagram.com\/contemporanea_eventi\/\" target=\"_blanc\" rel=\"noopener\">INSTAGRAM<\/a><\/strong> Y <a href=\"https:\/\/www.linkedin.com\/company\/contemporanea-eventi\/\" target=\"_blanc\" rel=\"noopener\"><strong>LINKEDIN<\/strong>.<\/a><\/h3>\n<p>[\/vc_column_text][vc_column_text]<\/p>\n<h3>\u00bfTienes un proyecto en mente? Hablemos.<\/h3>\n<p><strong>El caf\u00e9 corre de nuestra cuenta.<\/strong>[\/vc_column_text][vc_raw_html]JTVCd3Bmb3JtcyUyMGlkJTNEJTIyNDcyMDElMjIlNUQ=[\/vc_raw_html][\/vc_column][\/vc_row][vc_row disable_element=\u00bbyes\u00bb row_content_width=\u00bbgrid\u00bb content_text_aligment=\u00bbcenter\u00bb][vc_column]<div class=\"edgtf-elements-holder   edgtf-one-column  edgtf-responsive-mode-768 \" ><div class=\"edgtf-eh-item     \"  data-item-class=\"edgtf-eh-custom-5179\" data-769-1024=\"68px 0px 150px\" data-681-768=\"68px 0px 150px\" data-680=\"49px 0px 85px\">\n\t<div class=\"edgtf-eh-item-inner\">\n\t\t<div class=\"edgtf-eh-item-content edgtf-eh-custom-5179\" style=\"padding: 68px 0px 150px\">\n\t\t\t[vc_column_text]<\/p>\n<h3 style=\"text-align: left;\">HOLA, SOMOS <strong>EL EQUIPO<\/strong> QUE BUSCAS.<\/h3>\n<h3 style=\"text-align: left;\">ESTAMOS EN BARCELONA Y TRABAJAMOS <strong>EN TODO EL MUNDO<\/strong>. CREAMOS LO QUE NECESITAS.<\/h3>\n<p>[\/vc_column_text][vc_empty_space][vc_column_text]<\/p>\n<h3 style=\"text-align: left;\">PUEDES ENCONTRARNOS EN <strong><a href=\"#\">INSTAGRAM<\/a> <\/strong>Y <a href=\"#\"><strong>LINKEDIN<\/strong>.<\/a><\/h3>\n<p>[\/vc_column_text][vc_empty_space][vc_column_text]<\/p>\n<h3 style=\"text-align: left;\">NO SEAS TIMIDO, DI <strong><a href=\"https:\/\/contemporaneaeventi.com\/es\/contacto\/\">HOLA<\/a><\/strong>.<\/h3>\n<p>[\/vc_column_text]\t\t<\/div>\n\t<\/div>\n<\/div><\/div>[\/vc_column][\/vc_row][vc_row content_placement=\u00bbmiddle\u00bb row_content_width=\u00bbgrid\u00bb content_text_aligment=\u00bbcenter\u00bb css=\u00bb.vc_custom_1546012356252{padding-right: 15px !important;padding-left: 15px !important;}\u00bb][vc_column offset=\u00bbvc_col-lg-12&#8243; css=\u00bb.vc_custom_1674211990257{padding-top: 0px !important;padding-right: 0px !important;padding-bottom: 0px !important;padding-left: 0px !important;}\u00bb][\/vc_column][\/vc_row][vc_row content_placement=\u00bbmiddle\u00bb disable_element=\u00bbyes\u00bb row_content_width=\u00bbgrid\u00bb content_text_aligment=\u00bbcenter\u00bb css=\u00bb.vc_custom_1674819095348{padding-right: 15px !important;padding-left: 15px !important;}\u00bb][vc_column width=\u00bb1\/2&#8243; offset=\u00bbvc_col-lg-4&#8243; css=\u00bb.vc_custom_1547222319157{padding-top: 0px !important;padding-right: 0px !important;padding-bottom: 0px !important;padding-left: 0px !important;}\u00bb]<div class=\"edgtf-team-holder edgtf-team-info-on-image\">\n\t<div class=\"edgtf-team-inner\">\n\t\t\t\t\t<div class=\"edgtf-team-image\">\n                <img loading=\"lazy\" decoding=\"async\" width=\"800\" height=\"800\" src=\"https:\/\/contemporaneaeventi.com\/wp-content\/uploads\/2022\/10\/Gabri.jpg\" class=\"attachment-full size-full\" alt=\"\" srcset=\"https:\/\/contemporaneaeventi.com\/wp-content\/uploads\/2022\/10\/Gabri.jpg 800w, https:\/\/contemporaneaeventi.com\/wp-content\/uploads\/2022\/10\/Gabri-300x300.jpg 300w, https:\/\/contemporaneaeventi.com\/wp-content\/uploads\/2022\/10\/Gabri-150x150.jpg 150w, https:\/\/contemporaneaeventi.com\/wp-content\/uploads\/2022\/10\/Gabri-768x768.jpg 768w, https:\/\/contemporaneaeventi.com\/wp-content\/uploads\/2022\/10\/Gabri-650x650.jpg 650w\" sizes=\"auto, (max-width: 800px) 100vw, 800px\" \/>\t\t\t\t<div class=\"edgtf-team-social-wrapper\">\n\t\t\t\t\t<div class=\"edgtf-team-social-outer\">\n\t\t\t\t\t\t<div class=\"edgtf-team-social-inner\">\n\t\t\t\t\t\t\t\t\t\t\t\t\t\t\t<h6 class=\"edgtf-team-name\" >Gabriel Pranzini<\/h6>\n\t\t\t\t\t\t\t\t\t\t\t\t\t\t\t\t\t\t\t\t\t\t<p class=\"edgtf-team-position\" >Ceo &amp; Founder<\/p>\n\t\t\t\t\t\t\t\t\t\t\t\t\t\t\t\t\t\t\t\t\t\t\t\t\t\t\t<\/div>\n\t\t\t\t\t<\/div>\n\t\t\t\t<\/div>\n\t\t\t<\/div>\n\t\t\t<\/div>\n<\/div>[\/vc_column][vc_column width=\u00bb1\/2&#8243; offset=\u00bbvc_col-lg-4&#8243; css=\u00bb.vc_custom_1547222311401{padding-top: 0px !important;padding-right: 0px !important;padding-bottom: 0px !important;padding-left: 0px !important;}\u00bb]<div class=\"edgtf-team-holder edgtf-team-info-on-image\">\n\t<div class=\"edgtf-team-inner\">\n\t\t\t\t\t<div class=\"edgtf-team-image\">\n                <img loading=\"lazy\" decoding=\"async\" width=\"800\" height=\"800\" src=\"https:\/\/contemporaneaeventi.com\/wp-content\/uploads\/2022\/10\/Ines.jpg\" class=\"attachment-full size-full\" alt=\"\" srcset=\"https:\/\/contemporaneaeventi.com\/wp-content\/uploads\/2022\/10\/Ines.jpg 800w, https:\/\/contemporaneaeventi.com\/wp-content\/uploads\/2022\/10\/Ines-300x300.jpg 300w, https:\/\/contemporaneaeventi.com\/wp-content\/uploads\/2022\/10\/Ines-150x150.jpg 150w, https:\/\/contemporaneaeventi.com\/wp-content\/uploads\/2022\/10\/Ines-768x768.jpg 768w, https:\/\/contemporaneaeventi.com\/wp-content\/uploads\/2022\/10\/Ines-650x650.jpg 650w\" sizes=\"auto, (max-width: 800px) 100vw, 800px\" \/>\t\t\t\t<div class=\"edgtf-team-social-wrapper\">\n\t\t\t\t\t<div class=\"edgtf-team-social-outer\">\n\t\t\t\t\t\t<div class=\"edgtf-team-social-inner\">\n\t\t\t\t\t\t\t\t\t\t\t\t\t\t\t<h6 class=\"edgtf-team-name\" >In\u00e9s Canals<\/h6>\n\t\t\t\t\t\t\t\t\t\t\t\t\t\t\t\t\t\t\t\t\t\t<p class=\"edgtf-team-position\" >Vice President<\/p>\n\t\t\t\t\t\t\t\t\t\t\t\t\t\t\t\t\t\t\t\t\t\t\t\t\t\t\t<\/div>\n\t\t\t\t\t<\/div>\n\t\t\t\t<\/div>\n\t\t\t<\/div>\n\t\t\t<\/div>\n<\/div>[\/vc_column][vc_column width=\u00bb1\/2&#8243; offset=\u00bbvc_col-lg-4&#8243; css=\u00bb.vc_custom_1547454463460{padding-top: 0px !important;padding-right: 0px !important;padding-bottom: 0px !important;padding-left: 0px !important;}\u00bb]<div class=\"edgtf-team-holder edgtf-team-info-on-image\">\n\t<div class=\"edgtf-team-inner\">\n\t\t\t\t\t<div class=\"edgtf-team-image\">\n                <img loading=\"lazy\" decoding=\"async\" width=\"800\" height=\"800\" src=\"https:\/\/contemporaneaeventi.com\/wp-content\/uploads\/2022\/10\/Gemma.jpg\" class=\"attachment-full size-full\" alt=\"\" srcset=\"https:\/\/contemporaneaeventi.com\/wp-content\/uploads\/2022\/10\/Gemma.jpg 800w, https:\/\/contemporaneaeventi.com\/wp-content\/uploads\/2022\/10\/Gemma-300x300.jpg 300w, https:\/\/contemporaneaeventi.com\/wp-content\/uploads\/2022\/10\/Gemma-150x150.jpg 150w, https:\/\/contemporaneaeventi.com\/wp-content\/uploads\/2022\/10\/Gemma-768x768.jpg 768w, https:\/\/contemporaneaeventi.com\/wp-content\/uploads\/2022\/10\/Gemma-650x650.jpg 650w\" sizes=\"auto, (max-width: 800px) 100vw, 800px\" \/>\t\t\t\t<div class=\"edgtf-team-social-wrapper\">\n\t\t\t\t\t<div class=\"edgtf-team-social-outer\">\n\t\t\t\t\t\t<div class=\"edgtf-team-social-inner\">\n\t\t\t\t\t\t\t\t\t\t\t\t\t\t\t<h6 class=\"edgtf-team-name\" >Gemma Borda<\/h6>\n\t\t\t\t\t\t\t\t\t\t\t\t\t\t\t\t\t\t\t\t\t\t<p class=\"edgtf-team-position\" >XXX<\/p>\n\t\t\t\t\t\t\t\t\t\t\t\t\t\t\t\t\t\t\t\t\t\t\t\t\t\t\t<\/div>\n\t\t\t\t\t<\/div>\n\t\t\t\t<\/div>\n\t\t\t<\/div>\n\t\t\t<\/div>\n<\/div>[\/vc_column][vc_column width=\u00bb1\/2&#8243; offset=\u00bbvc_col-lg-4&#8243; css=\u00bb.vc_custom_1546002613264{padding-top: 0px !important;padding-right: 0px !important;padding-bottom: 0px !important;padding-left: 0px !important;}\u00bb]<div class=\"edgtf-team-holder edgtf-team-info-on-image\">\n\t<div class=\"edgtf-team-inner\">\n\t\t\t\t\t<div class=\"edgtf-team-image\">\n                <img loading=\"lazy\" decoding=\"async\" width=\"800\" height=\"800\" src=\"https:\/\/contemporaneaeventi.com\/wp-content\/uploads\/2022\/10\/Gabri.jpg\" class=\"attachment-full size-full\" alt=\"\" srcset=\"https:\/\/contemporaneaeventi.com\/wp-content\/uploads\/2022\/10\/Gabri.jpg 800w, https:\/\/contemporaneaeventi.com\/wp-content\/uploads\/2022\/10\/Gabri-300x300.jpg 300w, https:\/\/contemporaneaeventi.com\/wp-content\/uploads\/2022\/10\/Gabri-150x150.jpg 150w, https:\/\/contemporaneaeventi.com\/wp-content\/uploads\/2022\/10\/Gabri-768x768.jpg 768w, https:\/\/contemporaneaeventi.com\/wp-content\/uploads\/2022\/10\/Gabri-650x650.jpg 650w\" sizes=\"auto, (max-width: 800px) 100vw, 800px\" \/>\t\t\t\t<div class=\"edgtf-team-social-wrapper\">\n\t\t\t\t\t<div class=\"edgtf-team-social-outer\">\n\t\t\t\t\t\t<div class=\"edgtf-team-social-inner\">\n\t\t\t\t\t\t\t\t\t\t\t\t\t\t\t<h6 class=\"edgtf-team-name\" >Gabriel Pranzini<\/h6>\n\t\t\t\t\t\t\t\t\t\t\t\t\t\t\t\t\t\t\t\t\t\t<p class=\"edgtf-team-position\" >Ceo &amp; Founder<\/p>\n\t\t\t\t\t\t\t\t\t\t\t\t\t\t\t\t\t\t\t\t\t\t\t\t\t\t\t<\/div>\n\t\t\t\t\t<\/div>\n\t\t\t\t<\/div>\n\t\t\t<\/div>\n\t\t\t<\/div>\n<\/div>[\/vc_column][vc_column width=\u00bb1\/2&#8243; offset=\u00bbvc_col-lg-4&#8243; css=\u00bb.vc_custom_1546002607788{padding-top: 0px !important;padding-right: 0px !important;padding-bottom: 0px !important;padding-left: 0px !important;}\u00bb]<div class=\"edgtf-team-holder edgtf-team-info-on-image\">\n\t<div class=\"edgtf-team-inner\">\n\t\t\t\t\t<div class=\"edgtf-team-image\">\n                <img loading=\"lazy\" decoding=\"async\" width=\"800\" height=\"800\" src=\"https:\/\/contemporaneaeventi.com\/wp-content\/uploads\/2022\/10\/Ines.jpg\" class=\"attachment-full size-full\" alt=\"\" srcset=\"https:\/\/contemporaneaeventi.com\/wp-content\/uploads\/2022\/10\/Ines.jpg 800w, https:\/\/contemporaneaeventi.com\/wp-content\/uploads\/2022\/10\/Ines-300x300.jpg 300w, https:\/\/contemporaneaeventi.com\/wp-content\/uploads\/2022\/10\/Ines-150x150.jpg 150w, https:\/\/contemporaneaeventi.com\/wp-content\/uploads\/2022\/10\/Ines-768x768.jpg 768w, https:\/\/contemporaneaeventi.com\/wp-content\/uploads\/2022\/10\/Ines-650x650.jpg 650w\" sizes=\"auto, (max-width: 800px) 100vw, 800px\" \/>\t\t\t\t<div class=\"edgtf-team-social-wrapper\">\n\t\t\t\t\t<div class=\"edgtf-team-social-outer\">\n\t\t\t\t\t\t<div class=\"edgtf-team-social-inner\">\n\t\t\t\t\t\t\t\t\t\t\t\t\t\t\t<h6 class=\"edgtf-team-name\" >In\u00e9s Canals<\/h6>\n\t\t\t\t\t\t\t\t\t\t\t\t\t\t\t\t\t\t\t\t\t\t<p class=\"edgtf-team-position\" >Vice President<\/p>\n\t\t\t\t\t\t\t\t\t\t\t\t\t\t\t\t\t\t\t\t\t\t\t\t\t\t\t<\/div>\n\t\t\t\t\t<\/div>\n\t\t\t\t<\/div>\n\t\t\t<\/div>\n\t\t\t<\/div>\n<\/div>[\/vc_column][vc_column width=\u00bb1\/2&#8243; offset=\u00bbvc_col-lg-4&#8243; css=\u00bb.vc_custom_1674208198434{padding-top: 0px !important;padding-right: 0px !important;padding-bottom: 0px !important;padding-left: 0px !important;}\u00bb]<div class=\"edgtf-team-holder edgtf-team-info-on-image\">\n\t<div class=\"edgtf-team-inner\">\n\t\t\t\t\t<div class=\"edgtf-team-image\">\n                <img loading=\"lazy\" decoding=\"async\" width=\"800\" height=\"800\" src=\"https:\/\/contemporaneaeventi.com\/wp-content\/uploads\/2022\/10\/Gemma.jpg\" class=\"attachment-full size-full\" alt=\"\" srcset=\"https:\/\/contemporaneaeventi.com\/wp-content\/uploads\/2022\/10\/Gemma.jpg 800w, https:\/\/contemporaneaeventi.com\/wp-content\/uploads\/2022\/10\/Gemma-300x300.jpg 300w, https:\/\/contemporaneaeventi.com\/wp-content\/uploads\/2022\/10\/Gemma-150x150.jpg 150w, https:\/\/contemporaneaeventi.com\/wp-content\/uploads\/2022\/10\/Gemma-768x768.jpg 768w, https:\/\/contemporaneaeventi.com\/wp-content\/uploads\/2022\/10\/Gemma-650x650.jpg 650w\" sizes=\"auto, (max-width: 800px) 100vw, 800px\" \/>\t\t\t\t<div class=\"edgtf-team-social-wrapper\">\n\t\t\t\t\t<div class=\"edgtf-team-social-outer\">\n\t\t\t\t\t\t<div class=\"edgtf-team-social-inner\">\n\t\t\t\t\t\t\t\t\t\t\t\t\t\t\t<h6 class=\"edgtf-team-name\" >Gemma Borda<\/h6>\n\t\t\t\t\t\t\t\t\t\t\t\t\t\t\t\t\t\t\t\t\t\t<p class=\"edgtf-team-position\" >XXX<\/p>\n\t\t\t\t\t\t\t\t\t\t\t\t\t\t\t\t\t\t\t\t\t\t\t\t\t\t\t<\/div>\n\t\t\t\t\t<\/div>\n\t\t\t\t<\/div>\n\t\t\t<\/div>\n\t\t\t<\/div>\n<\/div>[\/vc_column][\/vc_row]<\/p>\n","protected":false},"excerpt":{"rendered":"<p>[vc_row row_content_width=\u00bbgrid\u00bb content_text_aligment=\u00bbcenter\u00bb][vc_column][\/vc_column][\/vc_row][vc_row row_content_width=\u00bbgrid\u00bb][vc_column][vc_column_text css=\u00bb.vc_custom_1752226497200{margin-bottom: 50px !important;}\u00bb] PUEDES ENCONTRARNOS EN INSTAGRAM Y LINKEDIN. [\/vc_column_text][vc_column_text] \u00bfTienes un proyecto en mente? Hablemos. El caf\u00e9 corre de nuestra cuenta.[\/vc_column_text][vc_raw_html]JTVCd3Bmb3JtcyUyMGlkJTNEJTIyNDcyMDElMjIlNUQ=[\/vc_raw_html][\/vc_column][\/vc_row][vc_row disable_element=\u00bbyes\u00bb row_content_width=\u00bbgrid\u00bb content_text_aligment=\u00bbcenter\u00bb][vc_column][\/vc_column][\/vc_row][vc_row content_placement=\u00bbmiddle\u00bb row_content_width=\u00bbgrid\u00bb content_text_aligment=\u00bbcenter\u00bb css=\u00bb.vc_custom_1546012356252{padding-right: 15px !important;padding-left: 15px !important;}\u00bb][vc_column offset=\u00bbvc_col-lg-12&#8243; css=\u00bb.vc_custom_1674211990257{padding-top: 0px [&hellip;]<\/p>\n","protected":false},"author":1,"featured_media":0,"parent":0,"menu_order":0,"comment_status":"closed","ping_status":"closed","template":"full-width.php","meta":{"inline_featured_image":false,"footnotes":""},"class_list":["post-42714","page","type-page","status-publish","hentry"],"yoast_head":"<!-- This site is optimized with the Yoast SEO plugin v27.4 - https:\/\/yoast.com\/product\/yoast-seo-wordpress\/ -->\n<title>Qui\u00e9nes Somos: Expertos en Dise\u00f1o de Stands | Contemporanea<\/title>\n<meta name=\"description\" content=\"Tu idea, nuestro plano. Convertimos conceptos en stands memorables por toda Europa. M\u00e1s de dos d\u00e9cadas creando espacios que conectan y venden. \u00bfEmpezamos?\" \/>\n<meta name=\"robots\" content=\"index, follow, max-snippet:-1, max-image-preview:large, max-video-preview:-1\" \/>\n<link rel=\"canonical\" href=\"https:\/\/contemporaneaeventi.com\/es\/quien\/\" \/>\n<meta property=\"og:locale\" content=\"es_ES\" \/>\n<meta property=\"og:type\" content=\"article\" \/>\n<meta property=\"og:title\" content=\"Qui\u00e9nes Somos: Expertos en Dise\u00f1o de Stands | Contemporanea\" \/>\n<meta property=\"og:description\" content=\"Tu idea, nuestro plano. Convertimos conceptos en stands memorables por toda Europa. M\u00e1s de dos d\u00e9cadas creando espacios que conectan y venden. \u00bfEmpezamos?\" \/>\n<meta property=\"og:url\" content=\"https:\/\/contemporaneaeventi.com\/es\/quien\/\" \/>\n<meta property=\"og:site_name\" content=\"Contemporanea Eventi\" \/>\n<meta property=\"article:modified_time\" content=\"2026-01-08T14:49:36+00:00\" \/>\n<meta property=\"og:image\" content=\"https:\/\/contemporaneaeventi.com\/wp-content\/uploads\/2023\/08\/cropped-favicon.png\" \/>\n\t<meta property=\"og:image:width\" content=\"512\" \/>\n\t<meta property=\"og:image:height\" content=\"512\" \/>\n\t<meta property=\"og:image:type\" content=\"image\/png\" \/>\n<meta name=\"twitter:card\" content=\"summary_large_image\" \/>\n<meta name=\"twitter:label1\" content=\"Tiempo de lectura\" \/>\n\t<meta name=\"twitter:data1\" content=\"4 minutos\" \/>\n<script type=\"application\/ld+json\" class=\"yoast-schema-graph\">{\"@context\":\"https:\\\/\\\/schema.org\",\"@graph\":[{\"@type\":\"WebPage\",\"@id\":\"https:\\\/\\\/contemporaneaeventi.com\\\/es\\\/quien\\\/\",\"url\":\"https:\\\/\\\/contemporaneaeventi.com\\\/es\\\/quien\\\/\",\"name\":\"Qui\u00e9nes Somos: Expertos en Dise\u00f1o de Stands | Contemporanea\",\"isPartOf\":{\"@id\":\"https:\\\/\\\/www.contemporaneaeventi.com\\\/es\\\/#website\"},\"datePublished\":\"2023-01-19T12:02:46+00:00\",\"dateModified\":\"2026-01-08T14:49:36+00:00\",\"description\":\"Tu idea, nuestro plano. Convertimos conceptos en stands memorables por toda Europa. M\u00e1s de dos d\u00e9cadas creando espacios que conectan y venden. \u00bfEmpezamos?\",\"breadcrumb\":{\"@id\":\"https:\\\/\\\/contemporaneaeventi.com\\\/es\\\/quien\\\/#breadcrumb\"},\"inLanguage\":\"es\",\"potentialAction\":[{\"@type\":\"ReadAction\",\"target\":[\"https:\\\/\\\/contemporaneaeventi.com\\\/es\\\/quien\\\/\"]}]},{\"@type\":\"BreadcrumbList\",\"@id\":\"https:\\\/\\\/contemporaneaeventi.com\\\/es\\\/quien\\\/#breadcrumb\",\"itemListElement\":[{\"@type\":\"ListItem\",\"position\":1,\"name\":\"Portada\",\"item\":\"https:\\\/\\\/contemporaneaeventi.com\\\/es\\\/\"},{\"@type\":\"ListItem\",\"position\":2,\"name\":\"QUIEN?\"}]},{\"@type\":\"WebSite\",\"@id\":\"https:\\\/\\\/www.contemporaneaeventi.com\\\/es\\\/#website\",\"url\":\"https:\\\/\\\/www.contemporaneaeventi.com\\\/es\\\/\",\"name\":\"Contemporanea Eventi\",\"description\":\"Contemporanea Eventi - WE \u2764 STANDS\",\"publisher\":{\"@id\":\"https:\\\/\\\/www.contemporaneaeventi.com\\\/es\\\/#organization\"},\"potentialAction\":[{\"@type\":\"SearchAction\",\"target\":{\"@type\":\"EntryPoint\",\"urlTemplate\":\"https:\\\/\\\/www.contemporaneaeventi.com\\\/es\\\/?s={search_term_string}\"},\"query-input\":{\"@type\":\"PropertyValueSpecification\",\"valueRequired\":true,\"valueName\":\"search_term_string\"}}],\"inLanguage\":\"es\"},{\"@type\":\"Organization\",\"@id\":\"https:\\\/\\\/www.contemporaneaeventi.com\\\/es\\\/#organization\",\"name\":\"Contemporanea Eventi\",\"alternateName\":\"Contemporanea Eventi\",\"url\":\"https:\\\/\\\/www.contemporaneaeventi.com\\\/es\\\/\",\"logo\":{\"@type\":\"ImageObject\",\"inLanguage\":\"es\",\"@id\":\"https:\\\/\\\/www.contemporaneaeventi.com\\\/es\\\/#\\\/schema\\\/logo\\\/image\\\/\",\"url\":\"https:\\\/\\\/contemporaneaeventi.com\\\/wp-content\\\/uploads\\\/2023\\\/05\\\/07-home.jpg\",\"contentUrl\":\"https:\\\/\\\/contemporaneaeventi.com\\\/wp-content\\\/uploads\\\/2023\\\/05\\\/07-home.jpg\",\"width\":900,\"height\":900,\"caption\":\"Contemporanea Eventi\"},\"image\":{\"@id\":\"https:\\\/\\\/www.contemporaneaeventi.com\\\/es\\\/#\\\/schema\\\/logo\\\/image\\\/\"}}]}<\/script>\n<!-- \/ Yoast SEO plugin. -->","yoast_head_json":{"title":"Qui\u00e9nes Somos: Expertos en Dise\u00f1o de Stands | Contemporanea","description":"Tu idea, nuestro plano. Convertimos conceptos en stands memorables por toda Europa. M\u00e1s de dos d\u00e9cadas creando espacios que conectan y venden. \u00bfEmpezamos?","robots":{"index":"index","follow":"follow","max-snippet":"max-snippet:-1","max-image-preview":"max-image-preview:large","max-video-preview":"max-video-preview:-1"},"canonical":"https:\/\/contemporaneaeventi.com\/es\/quien\/","og_locale":"es_ES","og_type":"article","og_title":"Qui\u00e9nes Somos: Expertos en Dise\u00f1o de Stands | Contemporanea","og_description":"Tu idea, nuestro plano. Convertimos conceptos en stands memorables por toda Europa. M\u00e1s de dos d\u00e9cadas creando espacios que conectan y venden. \u00bfEmpezamos?","og_url":"https:\/\/contemporaneaeventi.com\/es\/quien\/","og_site_name":"Contemporanea Eventi","article_modified_time":"2026-01-08T14:49:36+00:00","og_image":[{"width":512,"height":512,"url":"https:\/\/contemporaneaeventi.com\/wp-content\/uploads\/2023\/08\/cropped-favicon.png","type":"image\/png"}],"twitter_card":"summary_large_image","twitter_misc":{"Tiempo de lectura":"4 minutos"},"schema":{"@context":"https:\/\/schema.org","@graph":[{"@type":"WebPage","@id":"https:\/\/contemporaneaeventi.com\/es\/quien\/","url":"https:\/\/contemporaneaeventi.com\/es\/quien\/","name":"Qui\u00e9nes Somos: Expertos en Dise\u00f1o de Stands | Contemporanea","isPartOf":{"@id":"https:\/\/www.contemporaneaeventi.com\/es\/#website"},"datePublished":"2023-01-19T12:02:46+00:00","dateModified":"2026-01-08T14:49:36+00:00","description":"Tu idea, nuestro plano. Convertimos conceptos en stands memorables por toda Europa. M\u00e1s de dos d\u00e9cadas creando espacios que conectan y venden. \u00bfEmpezamos?","breadcrumb":{"@id":"https:\/\/contemporaneaeventi.com\/es\/quien\/#breadcrumb"},"inLanguage":"es","potentialAction":[{"@type":"ReadAction","target":["https:\/\/contemporaneaeventi.com\/es\/quien\/"]}]},{"@type":"BreadcrumbList","@id":"https:\/\/contemporaneaeventi.com\/es\/quien\/#breadcrumb","itemListElement":[{"@type":"ListItem","position":1,"name":"Portada","item":"https:\/\/contemporaneaeventi.com\/es\/"},{"@type":"ListItem","position":2,"name":"QUIEN?"}]},{"@type":"WebSite","@id":"https:\/\/www.contemporaneaeventi.com\/es\/#website","url":"https:\/\/www.contemporaneaeventi.com\/es\/","name":"Contemporanea Eventi","description":"Contemporanea Eventi - WE \u2764 STANDS","publisher":{"@id":"https:\/\/www.contemporaneaeventi.com\/es\/#organization"},"potentialAction":[{"@type":"SearchAction","target":{"@type":"EntryPoint","urlTemplate":"https:\/\/www.contemporaneaeventi.com\/es\/?s={search_term_string}"},"query-input":{"@type":"PropertyValueSpecification","valueRequired":true,"valueName":"search_term_string"}}],"inLanguage":"es"},{"@type":"Organization","@id":"https:\/\/www.contemporaneaeventi.com\/es\/#organization","name":"Contemporanea Eventi","alternateName":"Contemporanea Eventi","url":"https:\/\/www.contemporaneaeventi.com\/es\/","logo":{"@type":"ImageObject","inLanguage":"es","@id":"https:\/\/www.contemporaneaeventi.com\/es\/#\/schema\/logo\/image\/","url":"https:\/\/contemporaneaeventi.com\/wp-content\/uploads\/2023\/05\/07-home.jpg","contentUrl":"https:\/\/contemporaneaeventi.com\/wp-content\/uploads\/2023\/05\/07-home.jpg","width":900,"height":900,"caption":"Contemporanea Eventi"},"image":{"@id":"https:\/\/www.contemporaneaeventi.com\/es\/#\/schema\/logo\/image\/"}}]}},"_links":{"self":[{"href":"https:\/\/contemporaneaeventi.com\/es\/wp-json\/wp\/v2\/pages\/42714","targetHints":{"allow":["GET"]}}],"collection":[{"href":"https:\/\/contemporaneaeventi.com\/es\/wp-json\/wp\/v2\/pages"}],"about":[{"href":"https:\/\/contemporaneaeventi.com\/es\/wp-json\/wp\/v2\/types\/page"}],"author":[{"embeddable":true,"href":"https:\/\/contemporaneaeventi.com\/es\/wp-json\/wp\/v2\/users\/1"}],"replies":[{"embeddable":true,"href":"https:\/\/contemporaneaeventi.com\/es\/wp-json\/wp\/v2\/comments?post=42714"}],"version-history":[{"count":26,"href":"https:\/\/contemporaneaeventi.com\/es\/wp-json\/wp\/v2\/pages\/42714\/revisions"}],"predecessor-version":[{"id":48895,"href":"https:\/\/contemporaneaeventi.com\/es\/wp-json\/wp\/v2\/pages\/42714\/revisions\/48895"}],"wp:attachment":[{"href":"https:\/\/contemporaneaeventi.com\/es\/wp-json\/wp\/v2\/media?parent=42714"}],"curies":[{"name":"wp","href":"https:\/\/api.w.org\/{rel}","templated":true}]}}