{"id":41558,"date":"2022-11-30T14:09:57","date_gmt":"2022-11-30T14:09:57","guid":{"rendered":"https:\/\/contemporaneaeventi.com\/aviso-legal\/"},"modified":"2024-04-25T12:07:45","modified_gmt":"2024-04-25T12:07:45","slug":"aviso-legal","status":"publish","type":"page","link":"https:\/\/contemporaneaeventi.com\/es\/aviso-legal\/","title":{"rendered":"Aviso legal"},"content":{"rendered":"<p>[vc_row][vc_column][vc_column_text]<\/p>\n<h4>1. INFORMACI\u00d3N CORPORATIVA<\/h4>\n<p>En cumplimiento de la Ley 34\/2002, de 11 de julio, de servicios de la sociedad de la informaci\u00f3n y de comercio electr\u00f3nico, CONTEMPORANEA EVENTI SLU le informa que es titular de los sitios web: www.contemporaneaeventi.com. De acuerdo con la exigencia del art\u00edculo 10 de la mencionada Ley, notifica los siguientes datos: NIF\/CIF: B64290521, Registro Mercantil de BARCELONA. Tomo: 38859, Folio: 135, S 8,, Hoja: B 338456,, y domicilio social: VIA AGUSTA, 125. 08006 BARCELONA, BARCELONA. La direcci\u00f3n de correo electr\u00f3nico de contacto con la empresa es: gabriel@contemporaneaeventi.com.<\/p>\n<h4>2. USUARIO Y R\u00c9GIMEN DE RESPONSABILIDADES<\/h4>\n<p>La navegaci\u00f3n por acceso o uso de la p\u00e1gina web y todos los subdominios y directorios incluidos bajo el mismo dominio, as\u00ed como los servicios o contenidos que a trav\u00e9s de \u00e9l se puedan obtener y todos los portales de dominio propio bajo titularidad de CONTEMPORANEA EVENTI SLU, otorga la Condici\u00f3n de Usuario, por la que se aceptan, al navegar por la p\u00e1gina web de CONTEMPORANEA EVENTI SLU, todas las condiciones de uso que se establecen sin perjudicar la aplicaci\u00f3n de la correspondiente normativa de obligado cumplimiento legal seg\u00fan el caso.<\/p>\n<p>Por eso, si las consideraciones detalladas en este aviso legal no son de su conformidad, rogamos no haga uso del portal, ya que cualquier uso que haga del mismo o de los servicios y contenidos en \u00e9l incluidos implicar\u00e1 la aceptaci\u00f3n de los t\u00e9rminos legales recogidos en este texto.<\/p>\n<p>La p\u00e1gina web de CONTEMPORANEA EVENTI SLU, proporciona gran diversidad de informaci\u00f3n, servicios y datos. El usuario asume su responsabilidad en el uso correcto de los sitios web. Esta responsabilidad se extender\u00e1 a: La veracidad y licitud de las informaciones aportadas por el usuario en los formularios de registro y contacto de CONTEMPORANEA EVENTI SLU, para acceder a determinados contenidos o servicios ofrecidos por la web.<\/p>\n<p>El uso de la informaci\u00f3n, servicios y datos ofrecidos por, CONTEMPORANEA EVENTI SLU no ir\u00e1n contra las disposiciones de estas cl\u00e1usulas, la Ley, la moral, las buenas costumbres o el orden p\u00fablico que puedan suponer lesi\u00f3n de los derechos de terceros o del funcionamiento de los sitios web. A tal efecto, el Usuario se abstendr\u00e1 de utilizar cualquiera de los contenidos con fines il\u00edcitos y prohibidos en este texto, lesivos de los derechos e intereses de terceros, o que de cualquier forma puedan da\u00f1ar, inutilizar, sobrecargar, deteriorar o impedir la normal utilizaci\u00f3n de los contenidos, de otros Usuarios o de cualquier usuario de Internet (hardware y software).<\/p>\n<p>Los usuarios responder\u00e1n de los da\u00f1os y perjuicios de toda naturaleza que la entidad propietaria de la web pueda sufrir, directa o indirectamente, como consecuencia de incumplimiento de cualquiera de las obligaciones derivadas del uso de la Web y de esta pol\u00edtica de privacidad.<\/p>\n<p>En particular, y a t\u00edtulo meramente indicativo y no exhaustivo, el Usuario se compromete a no transmitir, difundir o poner a disposici\u00f3n de terceros informaciones, datos, contenidos, mensajes, gr\u00e1ficos, dibujos, archivos de sonido y\/o imagen, fotograf\u00edas de esta web.<\/p>\n<h2>POL\u00cdTICA DE PRIVACIDAD<\/h2>\n<h4>1. POL\u00cdTICA DE ENLACES Y EXENCIONES DE RESPONSABILIDAD<\/h4>\n<p>CONTEMPORANEA EVENTI SLU no se hace responsable del contenido de las p\u00e1ginas web a las que pueda acceder el usuario a trav\u00e9s de los enlaces establecidos en sus sitios web y declara que en ning\u00fan caso examinar\u00e1 ni ejercitar\u00e1 ning\u00fan tipo de control sobre el contenido de otras p\u00e1ginas de la red.<\/p>\n<p>Asimismo, tampoco garantiza la disponibilidad t\u00e9cnica, exactitud, veracidad, validez o legalidad de p\u00e1ginas ajenas a su propiedad a las que se pueda acceder a trav\u00e9s de los enlaces de esta web.<\/p>\n<p>CONTEMPORANEA EVENTI SLU declara que ha adoptado todas las medidas necesarias para evitar cualquier da\u00f1o que pueda derivarse de la navegaci\u00f3n por su p\u00e1gina web. En consecuencia, CONTEMPORANEA EVENTI SLU no se hace responsable, en ning\u00fan caso, de los eventuales da\u00f1os que pueda sufrir el usuario a causa de la navegaci\u00f3n por Internet.<\/p>\n<p>CONTEMPORANEA EVENTI SLU no se responsabiliza de los da\u00f1os o perjuicios de cualquier tipo producidos en el Usuario que traigan causa de fallos o desconexiones en las redes de telecomunicaciones que produzcan la suspensi\u00f3n, cancelaci\u00f3n, instalaci\u00f3n o interrupci\u00f3n del servicio de la web durante la prestaci\u00f3n del mismo o con car\u00e1cter previo.<\/p>\n<p>El acceso a la web www.contemporaneaeventi.com no implica la obligaci\u00f3n por parte de la entidad de controlar la ausencia de virus o cualquier otro elemento inform\u00e1tico da\u00f1ino. Corresponde al Usuario, en todo caso, la disponibilidad de herramientas adecuadas para la detecci\u00f3n y desinfecci\u00f3n y protecci\u00f3n de programas inform\u00e1ticos da\u00f1inos.<\/p>\n<p>CONTEMPORANEA EVENTI SLU no se responsabiliza de los da\u00f1os producidos en los equipos inform\u00e1ticos, documentos y\/o ficheros de los Usuarios o de terceros durante la prestaci\u00f3n del servicio en este Portal web.<\/p>\n<h4>2. PUBLICIDAD<\/h4>\n<p>La web: www.contemporaneaeventi.com podr\u00e1 alojar contenidos publicitarios o patrocinados. Los anunciantes o patrocinadores son los \u00fanicos responsables de asegurarse que el material remitido para su inclusi\u00f3n en la web cumple con las leyes que en cada caso puedan ser de aplicaci\u00f3n.<\/p>\n<p>CONTEMPORANEA EVENTI SLU no ser\u00e1 responsable de cualquier error, inexactitud o irregularidad que puedan contener los contenidos publicitarios o de los patrocinadores en esta web.<\/p>\n<h4>3. MODIFICACIONES<\/h4>\n<p>CONTEMPORANEA EVENTI SLU se reserva el derecho a realizar las modificaciones que considere oportunas, sin previo aviso, en el contenido de su sitio web, tanto en cuanto a los contenidos como por sus condiciones de uso o por las condiciones generales de contrataci\u00f3n. Dichas modificaciones podr\u00e1n realizarse, a trav\u00e9s de sus sitios web, de cualquier forma admisible en derecho y ser\u00e1n de obligado cumplimiento durante el tiempo que est\u00e9n publicadas en la web y hasta que no sean modificadas por otras posteriores.<\/p>\n<h4>4. PROPIEDAD INTELECTUAL<\/h4>\n<p>Los derechos de propiedad intelectual e industrial derivados de todos los textos, im\u00e1genes, as\u00ed como de los medios y formas de presentaci\u00f3n y montaje de sus p\u00e1ginas pertenecen, por s\u00ed mismos o como cesionaria, a CONTEMPORANEA EVENTI SLU. Ser\u00e1n, por tanto, obras protegidas con propiedad intelectual por el ordenamiento jur\u00eddico espa\u00f1ol y se les podr\u00e1 aplicar tanto la normativa espa\u00f1ola y comunitaria en este campo, como los tratados internacionales relativos a la materia y suscritos por Espa\u00f1a, Real Decreto Legislativo 1\/1996 y posteriores modificaciones.<\/p>\n<p>Directiva-UE-2019\/790 del Parlamento Europeo y del Consejo de 17 de abril de 2019 sobre los derechos de autor y derechos afines en el mercado \u00fanico digital.<\/p>\n<p>Todos los derechos reservados. En cumplimiento de la Ley de la Propiedad Intelectual se proh\u00edbe expresamente la reproducci\u00f3n, distribuci\u00f3n, comunicaci\u00f3n p\u00fablica y utilizaci\u00f3n de la totalidad o parte de los contenidos de sus p\u00e1ginas web sin el consentimiento expl\u00edcito de CONTEMPORANEA EVENTI SLU.<\/p>\n<p>As\u00ed mismo, CONTEMPORANEA EVENTI SLU se reserva la facultad de presentar las acciones civiles o penales que considere oportunas por la utilizaci\u00f3n indebida de sus p\u00e1ginas web y contenidos o por el incumplimiento de estas condiciones.<\/p>\n<h4>5. CERTIFICADOS DE LSSI-CE Y PROTECCI\u00d3N DE DATOS<\/h4>\n<p>Para la adecuaci\u00f3n de la p\u00e1gina web www.contemporaneaeventi.com, CONTEMPORANEA EVENTI SLU ha sido asesorada en las normativas de protecci\u00f3n de datos y LSSI-CE por GRUP QUALIA, hecho por el cual se le otorga un certificado en formato de imagen digital para que pueda exponerlo en esta p\u00e1gina web.<\/p>\n<h4>6. ACCIONES LEGALES, LEGISLACI\u00d3N APLICABLE Y JURISDICCI\u00d3N<\/h4>\n<p>La relaci\u00f3n entre el usuario y CONTEMPORANEA EVENTI SLU se regir\u00e1 por la normativa espa\u00f1ola vigente y ser\u00e1n competentes para decidir sobre cualquier controversia que pueda surgir entre el usuario y CONTEMPORANEA EVENTI SLU, los juzgados o tribunales del Partido Judicial de la localidad de BARCELONA.<\/p>\n<h4>7. RESERVA DE COOKIES<\/h4>\n<p>CONTEMPORANEA EVENTI SLU se reserva el derecho de utilizar cookies en la navegaci\u00f3n del usuario por sus sitios web para facilitar la personalizaci\u00f3n y comodidad de la navegaci\u00f3n. Siguiendo la pol\u00edtica de protecci\u00f3n de datos de la entidad, CONTEMPORANEA EVENTI SLU informa que las cookies se asocian al usuario an\u00f3nimo y a su ordenador y no proporcionan por s\u00ed mismas los datos personales del usuario.<\/p>\n<p>En este sentido, de acuerdo con la sentencia de la Gran Sala de Justicia de la Uni\u00f3n Europea, de 1 de octubre de 2019, y por la Gu\u00eda de la AEPD de julio de 2020, nuestra &#8216;pol\u00edtica de cookies&#8217; informa al usuario del tiempo que estas cookies permanecer\u00e1n activas en el terminal del usuario y de la posibilidad de que terceros tengan acceso a la informaci\u00f3n que \u00e9stas almacenan. Esta sentencia modifica el art\u00edculo 5, apartado 3, de la Directiva 2002\/58 por la Directiva 2009\/136.<\/p>\n<p>A ra\u00edz de esta sentencia y del contenido de la Gu\u00eda de la AEPD de julio de 2020, el usuario tiene la posibilidad de aceptar o rechazar expl\u00edcitamente el uso de las cookies y recibir m\u00e1s informaci\u00f3n de las mismas. Adicionalmente, el Usuario tiene la posibilidad de configurar su navegador de manera que sea informado de la recepci\u00f3n de cookies, con la posibilidad, si as\u00ed lo desea, de impedir que se instalen en su disco duro. En este sentido, para acceder a los sitios web de CONTEMPORANEA EVENTI SLU, no es preceptiva la instalaci\u00f3n de cookies.<\/p>\n<p>El usuario se compromete a abstenerse de reproducir, copiar, distribuir, poner a disposici\u00f3n de terceros o de comunicar p\u00fablicamente informaci\u00f3n o transformar y modificar los contenidos, a menos que se cuente con la autorizaci\u00f3n del titular de los correspondientes derechos.<\/p>\n<h4>8. PROTECCI\u00d3N DE DATOS PERSONALES<\/h4>\n<p>De conformidad con lo establecido por Reglamento General-UE-2016\/679 del Parlamento y Consejo de Europa de Protecci\u00f3n de Datos de Car\u00e1cter Personal, aprobado el 27 de abril de 2016, la LOPD 3\/2018, de Garant\u00eda de los Derechos Digitales, la Ley 34\/2002, de Servicios de la Sociedad de la Informaci\u00f3n y el Comercio Electr\u00f3nico, y la Ley 9\/2014, General de Telecomunicaciones, CONTEMPORANEA EVENTI SLU informa a los usuarios de sus websites de que estamos obligados a guardar secreto profesional sobre los datos personales recabados por la entidad mediante los formularios de registro o contacto en sus p\u00e1ginas. Esta obligaci\u00f3n continuar\u00e1 incluso despu\u00e9s de haber finalizado nuestra relaci\u00f3n comercial o contractual, y en ning\u00fan caso podremos hacer p\u00fablicos los datos personales de los visitantes y clientes a la web sin su consentimiento. Los menores de 16 a\u00f1os no pueden prestar su consentimiento para que un comercio electr\u00f3nico recoja y trate sus datos personales; solo sus representantes legales (padres o tutores) son quienes pueden hacerlo en su nombre. Aquellos comercios que necesiten tratar datos de menores de 16 a\u00f1os, deben disponer de los medios para obtener el consentimiento de sus padres o tutores, por ejemplo, mediante un mensaje de correo electr\u00f3nico dirigido a alguno de ellos que contenga un enlace a un formulario electr\u00f3nico. No se puede pedir a los menores de 14 a\u00f1os datos sobre el \u00e1mbito familiar, siendo la \u00fanica excepci\u00f3n los datos de identificaci\u00f3n y contacto de los padres o tutores.<\/p>\n<p>Estos datos, ser\u00e1n introducidos en un fichero automatizado bajo la responsabilidad del administrador de la web de CONTEMPORANEA EVENTI SLU con la finalidad de poder facilitar, agilizar y cumplir los compromisos establecidos entre ambas partes. Asimismo, CONTEMPORANEA EVENTI SLU informa de la posibilidad de ejercer los derechos de acceso, que permite al usuario web, conocer que datos personales tiene el administrador de esta p\u00e1gina y en tal caso contestara en un plazo de 30 d\u00edas, siempre que conserven los datos personales, rectificaci\u00f3n, que permite corregir errores en los datos personales, modificar los que sean inexactos o incompletos y garantizar la certeza de la informaci\u00f3n, oposici\u00f3n que podr\u00e1 solicitar y conseguir que no lleve a cabo el tratamiento de datos, supresi\u00f3n que permite que se supriman los datos inadecuados o excesivos, limitaci\u00f3n, por el que puede solicitar que se limite el tratamiento de sus datos cuando haya ejercido su derecho a la rectificaci\u00f3n de sus datos personales, y portabilidad, para que el usuario pueda obtener una copia de los datos personales que haya facilitado en la web a fin de poder transmitirlos a otros servicios, estos derechos se podr\u00e1n ejercer por cualquier medio que deje constancia de su env\u00edo y de su recepci\u00f3n a la direcci\u00f3n del administrador de esta web o al Correo electr\u00f3nico: gabriel@contemporaneaeventi.com, aportando fotocopia del DNI o documentaci\u00f3n alternativa que acredite su identidad.<\/p>\n<p>Mientras no nos comunique lo contrario, entenderemos que sus datos no han sido modificados, que usted se compromete a notificarnos cualquier variaci\u00f3n y que tenemos el consentimiento para utilizarlos para la relaci\u00f3n entre las partes.<\/p>\n<p>El env\u00edo de sus datos mediante el\/los formularios de nuestra web estar\u00e1 supeditado obligatoriamente a que haya le\u00eddo\/aceptado la Pol\u00edtica de Privacidad, mediante un check box obligatorio al pie del formulario de registro o contacto.<\/p>\n<p>De acuerdo con lo establecido en la Ley 34\/2002, de Servicios de la Sociedad de la Informaci\u00f3n y el Comercio Electr\u00f3nico en su art\u00edculo 21, solicitamos su consentimiento para poder realizar comunicaciones publicitarias o informaci\u00f3n de nuestra entidad que consideremos puedan ser de su inter\u00e9s, por correo electr\u00f3nico o por cualquier otro medio de comunicaci\u00f3n electr\u00f3nica equivalente. Este consentimiento lo otorgar\u00e1, o no, mediante la aceptaci\u00f3n de la Pol\u00edtica de Privacidad en el citado check box al pie del formulario de registro y\/o contacto.[\/vc_column_text][\/vc_column][\/vc_row]<\/p>\n","protected":false},"excerpt":{"rendered":"<p>[vc_row][vc_column][vc_column_text] 1. INFORMACI\u00d3N CORPORATIVA En cumplimiento de la Ley 34\/2002, de 11 de julio, de servicios de la sociedad de la informaci\u00f3n y de comercio electr\u00f3nico, CONTEMPORANEA EVENTI SLU le informa que es titular de los sitios web: www.contemporaneaeventi.com. De [&hellip;]<\/p>\n","protected":false},"author":0,"featured_media":0,"parent":0,"menu_order":0,"comment_status":"closed","ping_status":"closed","template":"","meta":{"inline_featured_image":false,"footnotes":""},"class_list":["post-41558","page","type-page","status-publish","hentry"],"yoast_head":"<!-- This site is optimized with the Yoast SEO plugin v27.4 - https:\/\/yoast.com\/product\/yoast-seo-wordpress\/ -->\n<title>Aviso legal - Contemporanea Eventi<\/title>\n<meta name=\"robots\" content=\"noindex, nofollow\" \/>\n<meta property=\"og:locale\" content=\"es_ES\" \/>\n<meta property=\"og:type\" content=\"article\" \/>\n<meta property=\"og:title\" content=\"Aviso legal - Contemporanea Eventi\" \/>\n<meta property=\"og:description\" content=\"[vc_row][vc_column][vc_column_text] 1. INFORMACI\u00d3N CORPORATIVA En cumplimiento de la Ley 34\/2002, de 11 de julio, de servicios de la sociedad de la informaci\u00f3n y de comercio electr\u00f3nico, CONTEMPORANEA EVENTI SLU le informa que es titular de los sitios web: www.contemporaneaeventi.com. De [&hellip;]\" \/>\n<meta property=\"og:url\" content=\"https:\/\/contemporaneaeventi.com\/es\/aviso-legal\/\" \/>\n<meta property=\"og:site_name\" content=\"Contemporanea Eventi\" \/>\n<meta property=\"article:modified_time\" content=\"2024-04-25T12:07:45+00:00\" \/>\n<meta property=\"og:image\" content=\"https:\/\/contemporaneaeventi.com\/wp-content\/uploads\/2023\/08\/cropped-favicon.png\" \/>\n\t<meta property=\"og:image:width\" content=\"512\" \/>\n\t<meta property=\"og:image:height\" content=\"512\" \/>\n\t<meta property=\"og:image:type\" content=\"image\/png\" \/>\n<meta name=\"twitter:card\" content=\"summary_large_image\" \/>\n<meta name=\"twitter:label1\" content=\"Tiempo de lectura\" \/>\n\t<meta name=\"twitter:data1\" content=\"10 minutos\" \/>\n<script type=\"application\/ld+json\" class=\"yoast-schema-graph\">{\"@context\":\"https:\\\/\\\/schema.org\",\"@graph\":[{\"@type\":\"WebPage\",\"@id\":\"https:\\\/\\\/contemporaneaeventi.com\\\/es\\\/aviso-legal\\\/\",\"url\":\"https:\\\/\\\/contemporaneaeventi.com\\\/es\\\/aviso-legal\\\/\",\"name\":\"Aviso legal - Contemporanea Eventi\",\"isPartOf\":{\"@id\":\"https:\\\/\\\/www.contemporaneaeventi.com\\\/es\\\/#website\"},\"datePublished\":\"2022-11-30T14:09:57+00:00\",\"dateModified\":\"2024-04-25T12:07:45+00:00\",\"breadcrumb\":{\"@id\":\"https:\\\/\\\/contemporaneaeventi.com\\\/es\\\/aviso-legal\\\/#breadcrumb\"},\"inLanguage\":\"es\",\"potentialAction\":[{\"@type\":\"ReadAction\",\"target\":[\"https:\\\/\\\/contemporaneaeventi.com\\\/es\\\/aviso-legal\\\/\"]}]},{\"@type\":\"BreadcrumbList\",\"@id\":\"https:\\\/\\\/contemporaneaeventi.com\\\/es\\\/aviso-legal\\\/#breadcrumb\",\"itemListElement\":[{\"@type\":\"ListItem\",\"position\":1,\"name\":\"Portada\",\"item\":\"https:\\\/\\\/contemporaneaeventi.com\\\/es\\\/\"},{\"@type\":\"ListItem\",\"position\":2,\"name\":\"Aviso legal\"}]},{\"@type\":\"WebSite\",\"@id\":\"https:\\\/\\\/www.contemporaneaeventi.com\\\/es\\\/#website\",\"url\":\"https:\\\/\\\/www.contemporaneaeventi.com\\\/es\\\/\",\"name\":\"Contemporanea Eventi\",\"description\":\"Contemporanea Eventi - WE \u2764 STANDS\",\"publisher\":{\"@id\":\"https:\\\/\\\/www.contemporaneaeventi.com\\\/es\\\/#organization\"},\"potentialAction\":[{\"@type\":\"SearchAction\",\"target\":{\"@type\":\"EntryPoint\",\"urlTemplate\":\"https:\\\/\\\/www.contemporaneaeventi.com\\\/es\\\/?s={search_term_string}\"},\"query-input\":{\"@type\":\"PropertyValueSpecification\",\"valueRequired\":true,\"valueName\":\"search_term_string\"}}],\"inLanguage\":\"es\"},{\"@type\":\"Organization\",\"@id\":\"https:\\\/\\\/www.contemporaneaeventi.com\\\/es\\\/#organization\",\"name\":\"Contemporanea Eventi\",\"alternateName\":\"Contemporanea Eventi\",\"url\":\"https:\\\/\\\/www.contemporaneaeventi.com\\\/es\\\/\",\"logo\":{\"@type\":\"ImageObject\",\"inLanguage\":\"es\",\"@id\":\"https:\\\/\\\/www.contemporaneaeventi.com\\\/es\\\/#\\\/schema\\\/logo\\\/image\\\/\",\"url\":\"https:\\\/\\\/contemporaneaeventi.com\\\/wp-content\\\/uploads\\\/2023\\\/05\\\/07-home.jpg\",\"contentUrl\":\"https:\\\/\\\/contemporaneaeventi.com\\\/wp-content\\\/uploads\\\/2023\\\/05\\\/07-home.jpg\",\"width\":900,\"height\":900,\"caption\":\"Contemporanea Eventi\"},\"image\":{\"@id\":\"https:\\\/\\\/www.contemporaneaeventi.com\\\/es\\\/#\\\/schema\\\/logo\\\/image\\\/\"}}]}<\/script>\n<!-- \/ Yoast SEO plugin. -->","yoast_head_json":{"title":"Aviso legal - Contemporanea Eventi","robots":{"index":"noindex","follow":"nofollow"},"og_locale":"es_ES","og_type":"article","og_title":"Aviso legal - Contemporanea Eventi","og_description":"[vc_row][vc_column][vc_column_text] 1. INFORMACI\u00d3N CORPORATIVA En cumplimiento de la Ley 34\/2002, de 11 de julio, de servicios de la sociedad de la informaci\u00f3n y de comercio electr\u00f3nico, CONTEMPORANEA EVENTI SLU le informa que es titular de los sitios web: www.contemporaneaeventi.com. De [&hellip;]","og_url":"https:\/\/contemporaneaeventi.com\/es\/aviso-legal\/","og_site_name":"Contemporanea Eventi","article_modified_time":"2024-04-25T12:07:45+00:00","og_image":[{"width":512,"height":512,"url":"https:\/\/contemporaneaeventi.com\/wp-content\/uploads\/2023\/08\/cropped-favicon.png","type":"image\/png"}],"twitter_card":"summary_large_image","twitter_misc":{"Tiempo de lectura":"10 minutos"},"schema":{"@context":"https:\/\/schema.org","@graph":[{"@type":"WebPage","@id":"https:\/\/contemporaneaeventi.com\/es\/aviso-legal\/","url":"https:\/\/contemporaneaeventi.com\/es\/aviso-legal\/","name":"Aviso legal - Contemporanea Eventi","isPartOf":{"@id":"https:\/\/www.contemporaneaeventi.com\/es\/#website"},"datePublished":"2022-11-30T14:09:57+00:00","dateModified":"2024-04-25T12:07:45+00:00","breadcrumb":{"@id":"https:\/\/contemporaneaeventi.com\/es\/aviso-legal\/#breadcrumb"},"inLanguage":"es","potentialAction":[{"@type":"ReadAction","target":["https:\/\/contemporaneaeventi.com\/es\/aviso-legal\/"]}]},{"@type":"BreadcrumbList","@id":"https:\/\/contemporaneaeventi.com\/es\/aviso-legal\/#breadcrumb","itemListElement":[{"@type":"ListItem","position":1,"name":"Portada","item":"https:\/\/contemporaneaeventi.com\/es\/"},{"@type":"ListItem","position":2,"name":"Aviso legal"}]},{"@type":"WebSite","@id":"https:\/\/www.contemporaneaeventi.com\/es\/#website","url":"https:\/\/www.contemporaneaeventi.com\/es\/","name":"Contemporanea Eventi","description":"Contemporanea Eventi - WE \u2764 STANDS","publisher":{"@id":"https:\/\/www.contemporaneaeventi.com\/es\/#organization"},"potentialAction":[{"@type":"SearchAction","target":{"@type":"EntryPoint","urlTemplate":"https:\/\/www.contemporaneaeventi.com\/es\/?s={search_term_string}"},"query-input":{"@type":"PropertyValueSpecification","valueRequired":true,"valueName":"search_term_string"}}],"inLanguage":"es"},{"@type":"Organization","@id":"https:\/\/www.contemporaneaeventi.com\/es\/#organization","name":"Contemporanea Eventi","alternateName":"Contemporanea Eventi","url":"https:\/\/www.contemporaneaeventi.com\/es\/","logo":{"@type":"ImageObject","inLanguage":"es","@id":"https:\/\/www.contemporaneaeventi.com\/es\/#\/schema\/logo\/image\/","url":"https:\/\/contemporaneaeventi.com\/wp-content\/uploads\/2023\/05\/07-home.jpg","contentUrl":"https:\/\/contemporaneaeventi.com\/wp-content\/uploads\/2023\/05\/07-home.jpg","width":900,"height":900,"caption":"Contemporanea Eventi"},"image":{"@id":"https:\/\/www.contemporaneaeventi.com\/es\/#\/schema\/logo\/image\/"}}]}},"_links":{"self":[{"href":"https:\/\/contemporaneaeventi.com\/es\/wp-json\/wp\/v2\/pages\/41558","targetHints":{"allow":["GET"]}}],"collection":[{"href":"https:\/\/contemporaneaeventi.com\/es\/wp-json\/wp\/v2\/pages"}],"about":[{"href":"https:\/\/contemporaneaeventi.com\/es\/wp-json\/wp\/v2\/types\/page"}],"replies":[{"embeddable":true,"href":"https:\/\/contemporaneaeventi.com\/es\/wp-json\/wp\/v2\/comments?post=41558"}],"version-history":[{"count":2,"href":"https:\/\/contemporaneaeventi.com\/es\/wp-json\/wp\/v2\/pages\/41558\/revisions"}],"predecessor-version":[{"id":46240,"href":"https:\/\/contemporaneaeventi.com\/es\/wp-json\/wp\/v2\/pages\/41558\/revisions\/46240"}],"wp:attachment":[{"href":"https:\/\/contemporaneaeventi.com\/es\/wp-json\/wp\/v2\/media?parent=41558"}],"curies":[{"name":"wp","href":"https:\/\/api.w.org\/{rel}","templated":true}]}}