{"id":41506,"date":"2022-10-24T09:38:18","date_gmt":"2022-10-24T08:38:18","guid":{"rendered":"https:\/\/contemporaneaeventi.com\/stands\/stands-para-ferias\/"},"modified":"2025-04-29T09:51:52","modified_gmt":"2025-04-29T08:51:52","slug":"diseno-interiores","status":"publish","type":"page","link":"https:\/\/contemporaneaeventi.com\/es\/retail\/diseno-interiores\/","title":{"rendered":"Dise\u00f1o de interiores"},"content":{"rendered":"<p>[vc_row][vc_column][vc_gallery interval=\u00bb5&#8243; images=\u00bb43433,43435,43437&#8243; img_size=\u00bbfull\u00bb onclick=\u00bb\u00bb][vc_empty_space][vc_column_text]<\/p>\n<h1>INTERIORISMO EN BARCELONA<\/h1>\n<p>La ciudad de Barcelona tiene una personalidad propia gracias a su gente y su impresionante arquitectura, calles anchas e impresionantes monumentos. Debido a su posici\u00f3n estrat\u00e9gica en el Mediterr\u00e1neo y con uno de los puertos m\u00e1s importantes de Europa, Barcelona siempre ha sido influenciada por otras culturas. Barcelona es un crisol de diferentes culturas y \u00e9pocas que crean un ecosistema \u00fanico donde podemos encontrar desde la arquitectura g\u00f3tica hasta los edificios e instalaciones m\u00e1s modernos. La cuidadosa atenci\u00f3n prestada al dise\u00f1o en esta ciudad se entiende claramente y se refleja en la forma en que se crean los espacios y las infraestructuras.[\/vc_column_text][vc_empty_space][vc_column_text]<\/p>\n<h2>DISE\u00d1O DE INTERIORES EN BARCELONA: UN DESARROLLO EXPONENCIAL<\/h2>\n<p>Podemos decir que el dise\u00f1o de interiores en Barcelona surge de la influencia del Art Nouveau, siendo Antoni Gaud\u00ed el principal representante del movimiento. Su trabajo fue un punto de inflexi\u00f3n en la personalidad de la ciudad: cre\u00f3 un estilo personal y \u00fanico conocido como Modernismo catal\u00e1n que puedes encontrar en cualquier lugar de Barcelona.<\/p>\n<p>Gaud\u00ed fue un notable arquitecto que cre\u00f3 un inmenso patrimonio cultural, pero tambi\u00e9n cre\u00f3 nuevas formas de entender la arquitectura y el dise\u00f1o de interiores. Influencias g\u00f3ticas, orientales y naturales se mezclaron en sus creaciones. Gaud\u00ed cubri\u00f3 todos los campos del dise\u00f1o y la arquitectura en los diferentes edificios y casas que dise\u00f1\u00f3, desde la Bas\u00edlica de la Sagrada Familia, la Casa Batll\u00f3 o el Parque G\u00fcell hasta La Pedrera, la Col\u00f2nia G\u00fcell y la Casa Vicens.<\/p>\n<p>Consider\u00f3 todo el edificio como parte de su creaci\u00f3n, desde las estructuras y la decoraci\u00f3n de sus fachadas hasta el dise\u00f1o del interior de las casas, escaleras, ascensores o puertas. El enfoque del edificio fue hol\u00edstico, una obra de arte completa donde diferentes t\u00e9cnicas como cer\u00e1mica, cristaler\u00eda, forja de hierro y carpinter\u00eda se integraron con la ingenier\u00eda y la arquitectura en una combinaci\u00f3n perfecta. Combin\u00f3 tradici\u00f3n e innovaci\u00f3n en un equilibrio perfecto, y no hay duda de fue el antepasado del dise\u00f1o de interiores catal\u00e1n.<\/p>\n<p>A partir de ah\u00ed, el interiorismo en Barcelona ha experimentado un desarrollo exponencial.[\/vc_column_text][vc_empty_space][vc_column_text]<\/p>\n<h2>DISE\u00d1O DE INTERIORES DE VANGUARDIA<\/h2>\n<p>El elemento m\u00e1s importante del dise\u00f1o de interiores es la idea del dise\u00f1o y el espacio como una entidad \u00fanica que fluye simult\u00e1neamente en armon\u00eda para resaltar todo lo que contiene.<\/p>\n<p>Solo tienes que dar un paseo por la ciudad para ver la importancia del dise\u00f1o de interiores en Barcelona. Con solo mirar los escaparates, puede ver hasta qu\u00e9 punto el escaparate (con su variante visual de comercializaci\u00f3n) se ha vuelto relevante para el dise\u00f1o de interiores.<\/p>\n<p>Contemporanea\u00a0hace que un escaparate muestre las cualidades de un producto y aumente el deseo de comprar en la mente de sus clientes. Su dise\u00f1o es una creaci\u00f3n muy cuidadosa que tiene que mostrar el producto de cierta manera para llamar la atenci\u00f3n de los clientes potenciales que luego se sienten atra\u00eddos por ingresar a la tienda y que una vez que est\u00e1n dentro encuentran una atm\u00f3sfera que los hace querer quedarse, comprar y vuelve.<\/p>\n<p>El espacio est\u00e1 modelado con colores, vol\u00famenes, materiales, telas, niveles \u2026 Todo est\u00e1 trabajado y mezclado para crear un equilibrio de sensaciones que resaltan el producto y ofrecen la mejor experiencia de compra. Los locales antiguos se convierten en las tiendas m\u00e1s modernas en una combinaci\u00f3n perfecta de lo antiguo y lo nuevo, donde la exuberancia modernista coexiste con el minimalismo.<\/p>\n<p>[\/vc_column_text][vc_empty_space][vc_column_text]<\/p>\n<h2>EXPERIMENTANDO EL DISE\u00d1O COMO NUNCA ANTES<\/h2>\n<p>El dise\u00f1o de interiores en Barcelona irradia en sus calles y barrios del Barrio G\u00f3tico con sus tiendas y boutiques, as\u00ed como del Puerto Ol\u00edmpico, con sus torres, restaurantes y \u00e1reas de ocio, caminando por el distrito tecnol\u00f3gico 22 @ y contemplando la peculiar forma de Torre. Gl\u00f2ries, anteriormente conocida como Torre Agbar.<\/p>\n<p>Un escaparate de la evoluci\u00f3n de un estilo personal y original en una ciudad \u00fanica y diferente donde cualquier actividad deja de ser una actividad para convertirse en una experiencia vital.<br \/>\nBarcelona es igual a dise\u00f1o de interiores. Pide tu presupuesto en Contemporanea\u00a0Eventi sin compromiso.<\/p>\n<p>&nbsp;<\/p>\n<p>[\/vc_column_text][vc_empty_space][\/vc_column][\/vc_row][vc_row][vc_column]<div class=\"edgtf-elements-holder   edgtf-one-column  edgtf-responsive-mode-768 \" ><div class=\"edgtf-eh-item     \"  data-item-class=\"edgtf-eh-custom-3685\">\n\t<div class=\"edgtf-eh-item-inner\">\n\t\t<div class=\"edgtf-eh-item-content edgtf-eh-custom-3685\" >\n\t\t\t[vc_column_text]<\/p>\n<h4>RELLENAR EL FORMULARIO<\/h4>\n<h5>para recibir m\u00e1s informaci\u00f3n<\/h5>\n<p>[\/vc_column_text][vc_empty_space][vc_raw_html]JTVCd3Bmb3JtcyUyMGlkJTNEJTIyNDcyMDElMjIlMjB0aXRsZSUzRCUyMmZhbHNlJTIyJTVE[\/vc_raw_html]\t\t<\/div>\n\t<\/div>\n<\/div><\/div>[\/vc_column][\/vc_row]<\/p>\n","protected":false},"excerpt":{"rendered":"<p>[vc_row][vc_column][vc_gallery interval=\u00bb5&#8243; images=\u00bb43433,43435,43437&#8243; img_size=\u00bbfull\u00bb onclick=\u00bb\u00bb][vc_empty_space][vc_column_text] INTERIORISMO EN BARCELONA La ciudad de Barcelona tiene una personalidad propia gracias a su gente y su impresionante arquitectura, calles anchas e impresionantes monumentos. Debido a su posici\u00f3n estrat\u00e9gica en el Mediterr\u00e1neo y con uno [&hellip;]<\/p>\n","protected":false},"author":1,"featured_media":0,"parent":43852,"menu_order":0,"comment_status":"closed","ping_status":"closed","template":"","meta":{"inline_featured_image":false,"footnotes":""},"class_list":["post-41506","page","type-page","status-publish","hentry"],"yoast_head":"<!-- This site is optimized with the Yoast SEO plugin v27.4 - https:\/\/yoast.com\/product\/yoast-seo-wordpress\/ -->\n<title>Dise\u00f1o de interiores - Interiorismo en Barcelona - Contemporanea Eventi<\/title>\n<meta name=\"description\" content=\"Dise\u00f1amos y personalizamos cualquier espacio para que respire belleza, estilo y transmita la esencia de su due\u00f1o\" \/>\n<meta name=\"robots\" content=\"index, follow, max-snippet:-1, max-image-preview:large, max-video-preview:-1\" \/>\n<link rel=\"canonical\" href=\"https:\/\/contemporaneaeventi.com\/es\/stands\/diseno-interiores\/\" \/>\n<meta property=\"og:locale\" content=\"es_ES\" \/>\n<meta property=\"og:type\" content=\"article\" \/>\n<meta property=\"og:title\" content=\"Dise\u00f1o de interiores - Interiorismo en Barcelona - Contemporanea Eventi\" \/>\n<meta property=\"og:description\" content=\"Dise\u00f1amos y personalizamos cualquier espacio para que respire belleza, estilo y transmita la esencia de su due\u00f1o\" \/>\n<meta property=\"og:url\" content=\"https:\/\/contemporaneaeventi.com\/es\/stands\/diseno-interiores\/\" \/>\n<meta property=\"og:site_name\" content=\"Contemporanea Eventi\" \/>\n<meta property=\"article:modified_time\" content=\"2025-04-29T08:51:52+00:00\" \/>\n<meta property=\"og:image\" content=\"https:\/\/contemporaneaeventi.com\/wp-content\/uploads\/2023\/08\/cropped-favicon.png\" \/>\n\t<meta property=\"og:image:width\" content=\"512\" \/>\n\t<meta property=\"og:image:height\" content=\"512\" \/>\n\t<meta property=\"og:image:type\" content=\"image\/png\" \/>\n<meta name=\"twitter:card\" content=\"summary_large_image\" \/>\n<meta name=\"twitter:label1\" content=\"Tiempo de lectura\" \/>\n\t<meta name=\"twitter:data1\" content=\"4 minutos\" \/>\n<script type=\"application\/ld+json\" class=\"yoast-schema-graph\">{\"@context\":\"https:\\\/\\\/schema.org\",\"@graph\":[{\"@type\":\"WebPage\",\"@id\":\"https:\\\/\\\/contemporaneaeventi.com\\\/es\\\/retail\\\/diseno-interiores\\\/\",\"url\":\"https:\\\/\\\/contemporaneaeventi.com\\\/es\\\/stands\\\/diseno-interiores\\\/\",\"name\":\"Dise\u00f1o de interiores - Interiorismo en Barcelona - Contemporanea Eventi\",\"isPartOf\":{\"@id\":\"https:\\\/\\\/www.contemporaneaeventi.com\\\/es\\\/#website\"},\"datePublished\":\"2022-10-24T08:38:18+00:00\",\"dateModified\":\"2025-04-29T08:51:52+00:00\",\"description\":\"Dise\u00f1amos y personalizamos cualquier espacio para que respire belleza, estilo y transmita la esencia de su due\u00f1o\",\"breadcrumb\":{\"@id\":\"https:\\\/\\\/contemporaneaeventi.com\\\/es\\\/stands\\\/diseno-interiores\\\/#breadcrumb\"},\"inLanguage\":\"es\",\"potentialAction\":[{\"@type\":\"ReadAction\",\"target\":[\"https:\\\/\\\/contemporaneaeventi.com\\\/es\\\/stands\\\/diseno-interiores\\\/\"]}]},{\"@type\":\"BreadcrumbList\",\"@id\":\"https:\\\/\\\/contemporaneaeventi.com\\\/es\\\/stands\\\/diseno-interiores\\\/#breadcrumb\",\"itemListElement\":[{\"@type\":\"ListItem\",\"position\":1,\"name\":\"Portada\",\"item\":\"https:\\\/\\\/contemporaneaeventi.com\\\/es\\\/\"},{\"@type\":\"ListItem\",\"position\":2,\"name\":\"QUE?\",\"item\":\"https:\\\/\\\/contemporaneaeventi.com\\\/es\\\/stands\\\/\"},{\"@type\":\"ListItem\",\"position\":3,\"name\":\"Dise\u00f1o de interiores\"}]},{\"@type\":\"WebSite\",\"@id\":\"https:\\\/\\\/www.contemporaneaeventi.com\\\/es\\\/#website\",\"url\":\"https:\\\/\\\/www.contemporaneaeventi.com\\\/es\\\/\",\"name\":\"Contemporanea Eventi\",\"description\":\"Contemporanea Eventi - WE \u2764 STANDS\",\"publisher\":{\"@id\":\"https:\\\/\\\/www.contemporaneaeventi.com\\\/es\\\/#organization\"},\"potentialAction\":[{\"@type\":\"SearchAction\",\"target\":{\"@type\":\"EntryPoint\",\"urlTemplate\":\"https:\\\/\\\/www.contemporaneaeventi.com\\\/es\\\/?s={search_term_string}\"},\"query-input\":{\"@type\":\"PropertyValueSpecification\",\"valueRequired\":true,\"valueName\":\"search_term_string\"}}],\"inLanguage\":\"es\"},{\"@type\":\"Organization\",\"@id\":\"https:\\\/\\\/www.contemporaneaeventi.com\\\/es\\\/#organization\",\"name\":\"Contemporanea Eventi\",\"alternateName\":\"Contemporanea Eventi\",\"url\":\"https:\\\/\\\/www.contemporaneaeventi.com\\\/es\\\/\",\"logo\":{\"@type\":\"ImageObject\",\"inLanguage\":\"es\",\"@id\":\"https:\\\/\\\/www.contemporaneaeventi.com\\\/es\\\/#\\\/schema\\\/logo\\\/image\\\/\",\"url\":\"https:\\\/\\\/contemporaneaeventi.com\\\/wp-content\\\/uploads\\\/2023\\\/05\\\/07-home.jpg\",\"contentUrl\":\"https:\\\/\\\/contemporaneaeventi.com\\\/wp-content\\\/uploads\\\/2023\\\/05\\\/07-home.jpg\",\"width\":900,\"height\":900,\"caption\":\"Contemporanea Eventi\"},\"image\":{\"@id\":\"https:\\\/\\\/www.contemporaneaeventi.com\\\/es\\\/#\\\/schema\\\/logo\\\/image\\\/\"}}]}<\/script>\n<!-- \/ Yoast SEO plugin. -->","yoast_head_json":{"title":"Dise\u00f1o de interiores - Interiorismo en Barcelona - Contemporanea Eventi","description":"Dise\u00f1amos y personalizamos cualquier espacio para que respire belleza, estilo y transmita la esencia de su due\u00f1o","robots":{"index":"index","follow":"follow","max-snippet":"max-snippet:-1","max-image-preview":"max-image-preview:large","max-video-preview":"max-video-preview:-1"},"canonical":"https:\/\/contemporaneaeventi.com\/es\/stands\/diseno-interiores\/","og_locale":"es_ES","og_type":"article","og_title":"Dise\u00f1o de interiores - Interiorismo en Barcelona - Contemporanea Eventi","og_description":"Dise\u00f1amos y personalizamos cualquier espacio para que respire belleza, estilo y transmita la esencia de su due\u00f1o","og_url":"https:\/\/contemporaneaeventi.com\/es\/stands\/diseno-interiores\/","og_site_name":"Contemporanea Eventi","article_modified_time":"2025-04-29T08:51:52+00:00","og_image":[{"width":512,"height":512,"url":"https:\/\/contemporaneaeventi.com\/wp-content\/uploads\/2023\/08\/cropped-favicon.png","type":"image\/png"}],"twitter_card":"summary_large_image","twitter_misc":{"Tiempo de lectura":"4 minutos"},"schema":{"@context":"https:\/\/schema.org","@graph":[{"@type":"WebPage","@id":"https:\/\/contemporaneaeventi.com\/es\/retail\/diseno-interiores\/","url":"https:\/\/contemporaneaeventi.com\/es\/stands\/diseno-interiores\/","name":"Dise\u00f1o de interiores - Interiorismo en Barcelona - Contemporanea Eventi","isPartOf":{"@id":"https:\/\/www.contemporaneaeventi.com\/es\/#website"},"datePublished":"2022-10-24T08:38:18+00:00","dateModified":"2025-04-29T08:51:52+00:00","description":"Dise\u00f1amos y personalizamos cualquier espacio para que respire belleza, estilo y transmita la esencia de su due\u00f1o","breadcrumb":{"@id":"https:\/\/contemporaneaeventi.com\/es\/stands\/diseno-interiores\/#breadcrumb"},"inLanguage":"es","potentialAction":[{"@type":"ReadAction","target":["https:\/\/contemporaneaeventi.com\/es\/stands\/diseno-interiores\/"]}]},{"@type":"BreadcrumbList","@id":"https:\/\/contemporaneaeventi.com\/es\/stands\/diseno-interiores\/#breadcrumb","itemListElement":[{"@type":"ListItem","position":1,"name":"Portada","item":"https:\/\/contemporaneaeventi.com\/es\/"},{"@type":"ListItem","position":2,"name":"QUE?","item":"https:\/\/contemporaneaeventi.com\/es\/stands\/"},{"@type":"ListItem","position":3,"name":"Dise\u00f1o de interiores"}]},{"@type":"WebSite","@id":"https:\/\/www.contemporaneaeventi.com\/es\/#website","url":"https:\/\/www.contemporaneaeventi.com\/es\/","name":"Contemporanea Eventi","description":"Contemporanea Eventi - WE \u2764 STANDS","publisher":{"@id":"https:\/\/www.contemporaneaeventi.com\/es\/#organization"},"potentialAction":[{"@type":"SearchAction","target":{"@type":"EntryPoint","urlTemplate":"https:\/\/www.contemporaneaeventi.com\/es\/?s={search_term_string}"},"query-input":{"@type":"PropertyValueSpecification","valueRequired":true,"valueName":"search_term_string"}}],"inLanguage":"es"},{"@type":"Organization","@id":"https:\/\/www.contemporaneaeventi.com\/es\/#organization","name":"Contemporanea Eventi","alternateName":"Contemporanea Eventi","url":"https:\/\/www.contemporaneaeventi.com\/es\/","logo":{"@type":"ImageObject","inLanguage":"es","@id":"https:\/\/www.contemporaneaeventi.com\/es\/#\/schema\/logo\/image\/","url":"https:\/\/contemporaneaeventi.com\/wp-content\/uploads\/2023\/05\/07-home.jpg","contentUrl":"https:\/\/contemporaneaeventi.com\/wp-content\/uploads\/2023\/05\/07-home.jpg","width":900,"height":900,"caption":"Contemporanea Eventi"},"image":{"@id":"https:\/\/www.contemporaneaeventi.com\/es\/#\/schema\/logo\/image\/"}}]}},"_links":{"self":[{"href":"https:\/\/contemporaneaeventi.com\/es\/wp-json\/wp\/v2\/pages\/41506","targetHints":{"allow":["GET"]}}],"collection":[{"href":"https:\/\/contemporaneaeventi.com\/es\/wp-json\/wp\/v2\/pages"}],"about":[{"href":"https:\/\/contemporaneaeventi.com\/es\/wp-json\/wp\/v2\/types\/page"}],"author":[{"embeddable":true,"href":"https:\/\/contemporaneaeventi.com\/es\/wp-json\/wp\/v2\/users\/1"}],"replies":[{"embeddable":true,"href":"https:\/\/contemporaneaeventi.com\/es\/wp-json\/wp\/v2\/comments?post=41506"}],"version-history":[{"count":22,"href":"https:\/\/contemporaneaeventi.com\/es\/wp-json\/wp\/v2\/pages\/41506\/revisions"}],"predecessor-version":[{"id":47231,"href":"https:\/\/contemporaneaeventi.com\/es\/wp-json\/wp\/v2\/pages\/41506\/revisions\/47231"}],"up":[{"embeddable":true,"href":"https:\/\/contemporaneaeventi.com\/es\/wp-json\/wp\/v2\/pages\/43852"}],"wp:attachment":[{"href":"https:\/\/contemporaneaeventi.com\/es\/wp-json\/wp\/v2\/media?parent=41506"}],"curies":[{"name":"wp","href":"https:\/\/api.w.org\/{rel}","templated":true}]}}