{"id":41497,"date":"2018-12-26T14:40:05","date_gmt":"2018-12-26T14:40:05","guid":{"rendered":"https:\/\/contemporaneaeventi.com\/politica-de-privacidad\/"},"modified":"2022-12-16T12:08:36","modified_gmt":"2022-12-16T12:08:36","slug":"politica-de-privacidad","status":"publish","type":"page","link":"https:\/\/contemporaneaeventi.com\/es\/politica-de-privacidad\/","title":{"rendered":"Pol\u00edtica de privacidad"},"content":{"rendered":"\n<h2 class=\"wp-block-heading\">Qui\u00e9nes somos<\/h2>\n\n<p>La direcci\u00f3n de nuestro sitio web es: https:\/\/manon.qodeinteractive.com.<\/p>\n\n<h2 class=\"wp-block-heading\">Qu\u00e9 datos personales recogemos y por qu\u00e9 los recogemos<\/h2>\n\n<h3 class=\"wp-block-heading\">Comentarios<\/h3>\n\n<p>Cuando los visitantes dejan comentarios en el sitio, recogemos los datos que aparecen en el formulario de comentarios, as\u00ed como la direcci\u00f3n IP del visitante y la cadena de agentes de usuario del navegador para ayudar a la detecci\u00f3n de spam.<\/p>\n\n<p>Una cadena an\u00f3nima creada a partir de tu direcci\u00f3n de correo electr\u00f3nico (tambi\u00e9n llamada hash) puede ser proporcionada al servicio Gravatar para ver si lo est\u00e1s utilizando. La pol\u00edtica de privacidad del servicio Gravatar est\u00e1 disponible aqu\u00ed: https:\/\/automattic.com\/privacy\/. Tras la aprobaci\u00f3n de tu comentario, tu foto de perfil es visible para el p\u00fablico en el contexto de tu comentario.<\/p>\n\n<h3 class=\"wp-block-heading\">Medios de comunicaci\u00f3n<\/h3>\n\n<p>Si subes im\u00e1genes al sitio web, debes evitar subirlas con datos de ubicaci\u00f3n incrustados (EXIF GPS) incluidos. Los visitantes del sitio web pueden descargar y extraer cualquier dato de localizaci\u00f3n de las im\u00e1genes del sitio web.<\/p>\n\n<h3 class=\"wp-block-heading\">Formularios de contacto<\/h3>\n\n<h3 class=\"wp-block-heading\">Galletas<\/h3>\n\n<p>Si deja un comentario en nuestro sitio, puede optar por guardar su nombre, direcci\u00f3n de correo electr\u00f3nico y sitio web en las cookies. Son para su comodidad, para que no tenga que volver a rellenar sus datos cuando deje otro comentario. Estas galletas durar\u00e1n un a\u00f1o.<\/p>\n\n<p>Si tiene una cuenta y se conecta a este sitio, estableceremos una cookie temporal para determinar si su navegador acepta cookies. Esta cookie no contiene datos personales y se descarta cuando se cierra el navegador.<\/p>\n\n<p>Al iniciar la sesi\u00f3n, tambi\u00e9n se instalar\u00e1n varias cookies para guardar su informaci\u00f3n de inicio de sesi\u00f3n y sus opciones de visualizaci\u00f3n en pantalla. Las cookies de inicio de sesi\u00f3n duran dos d\u00edas, y las de opciones de pantalla duran un a\u00f1o. Si selecciona \u00abRecu\u00e9rdame\u00bb, su inicio de sesi\u00f3n persistir\u00e1 durante dos semanas. Si cierra la sesi\u00f3n de su cuenta, se eliminar\u00e1n las cookies de inicio de sesi\u00f3n.<\/p>\n\n<p>Si edita o publica un art\u00edculo, se guardar\u00e1 una cookie adicional en su navegador. Esta cookie no incluye datos personales y simplemente indica el ID del art\u00edculo que acaba de editar. Caduca al cabo de 1 d\u00eda.<\/p>\n\n<h3 class=\"wp-block-heading\">Contenido incrustado de otros sitios web<\/h3>\n\n<p>Los art\u00edculos de este sitio pueden incluir contenido incrustado (por ejemplo, v\u00eddeos, im\u00e1genes, art\u00edculos, etc.). El contenido incrustado de otros sitios web se comporta exactamente igual que si el visitante hubiera visitado el otro sitio web.<\/p>\n\n<p>Estos sitios web pueden recopilar datos sobre usted, utilizar cookies, incrustar un seguimiento adicional de terceros y supervisar su interacci\u00f3n con ese contenido incrustado, incluido el seguimiento de su interacci\u00f3n con el contenido incrustado si tiene una cuenta y ha iniciado sesi\u00f3n en ese sitio web.<\/p>\n\n<h3 class=\"wp-block-heading\">Anal\u00edtica<\/h3>\n\n<h2 class=\"wp-block-heading\">Con qui\u00e9n compartimos sus datos<\/h2>\n\n<h2 class=\"wp-block-heading\">Cu\u00e1nto tiempo conservamos sus datos<\/h2>\n\n<p>Si deja un comentario, el comentario y sus metadatos se conservan indefinidamente. Esto es para que podamos reconocer y aprobar cualquier comentario de seguimiento autom\u00e1ticamente en lugar de mantenerlos en una cola de moderaci\u00f3n.<\/p>\n\n<p>En el caso de los usuarios que se registran en nuestro sitio web (si los hay), tambi\u00e9n almacenamos la informaci\u00f3n personal que proporcionan en su perfil de usuario. Todos los usuarios pueden ver, editar o eliminar su informaci\u00f3n personal en cualquier momento (excepto que no pueden cambiar su nombre de usuario). Los administradores del sitio web tambi\u00e9n pueden ver y editar esa informaci\u00f3n.<\/p>\n\n<h2 class=\"wp-block-heading\">Qu\u00e9 derechos tiene usted sobre sus datos<\/h2>\n\n<p>Si tiene una cuenta en este sitio, o ha dejado comentarios, puede solicitar que le enviemos un archivo exportado de los datos personales que tenemos sobre usted, incluidos los datos que nos ha proporcionado. Tambi\u00e9n puede solicitar que borremos los datos personales que tenemos sobre usted. Esto no incluye los datos que estamos obligados a conservar por motivos administrativos, legales o de seguridad.<\/p>\n\n<h2 class=\"wp-block-heading\">D\u00f3nde enviamos sus datos<\/h2>\n\n<p>Los comentarios de los visitantes pueden ser revisados a trav\u00e9s de un servicio autom\u00e1tico de detecci\u00f3n de spam.<\/p>\n\n<h2 class=\"wp-block-heading\">Sus datos de contacto<\/h2>\n\n<h2 class=\"wp-block-heading\">Informaci\u00f3n adicional<\/h2>\n\n<h3 class=\"wp-block-heading\">C\u00f3mo protegemos sus datos<\/h3>\n\n<h3 class=\"wp-block-heading\">Qu\u00e9 procedimientos de violaci\u00f3n de datos tenemos en marcha<\/h3>\n\n<h3 class=\"wp-block-heading\">De qu\u00e9 terceros recibimos datos<\/h3>\n\n<h3 class=\"wp-block-heading\">Qu\u00e9 toma de decisiones y\/o elaboraci\u00f3n de perfiles automatizados hacemos con los datos de los usuarios<\/h3>\n\n<h3 class=\"wp-block-heading\">Requisitos de divulgaci\u00f3n de la normativa del sector<\/h3>\n","protected":false},"excerpt":{"rendered":"<p>Qui\u00e9nes somos La direcci\u00f3n de nuestro sitio web es: https:\/\/manon.qodeinteractive.com. Qu\u00e9 datos personales recogemos y por qu\u00e9 los recogemos Comentarios Cuando los visitantes dejan comentarios en el sitio, recogemos los datos que aparecen en el formulario de comentarios, as\u00ed como [&hellip;]<\/p>\n","protected":false},"author":0,"featured_media":0,"parent":0,"menu_order":0,"comment_status":"closed","ping_status":"open","template":"","meta":{"inline_featured_image":false,"footnotes":""},"class_list":["post-41497","page","type-page","status-publish","hentry"],"yoast_head":"<!-- This site is optimized with the Yoast SEO plugin v26.8 - https:\/\/yoast.com\/product\/yoast-seo-wordpress\/ -->\n<title>Pol\u00edtica de privacidad - Contemporanea Eventi<\/title>\n<meta name=\"robots\" content=\"index, follow, max-snippet:-1, max-image-preview:large, max-video-preview:-1\" \/>\n<link rel=\"canonical\" href=\"https:\/\/contemporaneaeventi.com\/es\/politica-de-privacidad\/\" \/>\n<meta property=\"og:locale\" content=\"es_ES\" \/>\n<meta property=\"og:type\" content=\"article\" \/>\n<meta property=\"og:title\" content=\"Pol\u00edtica de privacidad - Contemporanea Eventi\" \/>\n<meta property=\"og:description\" content=\"Qui\u00e9nes somos La direcci\u00f3n de nuestro sitio web es: https:\/\/manon.qodeinteractive.com. Qu\u00e9 datos personales recogemos y por qu\u00e9 los recogemos Comentarios Cuando los visitantes dejan comentarios en el sitio, recogemos los datos que aparecen en el formulario de comentarios, as\u00ed como [&hellip;]\" \/>\n<meta property=\"og:url\" content=\"https:\/\/contemporaneaeventi.com\/es\/politica-de-privacidad\/\" \/>\n<meta property=\"og:site_name\" content=\"Contemporanea Eventi\" \/>\n<meta property=\"article:modified_time\" content=\"2022-12-16T12:08:36+00:00\" \/>\n<meta property=\"og:image\" content=\"https:\/\/contemporaneaeventi.com\/wp-content\/uploads\/2023\/08\/cropped-favicon.png\" \/>\n\t<meta property=\"og:image:width\" content=\"512\" \/>\n\t<meta property=\"og:image:height\" content=\"512\" \/>\n\t<meta property=\"og:image:type\" content=\"image\/png\" \/>\n<meta name=\"twitter:card\" content=\"summary_large_image\" \/>\n<meta name=\"twitter:label1\" content=\"Tiempo de lectura\" \/>\n\t<meta name=\"twitter:data1\" content=\"4 minutos\" \/>\n<script type=\"application\/ld+json\" class=\"yoast-schema-graph\">{\"@context\":\"https:\/\/schema.org\",\"@graph\":[{\"@type\":\"WebPage\",\"@id\":\"https:\/\/contemporaneaeventi.com\/es\/politica-de-privacidad\/\",\"url\":\"https:\/\/contemporaneaeventi.com\/es\/politica-de-privacidad\/\",\"name\":\"Pol\u00edtica de privacidad - Contemporanea Eventi\",\"isPartOf\":{\"@id\":\"https:\/\/www.contemporaneaeventi.com\/es\/#website\"},\"datePublished\":\"2018-12-26T14:40:05+00:00\",\"dateModified\":\"2022-12-16T12:08:36+00:00\",\"breadcrumb\":{\"@id\":\"https:\/\/contemporaneaeventi.com\/es\/politica-de-privacidad\/#breadcrumb\"},\"inLanguage\":\"es\",\"potentialAction\":[{\"@type\":\"ReadAction\",\"target\":[\"https:\/\/contemporaneaeventi.com\/es\/politica-de-privacidad\/\"]}]},{\"@type\":\"BreadcrumbList\",\"@id\":\"https:\/\/contemporaneaeventi.com\/es\/politica-de-privacidad\/#breadcrumb\",\"itemListElement\":[{\"@type\":\"ListItem\",\"position\":1,\"name\":\"Portada\",\"item\":\"https:\/\/contemporaneaeventi.com\/es\/\"},{\"@type\":\"ListItem\",\"position\":2,\"name\":\"Pol\u00edtica de privacidad\"}]},{\"@type\":\"WebSite\",\"@id\":\"https:\/\/www.contemporaneaeventi.com\/es\/#website\",\"url\":\"https:\/\/www.contemporaneaeventi.com\/es\/\",\"name\":\"Contemporanea Eventi\",\"description\":\"Contemporanea Eventi - WE \u2764 STANDS\",\"publisher\":{\"@id\":\"https:\/\/www.contemporaneaeventi.com\/es\/#organization\"},\"potentialAction\":[{\"@type\":\"SearchAction\",\"target\":{\"@type\":\"EntryPoint\",\"urlTemplate\":\"https:\/\/www.contemporaneaeventi.com\/es\/?s={search_term_string}\"},\"query-input\":{\"@type\":\"PropertyValueSpecification\",\"valueRequired\":true,\"valueName\":\"search_term_string\"}}],\"inLanguage\":\"es\"},{\"@type\":\"Organization\",\"@id\":\"https:\/\/www.contemporaneaeventi.com\/es\/#organization\",\"name\":\"Contemporanea Eventi\",\"alternateName\":\"Contemporanea Eventi\",\"url\":\"https:\/\/www.contemporaneaeventi.com\/es\/\",\"logo\":{\"@type\":\"ImageObject\",\"inLanguage\":\"es\",\"@id\":\"https:\/\/www.contemporaneaeventi.com\/es\/#\/schema\/logo\/image\/\",\"url\":\"https:\/\/contemporaneaeventi.com\/wp-content\/uploads\/2023\/05\/07-home.jpg\",\"contentUrl\":\"https:\/\/contemporaneaeventi.com\/wp-content\/uploads\/2023\/05\/07-home.jpg\",\"width\":900,\"height\":900,\"caption\":\"Contemporanea Eventi\"},\"image\":{\"@id\":\"https:\/\/www.contemporaneaeventi.com\/es\/#\/schema\/logo\/image\/\"}}]}<\/script>\n<!-- \/ Yoast SEO plugin. -->","yoast_head_json":{"title":"Pol\u00edtica de privacidad - Contemporanea Eventi","robots":{"index":"index","follow":"follow","max-snippet":"max-snippet:-1","max-image-preview":"max-image-preview:large","max-video-preview":"max-video-preview:-1"},"canonical":"https:\/\/contemporaneaeventi.com\/es\/politica-de-privacidad\/","og_locale":"es_ES","og_type":"article","og_title":"Pol\u00edtica de privacidad - Contemporanea Eventi","og_description":"Qui\u00e9nes somos La direcci\u00f3n de nuestro sitio web es: https:\/\/manon.qodeinteractive.com. Qu\u00e9 datos personales recogemos y por qu\u00e9 los recogemos Comentarios Cuando los visitantes dejan comentarios en el sitio, recogemos los datos que aparecen en el formulario de comentarios, as\u00ed como [&hellip;]","og_url":"https:\/\/contemporaneaeventi.com\/es\/politica-de-privacidad\/","og_site_name":"Contemporanea Eventi","article_modified_time":"2022-12-16T12:08:36+00:00","og_image":[{"width":512,"height":512,"url":"https:\/\/contemporaneaeventi.com\/wp-content\/uploads\/2023\/08\/cropped-favicon.png","type":"image\/png"}],"twitter_card":"summary_large_image","twitter_misc":{"Tiempo de lectura":"4 minutos"},"schema":{"@context":"https:\/\/schema.org","@graph":[{"@type":"WebPage","@id":"https:\/\/contemporaneaeventi.com\/es\/politica-de-privacidad\/","url":"https:\/\/contemporaneaeventi.com\/es\/politica-de-privacidad\/","name":"Pol\u00edtica de privacidad - Contemporanea Eventi","isPartOf":{"@id":"https:\/\/www.contemporaneaeventi.com\/es\/#website"},"datePublished":"2018-12-26T14:40:05+00:00","dateModified":"2022-12-16T12:08:36+00:00","breadcrumb":{"@id":"https:\/\/contemporaneaeventi.com\/es\/politica-de-privacidad\/#breadcrumb"},"inLanguage":"es","potentialAction":[{"@type":"ReadAction","target":["https:\/\/contemporaneaeventi.com\/es\/politica-de-privacidad\/"]}]},{"@type":"BreadcrumbList","@id":"https:\/\/contemporaneaeventi.com\/es\/politica-de-privacidad\/#breadcrumb","itemListElement":[{"@type":"ListItem","position":1,"name":"Portada","item":"https:\/\/contemporaneaeventi.com\/es\/"},{"@type":"ListItem","position":2,"name":"Pol\u00edtica de privacidad"}]},{"@type":"WebSite","@id":"https:\/\/www.contemporaneaeventi.com\/es\/#website","url":"https:\/\/www.contemporaneaeventi.com\/es\/","name":"Contemporanea Eventi","description":"Contemporanea Eventi - WE \u2764 STANDS","publisher":{"@id":"https:\/\/www.contemporaneaeventi.com\/es\/#organization"},"potentialAction":[{"@type":"SearchAction","target":{"@type":"EntryPoint","urlTemplate":"https:\/\/www.contemporaneaeventi.com\/es\/?s={search_term_string}"},"query-input":{"@type":"PropertyValueSpecification","valueRequired":true,"valueName":"search_term_string"}}],"inLanguage":"es"},{"@type":"Organization","@id":"https:\/\/www.contemporaneaeventi.com\/es\/#organization","name":"Contemporanea Eventi","alternateName":"Contemporanea Eventi","url":"https:\/\/www.contemporaneaeventi.com\/es\/","logo":{"@type":"ImageObject","inLanguage":"es","@id":"https:\/\/www.contemporaneaeventi.com\/es\/#\/schema\/logo\/image\/","url":"https:\/\/contemporaneaeventi.com\/wp-content\/uploads\/2023\/05\/07-home.jpg","contentUrl":"https:\/\/contemporaneaeventi.com\/wp-content\/uploads\/2023\/05\/07-home.jpg","width":900,"height":900,"caption":"Contemporanea Eventi"},"image":{"@id":"https:\/\/www.contemporaneaeventi.com\/es\/#\/schema\/logo\/image\/"}}]}},"_links":{"self":[{"href":"https:\/\/contemporaneaeventi.com\/es\/wp-json\/wp\/v2\/pages\/41497","targetHints":{"allow":["GET"]}}],"collection":[{"href":"https:\/\/contemporaneaeventi.com\/es\/wp-json\/wp\/v2\/pages"}],"about":[{"href":"https:\/\/contemporaneaeventi.com\/es\/wp-json\/wp\/v2\/types\/page"}],"replies":[{"embeddable":true,"href":"https:\/\/contemporaneaeventi.com\/es\/wp-json\/wp\/v2\/comments?post=41497"}],"version-history":[{"count":1,"href":"https:\/\/contemporaneaeventi.com\/es\/wp-json\/wp\/v2\/pages\/41497\/revisions"}],"predecessor-version":[{"id":41502,"href":"https:\/\/contemporaneaeventi.com\/es\/wp-json\/wp\/v2\/pages\/41497\/revisions\/41502"}],"wp:attachment":[{"href":"https:\/\/contemporaneaeventi.com\/es\/wp-json\/wp\/v2\/media?parent=41497"}],"curies":[{"name":"wp","href":"https:\/\/api.w.org\/{rel}","templated":true}]}}